{"id":2570,"date":"2025-10-10T12:40:02","date_gmt":"2025-10-10T04:40:02","guid":{"rendered":"https:\/\/hrsaircompressor.com\/?page_id=2570"},"modified":"2025-10-10T14:22:23","modified_gmt":"2025-10-10T06:22:23","slug":"privacy-policy","status":"publish","type":"page","link":"https:\/\/hrsaircompressor.com\/es\/privacy-policy\/","title":{"rendered":"Pol\u00edtica de Privacidad"},"content":{"rendered":"<div data-elementor-type=\"wp-page\" data-elementor-id=\"2570\" class=\"elementor elementor-2570\" data-elementor-post-type=\"page\">\n\t\t\t\t\t\t<section class=\"elementor-section elementor-top-section elementor-element elementor-element-4a3fa43 elementor-section-boxed elementor-section-height-default elementor-section-height-default\" data-id=\"4a3fa43\" data-element_type=\"section\" data-e-type=\"section\">\n\t\t\t\t\t\t<div class=\"elementor-container elementor-column-gap-no\">\n\t\t\t\t\t<div class=\"elementor-column elementor-col-100 elementor-top-column elementor-element elementor-element-df96500\" data-id=\"df96500\" data-element_type=\"column\" data-e-type=\"column\">\n\t\t\t<div class=\"elementor-widget-wrap elementor-element-populated\">\n\t\t\t\t\t\t<div class=\"elementor-element elementor-element-4aea7cc elementor-widget elementor-widget-text-editor\" data-id=\"4aea7cc\" data-element_type=\"widget\" data-e-type=\"widget\" data-widget_type=\"text-editor.default\">\n\t\t\t\t<div class=\"elementor-widget-container\">\n\t\t\t\t\t\t\t\t\t<p>Valoramos su privacidad y estamos comprometidos a proteger su informaci\u00f3n personal.<br \/>Cuando complete un formulario de contacto o se comunique con nosotros, podemos recopilar su nombre, direcci\u00f3n de correo electr\u00f3nico, n\u00famero de WhatsApp, nombre de la empresa u otros datos de contacto.<\/p><p>Usamos esta informaci\u00f3n \u00fanicamente para proporcionarle cotizaciones de productos, informaci\u00f3n t\u00e9cnica y soporte al cliente.<br \/>Su informaci\u00f3n no ser\u00e1 vendida, alquilada ni compartida con terceros.<br \/>Todos los datos se almacenan de manera segura y solo el personal autorizado de nuestra empresa puede acceder a ellos.<\/p><p>Si desea actualizar o eliminar su informaci\u00f3n personal, por favor cont\u00e1ctenos en:<br \/>info@aircomprs.com<\/p><p>Gracias por su confianza y apoyo.<\/p>\t\t\t\t\t\t\t\t<\/div>\n\t\t\t\t<\/div>\n\t\t\t\t\t<\/div>\n\t\t<\/div>\n\t\t\t\t\t<\/div>\n\t\t<\/section>\n\t\t\t\t<\/div>","protected":false},"excerpt":{"rendered":"<p>We value your privacy and are committed to protecting your personal information.When you fill out a contact form or communicate with us, we may collect your name, email address, WhatsApp number, company name, or other contact details. We use this information only to provide product quotations, technical information, and customer support.Your information will not be [&hellip;]<\/p>","protected":false},"author":1,"featured_media":0,"parent":0,"menu_order":0,"comment_status":"closed","ping_status":"closed","template":"tpl-default-elementor.php","meta":{"footnotes":""},"class_list":["post-2570","page","type-page","status-publish","hentry"],"_links":{"self":[{"href":"https:\/\/hrsaircompressor.com\/es\/wp-json\/wp\/v2\/pages\/2570","targetHints":{"allow":["GET"]}}],"collection":[{"href":"https:\/\/hrsaircompressor.com\/es\/wp-json\/wp\/v2\/pages"}],"about":[{"href":"https:\/\/hrsaircompressor.com\/es\/wp-json\/wp\/v2\/types\/page"}],"author":[{"embeddable":true,"href":"https:\/\/hrsaircompressor.com\/es\/wp-json\/wp\/v2\/users\/1"}],"replies":[{"embeddable":true,"href":"https:\/\/hrsaircompressor.com\/es\/wp-json\/wp\/v2\/comments?post=2570"}],"version-history":[{"count":4,"href":"https:\/\/hrsaircompressor.com\/es\/wp-json\/wp\/v2\/pages\/2570\/revisions"}],"predecessor-version":[{"id":2577,"href":"https:\/\/hrsaircompressor.com\/es\/wp-json\/wp\/v2\/pages\/2570\/revisions\/2577"}],"wp:attachment":[{"href":"https:\/\/hrsaircompressor.com\/es\/wp-json\/wp\/v2\/media?parent=2570"}],"curies":[{"name":"wp","href":"https:\/\/api.w.org\/{rel}","templated":true}]}}