{"id":2036,"date":"2025-04-10T10:20:33","date_gmt":"2025-04-10T02:20:33","guid":{"rendered":"http:\/\/hrsaircompressor.com\/?post_type=product&#038;p=2036"},"modified":"2025-05-12T11:14:29","modified_gmt":"2025-05-12T03:14:29","slug":"re-series-power-frequency-screw-air-compressor-power-frequency-30hp","status":"publish","type":"product","link":"https:\/\/hrsaircompressor.com\/es\/producto\/re-series-power-frequency-screw-air-compressor-power-frequency-30hp\/","title":{"rendered":"La serie RE frecuencia de alimentaci\u00f3n compresor de aire de tornillo de alimentaci\u00f3n frecuencia de 30HP"},"content":{"rendered":"<ol>\n<li>\n<h4>Screw air compressors offer high stability, efficiency, low vibration, and low noise.<\/h4>\n<\/li>\n<li>\n<h4>Equipped with a high-performance airend, ensuring excellent performance, reliable operation, and high efficiency.<\/h4>\n<\/li>\n<li>\n<h4>The injected lubricating oil provides sealing, cooling, noise reduction, and lubrication functions.<\/h4>\n<\/li>\n<li>\n<h4>Compared to piston compressors, screw compressors have fewer wear parts and a lower failure rate.<\/h4>\n<\/li>\n<li>\n<h4>Cooling methods are generally classified into water cooling and air cooling.<\/h4>\n<\/li>\n<li>\n<h4>Cooling system: Designed with a plate-fin structure and high-quality materials to ensure pressure resistance, high cooling efficiency, and excellent corrosion resistance.<\/h4>\n<\/li>\n<li>\n<h4>Intelligent controller: All operational functions and relevant data of the air compressor are displayed on the control panel, allowing for simple, convenient, and precise fingertip operation.<\/h4>\n<\/li>\n<\/ol>\n<p><strong>Hareyes RE Series Fixed Speed Screw Air Compressor Technical Parameters<\/strong><\/p>\n<div style=\"overflow-x: auto;\">\n<table style=\"border-collapse: collapse; border: 1px solid black;\" border=\"1\" width=\"2022\" cellspacing=\"0\" cellpadding=\"5\">\n<tbody>\n<tr>\n<td style=\"border: 1px solid black;\" colspan=\"2\" width=\"298\">Modelo<\/td>\n<td style=\"border: 1px solid black;\" width=\"120\">RE-10<\/td>\n<td style=\"border: 1px solid black;\" width=\"120\">RE -15<\/td>\n<td style=\"border: 1px solid black;\" width=\"105\">RE -20<\/td>\n<td style=\"border: 1px solid black;\" width=\"100\">RE -30<\/td>\n<td style=\"border: 1px solid black;\" width=\"99\">RE -40<\/td>\n<td style=\"border: 1px solid black;\" width=\"99\">RE -50<\/td>\n<td style=\"border: 1px solid black;\" width=\"105\">RE -60<\/td>\n<td style=\"border: 1px solid black;\" width=\"99\">RE -75<\/td>\n<td style=\"border: 1px solid black;\" width=\"109\">RE -100<\/td>\n<td style=\"border: 1px solid black;\" width=\"109\">RE -125<\/td>\n<td style=\"border: 1px solid black;\" width=\"109\">RE -150<\/td>\n<td style=\"border: 1px solid black;\" width=\"109\">RE -175<\/td>\n<td style=\"border: 1px solid black;\" width=\"109\">RE -200<\/td>\n<td style=\"border: 1px solid black;\" width=\"109\">RE -250<\/td>\n<td style=\"border: 1px solid black;\" width=\"109\">RE -300<\/td>\n<td style=\"border: 1px solid black;\" width=\"109\">RE -350<\/td>\n<\/tr>\n<tr>\n<td style=\"border: 1px solid black;\" colspan=\"2\" rowspan=\"4\" width=\"298\">De Suministro De Aire \/ Presi\u00f3n De Descarga De La<br \/>\n\uff08m3\/min\/Mpa\/Bar)<\/td>\n<td style=\"border: 1px solid black;\">1.2\/0.7\/7<\/td>\n<td style=\"border: 1px solid black;\">1.7\/0.7\/7<\/td>\n<td style=\"border: 1px solid black;\">2.45\/0.7\/7<\/td>\n<td style=\"border: 1px solid black;\">3.5\/0.7\/7<\/td>\n<td style=\"border: 1px solid black;\">5.1\/0.7\/7<\/td>\n<td style=\"border: 1px solid black;\">6.5\/0.7\/7<\/td>\n<td style=\"border: 1px solid black;\">7.4\/0.7\/7<\/td>\n<td style=\"border: 1px solid black;\">10.7\/0.7\/7<\/td>\n<td style=\"border: 1px solid black;\">13.7\/0.7\/7<\/td>\n<td style=\"border: 1px solid black;\">16.3\/0.7\/7<\/td>\n<td style=\"border: 1px solid black;\">21.4\/0.7\/7<\/td>\n<td style=\"border: 1px solid black;\">25.3\/0.7\/7<\/td>\n<td style=\"border: 1px solid black;\">29\/0.7\/7<\/td>\n<td style=\"border: 1px solid black;\">33.5\/0.7\/7<\/td>\n<td style=\"border: 1px solid black;\">43\/0.7\/7<\/td>\n<td style=\"border: 1px solid black;\">45\/0.7\/7<\/td>\n<\/tr>\n<tr>\n<td style=\"border: 1px solid black;\">1.1\/0.8\/8<\/td>\n<td style=\"border: 1px solid black;\">1.6\/0.8\/8<\/td>\n<td style=\"border: 1px solid black;\">2.3\/0.8\/8<\/td>\n<td style=\"border: 1px solid black;\">3.4\/0.8\/8<\/td>\n<td style=\"border: 1px solid black;\">5.0\/0.8\/8<\/td>\n<td style=\"border: 1px solid black;\">6.2\/0.8\/8<\/td>\n<td style=\"border: 1px solid black;\">7.2\/0.8\/8<\/td>\n<td style=\"border: 1px solid black;\">10\/0.8\/8<\/td>\n<td style=\"border: 1px solid black;\">12.6\/0.8\/8<\/td>\n<td style=\"border: 1px solid black;\">15.7\/0.8\/8<\/td>\n<td style=\"border: 1px solid black;\">20\/0.8\/8<\/td>\n<td style=\"border: 1px solid black;\">24\/0.8\/8<\/td>\n<td style=\"border: 1px solid black;\">28\/0.8\/8<\/td>\n<td style=\"border: 1px solid black;\">32\/0.8\/8<\/td>\n<td style=\"border: 1px solid black;\">42\/0.8\/8<\/td>\n<td style=\"border: 1px solid black;\">43\/0.8\/8<\/td>\n<\/tr>\n<tr>\n<td style=\"border: 1px solid black;\">0.9\/1.0\/10<\/td>\n<td style=\"border: 1px solid black;\">1.3\/1.0\/10<\/td>\n<td style=\"border: 1px solid black;\">1.96\/1.0\/10<\/td>\n<td style=\"border: 1px solid black;\">3.1\/1.0\/10<\/td>\n<td style=\"border: 1px solid black;\">4.4\/1.0\/10<\/td>\n<td style=\"border: 1px solid black;\">5.7\/1.0\/10<\/td>\n<td style=\"border: 1px solid black;\">6.7\/1.0\/10<\/td>\n<td style=\"border: 1px solid black;\">8.6\/1.0\/10<\/td>\n<td style=\"border: 1px solid black;\">11\/1.0\/10<\/td>\n<td style=\"border: 1px solid black;\">14.2\/1.0\/10<\/td>\n<td style=\"border: 1px solid black;\">18\/1.0\/10<\/td>\n<td style=\"border: 1px solid black;\">20.8\/1.0\/10<\/td>\n<td style=\"border: 1px solid black;\">25\/1.0\/10<\/td>\n<td style=\"border: 1px solid black;\">29\/1.0\/10<\/td>\n<td style=\"border: 1px solid black;\">36\/1.0\/10<\/td>\n<td style=\"border: 1px solid black;\">39\/1.0\/10<\/td>\n<\/tr>\n<tr>\n<td style=\"border: 1px solid black;\">0.8\/1.2\/12<\/td>\n<td style=\"border: 1px solid black;\">1.0\/1.2\/12<\/td>\n<td style=\"border: 1px solid black;\">1.56\/1.2\/12<\/td>\n<td style=\"border: 1px solid black;\">2.8\/1.2\/12<\/td>\n<td style=\"border: 1px solid black;\">4.0\/1.2\/12<\/td>\n<td style=\"border: 1px solid black;\">5.0\/1.2\/12<\/td>\n<td style=\"border: 1px solid black;\">5.9\/1.2\/12<\/td>\n<td style=\"border: 1px solid black;\">7.5\/1.2\/12<\/td>\n<td style=\"border: 1px solid black;\">10.3\/1.2\/12<\/td>\n<td style=\"border: 1px solid black;\">12.8\/1.2\/12<\/td>\n<td style=\"border: 1px solid black;\">16.5\/1.2\/12<\/td>\n<td style=\"border: 1px solid black;\">18.8\/1.2\/12<\/td>\n<td style=\"border: 1px solid black;\">23.5\/1.2\/12<\/td>\n<td style=\"border: 1px solid black;\">25.5\/1.2\/12<\/td>\n<td style=\"border: 1px solid black;\">32\/1.2\/12<\/td>\n<td style=\"border: 1px solid black;\">36\/1.2\/12<\/td>\n<\/tr>\n<tr>\n<td style=\"border: 1px solid black;\" colspan=\"2\" width=\"298\">Etapa De Compresi\u00f3n<\/td>\n<td style=\"border: 1px solid black;\" colspan=\"16\">De Una Sola Etapa<\/td>\n<\/tr>\n<tr>\n<td style=\"border: 1px solid black;\" colspan=\"2\">Volume of lubricating oil (L)<\/td>\n<td style=\"border: 1px solid black;\">8<\/td>\n<td style=\"border: 1px solid black;\">10<\/td>\n<td style=\"border: 1px solid black;\">10<\/td>\n<td style=\"border: 1px solid black;\">12<\/td>\n<td style=\"border: 1px solid black;\">22<\/td>\n<td style=\"border: 1px solid black;\">22<\/td>\n<td style=\"border: 1px solid black;\">22<\/td>\n<td style=\"border: 1px solid black;\">54<\/td>\n<td style=\"border: 1px solid black;\">54<\/td>\n<td style=\"border: 1px solid black;\">72<\/td>\n<td style=\"border: 1px solid black;\">72<\/td>\n<td style=\"border: 1px solid black;\">90<\/td>\n<td style=\"border: 1px solid black;\">90<\/td>\n<td style=\"border: 1px solid black;\">125<\/td>\n<td style=\"border: 1px solid black;\">180<\/td>\n<td style=\"border: 1px solid black;\">180<\/td>\n<\/tr>\n<tr>\n<td style=\"border: 1px solid black;\" colspan=\"2\" width=\"298\">Noise Level dB(A)<\/td>\n<td style=\"border: 1px solid black;\">68\u00b12<\/td>\n<td style=\"border: 1px solid black;\" colspan=\"5\">70\u00b12<\/td>\n<td style=\"border: 1px solid black;\" colspan=\"5\">75\u00b12<\/td>\n<td style=\"border: 1px solid black;\" colspan=\"2\">78\u00b12<\/td>\n<td style=\"border: 1px solid black;\" colspan=\"3\">80\u00b12<\/td>\n<\/tr>\n<tr>\n<td style=\"border: 1px solid black;\" colspan=\"2\">Drive Method<\/td>\n<td style=\"border: 1px solid black;\" colspan=\"16\" width=\"1723\">Direct Driven<\/td>\n<\/tr>\n<tr>\n<td style=\"border: 1px solid black;\" colspan=\"2\">Fuente De Alimentaci\u00f3n<\/td>\n<td style=\"border: 1px solid black;\" colspan=\"16\">380V\/50Hz (Personalizables para Diferentes Tensiones y Frecuencias)<\/td>\n<\/tr>\n<tr>\n<td style=\"border: 1px solid black;\" colspan=\"2\" width=\"298\">\u529f\u7387<br \/>\nMotor Power\uff08kw\/HP\uff09<\/td>\n<td style=\"border: 1px solid black;\">7.5\/10<\/td>\n<td style=\"border: 1px solid black;\">11\/15<\/td>\n<td style=\"border: 1px solid black;\">15\/20<\/td>\n<td style=\"border: 1px solid black;\">22\/30<\/td>\n<td style=\"border: 1px solid black;\">30\/40<\/td>\n<td style=\"border: 1px solid black;\">37\/50<\/td>\n<td style=\"border: 1px solid black;\">45\/60<\/td>\n<td style=\"border: 1px solid black;\">55\/75<\/td>\n<td style=\"border: 1px solid black;\">75\/100<\/td>\n<td style=\"border: 1px solid black;\">90\/125<\/td>\n<td style=\"border: 1px solid black;\">110\/150<\/td>\n<td style=\"border: 1px solid black;\">132\/175<\/td>\n<td style=\"border: 1px solid black;\">160\/200<\/td>\n<td style=\"border: 1px solid black;\">185\/250<\/td>\n<td style=\"border: 1px solid black;\">220\/300<\/td>\n<td style=\"border: 1px solid black;\">250\/350<\/td>\n<\/tr>\n<tr>\n<td style=\"border: 1px solid black;\" colspan=\"2\">Starting mode<\/td>\n<td style=\"border: 1px solid black;\" colspan=\"16\">Star Delta Starting (Y-\u25b3 Starting)<\/td>\n<\/tr>\n<tr>\n<td style=\"border: 1px solid black;\" rowspan=\"3\">Dimensiones<\/td>\n<td style=\"border: 1px solid black;\">Longitud mm<\/td>\n<td style=\"border: 1px solid black;\">900<\/td>\n<td style=\"border: 1px solid black;\">1120<\/td>\n<td style=\"border: 1px solid black;\">1120<\/td>\n<td style=\"border: 1px solid black;\">1340<\/td>\n<td style=\"border: 1px solid black;\">1500<\/td>\n<td style=\"border: 1px solid black;\">1500<\/td>\n<td style=\"border: 1px solid black;\">1500<\/td>\n<td style=\"border: 1px solid black;\">1800<\/td>\n<td style=\"border: 1px solid black;\">1800<\/td>\n<td style=\"border: 1px solid black;\">1800<\/td>\n<td style=\"border: 1px solid black;\">2400<\/td>\n<td style=\"border: 1px solid black;\">2400<\/td>\n<td style=\"border: 1px solid black;\">2930<\/td>\n<td style=\"border: 1px solid black;\">2930<\/td>\n<td style=\"border: 1px solid black;\">3340<\/td>\n<td style=\"border: 1px solid black;\">3340<\/td>\n<\/tr>\n<tr>\n<td style=\"border: 1px solid black;\">Ancho mm<\/td>\n<td style=\"border: 1px solid black;\">660<\/td>\n<td style=\"border: 1px solid black;\">760<\/td>\n<td style=\"border: 1px solid black;\">760<\/td>\n<td style=\"border: 1px solid black;\">880<\/td>\n<td style=\"border: 1px solid black;\">980<\/td>\n<td style=\"border: 1px solid black;\">980<\/td>\n<td style=\"border: 1px solid black;\">980<\/td>\n<td style=\"border: 1px solid black;\">1250<\/td>\n<td style=\"border: 1px solid black;\">1250<\/td>\n<td style=\"border: 1px solid black;\">1250<\/td>\n<td style=\"border: 1px solid black;\">1470<\/td>\n<td style=\"border: 1px solid black;\">1470<\/td>\n<td style=\"border: 1px solid black;\">2040<\/td>\n<td style=\"border: 1px solid black;\">2040<\/td>\n<td style=\"border: 1px solid black;\">2120<\/td>\n<td style=\"border: 1px solid black;\">2120<\/td>\n<\/tr>\n<tr>\n<td style=\"border: 1px solid black;\">Altura mm<\/td>\n<td style=\"border: 1px solid black;\">900<\/td>\n<td style=\"border: 1px solid black;\">1020<\/td>\n<td style=\"border: 1px solid black;\">1020<\/td>\n<td style=\"border: 1px solid black;\">1180<\/td>\n<td style=\"border: 1px solid black;\">1300<\/td>\n<td style=\"border: 1px solid black;\">1300<\/td>\n<td style=\"border: 1px solid black;\">1300<\/td>\n<td style=\"border: 1px solid black;\">1660<\/td>\n<td style=\"border: 1px solid black;\">1660<\/td>\n<td style=\"border: 1px solid black;\">1660<\/td>\n<td style=\"border: 1px solid black;\">1840<\/td>\n<td style=\"border: 1px solid black;\">1840<\/td>\n<td style=\"border: 1px solid black;\">2140<\/td>\n<td style=\"border: 1px solid black;\">2140<\/td>\n<td style=\"border: 1px solid black;\">2560<\/td>\n<td style=\"border: 1px solid black;\">2560<\/td>\n<\/tr>\n<tr>\n<td style=\"border: 1px solid black;\">Peso Neto<\/td>\n<td style=\"border: 1px solid black;\">KG<\/td>\n<td style=\"border: 1px solid black;\">140<\/td>\n<td style=\"border: 1px solid black;\">255<\/td>\n<td style=\"border: 1px solid black;\">260<\/td>\n<td style=\"border: 1px solid black;\">380<\/td>\n<td style=\"border: 1px solid black;\">495<\/td>\n<td style=\"border: 1px solid black;\">515<\/td>\n<td style=\"border: 1px solid black;\">525<\/td>\n<td style=\"border: 1px solid black;\">960<\/td>\n<td style=\"border: 1px solid black;\">1095<\/td>\n<td style=\"border: 1px solid black;\">1125<\/td>\n<td style=\"border: 1px solid black;\">1650<\/td>\n<td style=\"border: 1px solid black;\">1770<\/td>\n<td style=\"border: 1px solid black;\">3300<\/td>\n<td style=\"border: 1px solid black;\">3650<\/td>\n<td style=\"border: 1px solid black;\">4300<\/td>\n<td style=\"border: 1px solid black;\">4850<\/td>\n<\/tr>\n<tr>\n<td style=\"border: 1px solid black;\" colspan=\"2\" width=\"298\">Di\u00e1metro del Tubo de salida (pulgadas)<\/td>\n<td style=\"border: 1px solid black;\" colspan=\"3\">G3\/4&#034;<\/td>\n<td style=\"border: 1px solid black;\">G1&#034;<\/td>\n<td style=\"border: 1px solid black;\" colspan=\"3\">G1-1\/2&#034;<\/td>\n<td style=\"border: 1px solid black;\" colspan=\"3\">G2&#034;<\/td>\n<td style=\"border: 1px solid black;\" colspan=\"2\">G2-1\/2&#034;<\/td>\n<td style=\"border: 1px solid black;\" colspan=\"2\">DN80<\/td>\n<td style=\"border: 1px solid black;\" colspan=\"2\">DN100<\/td>\n<\/tr>\n<\/tbody>\n<\/table>\n<\/div>\n<p><strong>Nota:<\/strong> La empresa mejora continuamente sus productos y se reserva el derecho a modificar los dise\u00f1os. Final de los par\u00e1metros est\u00e1n sujetos a la m\u00e1quina real, y se pueden hacer cambios sin previo aviso.<\/p>","protected":false},"excerpt":{"rendered":"<ul>\n<li>\n<p class=\"ds-markdown-paragraph\"><strong>Superior Performance<\/strong><\/p>\n<\/li>\n<li>\n<p class=\"ds-markdown-paragraph\"><strong>High-Performance Airend<\/strong><\/p>\n<\/li>\n<li>\n<p class=\"ds-markdown-paragraph\"><strong>Multi-Function Lubrication<\/strong><\/p>\n<\/li>\n<li>\n<p class=\"ds-markdown-paragraph\"><strong>Low Maintenance<\/strong><\/p>\n<\/li>\n<li>\n<p class=\"ds-markdown-paragraph\"><strong>Flexible Cooling Options<\/strong><\/p>\n<\/li>\n<li>\n<p class=\"ds-markdown-paragraph\"><strong>Efficient Cooling System<\/strong><\/p>\n<\/li>\n<li>\n<p class=\"ds-markdown-paragraph\"><strong>Smart Control Panel<\/strong><\/p>\n<\/li>\n<\/ul>","protected":false},"featured_media":2037,"comment_status":"open","ping_status":"closed","template":"","meta":[],"product_brand":[],"product_cat":[33],"product_tag":[],"class_list":{"0":"post-2036","1":"product","2":"type-product","3":"status-publish","4":"has-post-thumbnail","6":"product_cat-air-compressor","8":"first","9":"instock","10":"shipping-taxable","11":"product-type-simple"},"_links":{"self":[{"href":"https:\/\/hrsaircompressor.com\/es\/wp-json\/wp\/v2\/product\/2036","targetHints":{"allow":["GET"]}}],"collection":[{"href":"https:\/\/hrsaircompressor.com\/es\/wp-json\/wp\/v2\/product"}],"about":[{"href":"https:\/\/hrsaircompressor.com\/es\/wp-json\/wp\/v2\/types\/product"}],"replies":[{"embeddable":true,"href":"https:\/\/hrsaircompressor.com\/es\/wp-json\/wp\/v2\/comments?post=2036"}],"wp:featuredmedia":[{"embeddable":true,"href":"https:\/\/hrsaircompressor.com\/es\/wp-json\/wp\/v2\/media\/2037"}],"wp:attachment":[{"href":"https:\/\/hrsaircompressor.com\/es\/wp-json\/wp\/v2\/media?parent=2036"}],"wp:term":[{"taxonomy":"product_brand","embeddable":true,"href":"https:\/\/hrsaircompressor.com\/es\/wp-json\/wp\/v2\/product_brand?post=2036"},{"taxonomy":"product_cat","embeddable":true,"href":"https:\/\/hrsaircompressor.com\/es\/wp-json\/wp\/v2\/product_cat?post=2036"},{"taxonomy":"product_tag","embeddable":true,"href":"https:\/\/hrsaircompressor.com\/es\/wp-json\/wp\/v2\/product_tag?post=2036"}],"curies":[{"name":"wp","href":"https:\/\/api.w.org\/{rel}","templated":true}]}}