{"id":2046,"date":"2025-04-10T09:45:14","date_gmt":"2025-04-10T01:45:14","guid":{"rendered":"http:\/\/hrsaircompressor.com\/?post_type=product&#038;p=2046"},"modified":"2025-05-12T11:11:52","modified_gmt":"2025-05-12T03:11:52","slug":"re-series-vertical-two-stage-compression-permanent-magnet-variable-frequency-screw-air-compressor","status":"publish","type":"product","link":"https:\/\/hrsaircompressor.com\/es\/producto\/re-series-vertical-two-stage-compression-permanent-magnet-variable-frequency-screw-air-compressor\/","title":{"rendered":"RE vertical de la serie de dos etapas de compresi\u00f3n de im\u00e1n permanente de frecuencia variable del compresor de aire de tornillo"},"content":{"rendered":"<div style=\"overflow-x: auto;\">\n<ol>\n<li>\n<h4>Adopts internationally advanced vertical two-stage compression screw compressor host, reducing the compression ratio of each stage, minimizing internal leakage, and improving volumetric efficiency. Uses a large diameter rotor, significantly improving the working efficiency compared to a single-stage compressor host, achieving the highest level of exhaust air volume.<\/h4>\n<\/li>\n<li>\n<h4>Adopts an IE4 permanent magnet synchronous motor, which is more energy-efficient than conventional induction motors and high-efficiency induction motors. The variable frequency soft start reduces the peak current during startup, ensuring smooth operation and lowering power supply equipment costs.<\/h4>\n<\/li>\n<li>\n<h4>Reduces energy consumption through optimal flow and pressure control, keeping pressure fluctuation within \u00b10.01 MPa, and uses optimal power to precisely provide the necessary exhaust volume.<\/h4>\n<\/li>\n<li>\n<h4>The entire machine uses split direct drive transmission, offering high reliability, low noise, and easy maintenance.<\/h4>\n<\/li>\n<li>\n<h4>Totalmente de control inteligente, condiciones de operaci\u00f3n del sistema muestran din\u00e1micamente, con monitorizaci\u00f3n en tiempo real de los par\u00e1metros importantes.<\/h4>\n<\/li>\n<li>\n<h4>Under the same power, the vertical two-stage compression screw compressor increases air delivery by up to 15% compared to single-stage compression, achieving up to 15% energy savings, and consuming 30%-40% less power than industrial frequency screw air compressors.<\/h4>\n<\/li>\n<\/ol>\n<p>&nbsp;<\/p>\n<p><strong>Hareyes R Series Vertical Two-Stage Permanent Magnet Variable Frequency Screw Air Compressor Technical Specifications:<\/strong><\/p>\n<\/div>\n<div><\/div>\n<div style=\"overflow-x: auto;\">\n<table style=\"border-collapse: collapse; border: 1px solid black;\" border=\"1\" width=\"1640\" cellspacing=\"0\" cellpadding=\"5\">\n<tbody>\n<tr>\n<td style=\"border: 1px solid black;\" colspan=\"2\" width=\"176\">Modelo<\/td>\n<td style=\"border: 1px solid black;\" width=\"124\">R-E50PM<\/td>\n<td style=\"border: 1px solid black;\" width=\"135\">R-E75PM<\/td>\n<td style=\"border: 1px solid black;\" width=\"135\">R-E100PM<\/td>\n<td style=\"border: 1px solid black;\" width=\"135\">R-E125PM<\/td>\n<td style=\"border: 1px solid black;\" width=\"135\">R-E150PM<\/td>\n<td style=\"border: 1px solid black;\" width=\"135\">R-E175PM<\/td>\n<td style=\"border: 1px solid black;\" width=\"135\">R-E200PM<\/td>\n<td style=\"border: 1px solid black;\" width=\"132\">R-E250PM<\/td>\n<td style=\"border: 1px solid black;\" width=\"132\">R-E275PM<\/td>\n<td style=\"border: 1px solid black;\" width=\"132\">R-E300PM<\/td>\n<td style=\"border: 1px solid black;\" width=\"132\">R-E350PM<\/td>\n<\/tr>\n<tr>\n<td style=\"border: 1px solid black;\" colspan=\"2\" rowspan=\"4\" width=\"176\">De Suministro De Aire \/ Presi\u00f3n De Descarga De La<br \/>\n\uff08m3\/min\/Mpa\/Bar)<\/td>\n<td style=\"border: 1px solid black;\">7.2\/0.7\/7<\/td>\n<td style=\"border: 1px solid black;\">12.8\/0.7\/7<\/td>\n<td style=\"border: 1px solid black;\">17.5\/0.7\/7<\/td>\n<td style=\"border: 1px solid black;\">20.8\/0.7\/7<\/td>\n<td style=\"border: 1px solid black;\">24.5\/0.7\/7<\/td>\n<td style=\"border: 1px solid black;\">30.0\/0.7\/7<\/td>\n<td style=\"border: 1px solid black;\">34.5\/0.7\/7<\/td>\n<td style=\"border: 1px solid black;\">41\/0.7\/7.0<\/td>\n<td style=\"border: 1px solid black;\">44.6\/0.7\/7.0<\/td>\n<td style=\"border: 1px solid black;\">48.6\/0.7\/7.0<\/td>\n<td style=\"border: 1px solid black;\">55\/0.7\/7.0<\/td>\n<\/tr>\n<tr>\n<td style=\"border: 1px solid black;\">7.1\/0.8\/8<\/td>\n<td style=\"border: 1px solid black;\">12.5\/0.8\/8<\/td>\n<td style=\"border: 1px solid black;\">16.5\/0.8\/8<\/td>\n<td style=\"border: 1px solid black;\">19.8\/0.8\/8<\/td>\n<td style=\"border: 1px solid black;\">23.5\/0.8\/8<\/td>\n<td style=\"border: 1px solid black;\">28.0\/0.8\/8<\/td>\n<td style=\"border: 1px solid black;\">33.6\/0.8\/8<\/td>\n<td style=\"border: 1px solid black;\">38.4\/0.8\/8.0<\/td>\n<td style=\"border: 1px solid black;\">43\/0.8\/8.0<\/td>\n<td style=\"border: 1px solid black;\">47\/0.8\/8.0<\/td>\n<td style=\"border: 1px solid black;\">54\/0.8\/8.0<\/td>\n<\/tr>\n<tr>\n<td style=\"border: 1px solid black;\">6.3\/1.0\/10<\/td>\n<td style=\"border: 1px solid black;\">9.5\/1.0\/10<\/td>\n<td style=\"border: 1px solid black;\">12.5\/1.0\/10<\/td>\n<td style=\"border: 1px solid black;\">16.9\/1.0\/10<\/td>\n<td style=\"border: 1px solid black;\">19.7\/1.0\/10<\/td>\n<td style=\"border: 1px solid black;\">23.5\/1.0\/10<\/td>\n<td style=\"border: 1px solid black;\">30.0\/1.0\/10<\/td>\n<td style=\"border: 1px solid black;\">32.5\/1.0\/10<\/td>\n<td style=\"border: 1px solid black;\">38.5\/1.0\/10<\/td>\n<td style=\"border: 1px solid black;\">41.9\/1.0\/10<\/td>\n<td style=\"border: 1px solid black;\">46\/1.0\/10<\/td>\n<\/tr>\n<tr>\n<td style=\"border: 1px solid black;\">5.4\/1.2\/12<\/td>\n<td style=\"border: 1px solid black;\">8.6\/1.2\/12<\/td>\n<td style=\"border: 1px solid black;\">11.2\/1.2\/12<\/td>\n<td style=\"border: 1px solid black;\">14.3\/1.2\/12<\/td>\n<td style=\"border: 1px solid black;\">17.6\/1.2\/12<\/td>\n<td style=\"border: 1px solid black;\">19.8\/1.2\/12<\/td>\n<td style=\"border: 1px solid black;\">23.8\/1.2\/12<\/td>\n<td style=\"border: 1px solid black;\">28.5\/1.2\/12<\/td>\n<td style=\"border: 1px solid black;\">32.8\/1.2\/12<\/td>\n<td style=\"border: 1px solid black;\">38.0\/1.2\/12<\/td>\n<td style=\"border: 1px solid black;\">40.0\/1.2\/12<\/td>\n<\/tr>\n<tr>\n<td style=\"border: 1px solid black;\" colspan=\"2\" rowspan=\"3\" width=\"176\">De Suministro De Aire \/ Presi\u00f3n De Descarga De La<br \/>\n\uff08CFM\/PSI\uff09<\/td>\n<td style=\"border: 1px solid black;\">247\/102<\/td>\n<td style=\"border: 1px solid black;\" width=\"135\">424\/102<\/td>\n<td style=\"border: 1px solid black;\" width=\"135\">565\/102<\/td>\n<td style=\"border: 1px solid black;\" width=\"135\">689\/102<\/td>\n<td style=\"border: 1px solid black;\" width=\"135\">813\/102<\/td>\n<td style=\"border: 1px solid black;\" width=\"135\">1000\/102<\/td>\n<td style=\"border: 1px solid black;\" width=\"135\">1124\/102<\/td>\n<td style=\"border: 1px solid black;\" width=\"132\">1435\/102<\/td>\n<td style=\"border: 1px solid black;\" width=\"132\">1512\/102<\/td>\n<td style=\"border: 1px solid black;\" width=\"132\">1625\/102<\/td>\n<td style=\"border: 1px solid black;\" width=\"132\">1873\/102<\/td>\n<\/tr>\n<tr>\n<td style=\"border: 1px solid black;\">240\/116<\/td>\n<td style=\"border: 1px solid black;\" width=\"135\">389\/116<\/td>\n<td style=\"border: 1px solid black;\" width=\"135\">505\/116<\/td>\n<td style=\"border: 1px solid black;\" width=\"135\">654\/116<\/td>\n<td style=\"border: 1px solid black;\" width=\"135\">760\/116<\/td>\n<td style=\"border: 1px solid black;\" width=\"135\">954\/116<\/td>\n<td style=\"border: 1px solid black;\" width=\"135\">1081\/116<\/td>\n<td style=\"border: 1px solid black;\" width=\"132\">1353\/116<\/td>\n<td style=\"border: 1px solid black;\" width=\"132\">1420\/116<\/td>\n<td style=\"border: 1px solid black;\" width=\"132\">1555\/116<\/td>\n<td style=\"border: 1px solid black;\" width=\"132\">1784\/116<\/td>\n<\/tr>\n<tr>\n<td style=\"border: 1px solid black;\">212\/145<\/td>\n<td style=\"border: 1px solid black;\" width=\"135\">336\/145<\/td>\n<td style=\"border: 1px solid black;\" width=\"135\">441\/145<\/td>\n<td style=\"border: 1px solid black;\" width=\"135\">572\/145<\/td>\n<td style=\"border: 1px solid black;\" width=\"135\">675\/145<\/td>\n<td style=\"border: 1px solid black;\" width=\"135\">830\/145<\/td>\n<td style=\"border: 1px solid black;\" width=\"135\">1000\/145<\/td>\n<td style=\"border: 1px solid black;\" width=\"132\">1148\/145<\/td>\n<td style=\"border: 1px solid black;\" width=\"132\">1223\/145<\/td>\n<td style=\"border: 1px solid black;\" width=\"132\">1360\/145<\/td>\n<td style=\"border: 1px solid black;\" width=\"132\">1590\/145<\/td>\n<\/tr>\n<tr>\n<td style=\"border: 1px solid black;\" colspan=\"2\" width=\"176\">M\u00e9todo De Enfriamiento<\/td>\n<td style=\"border: 1px solid black;\" colspan=\"11\">Refrigerado por aire (refrigerado por Agua opcional)<\/td>\n<\/tr>\n<tr>\n<td style=\"border: 1px solid black;\" colspan=\"2\" width=\"176\">Descarga La Temperatura \uff08\u2103\uff09<\/td>\n<td style=\"border: 1px solid black;\" colspan=\"11\">\u226440<\/td>\n<\/tr>\n<tr>\n<td style=\"border: 1px solid black;\" colspan=\"2\" width=\"176\">Aceite Lubricante Capacidad\uff08L\uff09<\/td>\n<td style=\"border: 1px solid black;\">32<\/td>\n<td style=\"border: 1px solid black;\" colspan=\"2\">54<\/td>\n<td style=\"border: 1px solid black;\">72<\/td>\n<td style=\"border: 1px solid black;\" colspan=\"2\">90<\/td>\n<td style=\"border: 1px solid black;\" colspan=\"2\">125<\/td>\n<td style=\"border: 1px solid black;\" colspan=\"3\" width=\"397\">180<\/td>\n<\/tr>\n<tr>\n<td style=\"border: 1px solid black;\" colspan=\"2\" width=\"176\">Nivel de ruido (dB(a))<\/td>\n<td style=\"border: 1px solid black;\">73\u00b12<\/td>\n<td style=\"border: 1px solid black;\" colspan=\"4\">75\u00b12<\/td>\n<td style=\"border: 1px solid black;\" colspan=\"3\">78\u00b12<\/td>\n<td style=\"border: 1px solid black;\"><\/td>\n<td style=\"border: 1px solid black;\" colspan=\"2\">80\u00b12<\/td>\n<\/tr>\n<tr>\n<td style=\"border: 1px solid black;\" colspan=\"2\" width=\"176\">Etapa De Compresi\u00f3n<\/td>\n<td style=\"border: 1px solid black;\" colspan=\"11\">Dos etapas de compresi\u00f3n<\/td>\n<\/tr>\n<tr>\n<td style=\"border: 1px solid black;\" colspan=\"2\">El Modo De Transmisi\u00f3n<\/td>\n<td style=\"border: 1px solid black;\" colspan=\"8\"><\/td>\n<td style=\"border: 1px solid black;\"><\/td>\n<td style=\"border: 1px solid black;\"><\/td>\n<td style=\"border: 1px solid black;\"><\/td>\n<\/tr>\n<tr>\n<td style=\"border: 1px solid black;\" colspan=\"2\">Potencia del Motor (kW\/HP)<\/td>\n<td style=\"border: 1px solid black;\">37\/50<\/td>\n<td style=\"border: 1px solid black;\">55\/75<\/td>\n<td style=\"border: 1px solid black;\">75\/100<\/td>\n<td style=\"border: 1px solid black;\">90\/125<\/td>\n<td style=\"border: 1px solid black;\">110\/150<\/td>\n<td style=\"border: 1px solid black;\">132\/175<\/td>\n<td style=\"border: 1px solid black;\">160\/200<\/td>\n<td style=\"border: 1px solid black;\">185\/250<\/td>\n<td style=\"border: 1px solid black;\">200\/275<\/td>\n<td style=\"border: 1px solid black;\">220\/300<\/td>\n<td style=\"border: 1px solid black;\">250\/350<\/td>\n<\/tr>\n<tr>\n<td style=\"border: 1px solid black;\" colspan=\"2\">Fuente De Alimentaci\u00f3n<\/td>\n<td style=\"border: 1px solid black;\" colspan=\"11\">380V\/50Hz (Personalizables para Diferentes Tensiones y Frecuencias)<\/td>\n<\/tr>\n<tr>\n<td style=\"border: 1px solid black;\" colspan=\"2\">Motor Clase De Protecci\u00f3n<\/td>\n<td style=\"border: 1px solid black;\" colspan=\"11\">IP55<\/td>\n<\/tr>\n<tr>\n<td style=\"border: 1px solid black;\" colspan=\"2\">M\u00e9todo De Arranque<\/td>\n<td style=\"border: 1px solid black;\" colspan=\"11\">Variable De La Frecuencia De Arranque Suave<\/td>\n<\/tr>\n<tr>\n<td style=\"border: 1px solid black;\" rowspan=\"3\">Dimensiones<\/td>\n<td style=\"border: 1px solid black;\">Longitud mm<\/td>\n<td style=\"border: 1px solid black;\">1740<\/td>\n<td style=\"border: 1px solid black;\">2100<\/td>\n<td style=\"border: 1px solid black;\">2100<\/td>\n<td style=\"border: 1px solid black;\">2540<\/td>\n<td style=\"border: 1px solid black;\">2540<\/td>\n<td style=\"border: 1px solid black;\">2540<\/td>\n<td style=\"border: 1px solid black;\">2930<\/td>\n<td style=\"border: 1px solid black;\">2930<\/td>\n<td style=\"border: 1px solid black;\">3340<\/td>\n<td style=\"border: 1px solid black;\">3340<\/td>\n<td style=\"border: 1px solid black;\">3340<\/td>\n<\/tr>\n<tr>\n<td style=\"border: 1px solid black;\">Ancho mm<\/td>\n<td style=\"border: 1px solid black;\">1150<\/td>\n<td style=\"border: 1px solid black;\">1400<\/td>\n<td style=\"border: 1px solid black;\">1400<\/td>\n<td style=\"border: 1px solid black;\">1470<\/td>\n<td style=\"border: 1px solid black;\">1470<\/td>\n<td style=\"border: 1px solid black;\">1470<\/td>\n<td style=\"border: 1px solid black;\">2040<\/td>\n<td style=\"border: 1px solid black;\">2040<\/td>\n<td style=\"border: 1px solid black;\">2120<\/td>\n<td style=\"border: 1px solid black;\">2120<\/td>\n<td style=\"border: 1px solid black;\">2120<\/td>\n<\/tr>\n<tr>\n<td style=\"border: 1px solid black;\">Altura mm<\/td>\n<td style=\"border: 1px solid black;\">1600<\/td>\n<td style=\"border: 1px solid black;\">1740<\/td>\n<td style=\"border: 1px solid black;\">1740<\/td>\n<td style=\"border: 1px solid black;\">1840<\/td>\n<td style=\"border: 1px solid black;\">1840<\/td>\n<td style=\"border: 1px solid black;\">1840<\/td>\n<td style=\"border: 1px solid black;\">2140<\/td>\n<td style=\"border: 1px solid black;\">2140<\/td>\n<td style=\"border: 1px solid black;\">2440<\/td>\n<td style=\"border: 1px solid black;\">2440<\/td>\n<td style=\"border: 1px solid black;\">2440<\/td>\n<\/tr>\n<tr>\n<td style=\"border: 1px solid black;\">Peso Neto<\/td>\n<td style=\"border: 1px solid black;\">KG<\/td>\n<td style=\"border: 1px solid black;\">1100<\/td>\n<td style=\"border: 1px solid black;\">1780<\/td>\n<td style=\"border: 1px solid black;\">1890<\/td>\n<td style=\"border: 1px solid black;\">2650<\/td>\n<td style=\"border: 1px solid black;\">2900<\/td>\n<td style=\"border: 1px solid black;\">3100<\/td>\n<td style=\"border: 1px solid black;\">3850<\/td>\n<td style=\"border: 1px solid black;\">4200<\/td>\n<td style=\"border: 1px solid black;\">5200<\/td>\n<td style=\"border: 1px solid black;\">5700<\/td>\n<td style=\"border: 1px solid black;\">6000<\/td>\n<\/tr>\n<tr>\n<td style=\"border: 1px solid black;\" colspan=\"2\" width=\"176\">Di\u00e1metro del Tubo de salida (pulgadas)<\/td>\n<td style=\"border: 1px solid black;\" colspan=\"3\">G2&#034;<\/td>\n<td style=\"border: 1px solid black;\" colspan=\"3\">G2-1\/2&#034;<\/td>\n<td style=\"border: 1px solid black;\" colspan=\"2\">DN80<\/td>\n<td style=\"border: 1px solid black;\" colspan=\"3\">DN100<\/td>\n<\/tr>\n<\/tbody>\n<\/table>\n<p><strong>Nota:<\/strong> La empresa mejora continuamente sus productos y se reserva el derecho a modificar los dise\u00f1os. Final de los par\u00e1metros est\u00e1n sujetos a la m\u00e1quina real, y se pueden hacer cambios sin previo aviso.<\/p>\n<\/div>","protected":false},"excerpt":{"rendered":"<ul>\n<li><strong>\u00a0Advanced Compression Technology.<\/strong><\/li>\n<li><strong>Energy-Efficient Motor.<\/strong><\/li>\n<li><strong>\u00a0Optimized Energy Control.<\/strong><\/li>\n<li><strong>Reliable and Low-Maintenance Design.<\/strong><\/li>\n<li><strong>\u00a0Intelligent Control System.<\/strong><\/li>\n<li><strong>Performance and Energy Savings.<\/strong><\/li>\n<\/ul>","protected":false},"featured_media":0,"comment_status":"open","ping_status":"closed","template":"","meta":[],"product_brand":[],"product_cat":[33],"product_tag":[],"class_list":{"0":"post-2046","1":"product","2":"type-product","3":"status-publish","5":"product_cat-air-compressor","7":"first","8":"instock","9":"shipping-taxable","10":"product-type-simple"},"_links":{"self":[{"href":"https:\/\/hrsaircompressor.com\/es\/wp-json\/wp\/v2\/product\/2046","targetHints":{"allow":["GET"]}}],"collection":[{"href":"https:\/\/hrsaircompressor.com\/es\/wp-json\/wp\/v2\/product"}],"about":[{"href":"https:\/\/hrsaircompressor.com\/es\/wp-json\/wp\/v2\/types\/product"}],"replies":[{"embeddable":true,"href":"https:\/\/hrsaircompressor.com\/es\/wp-json\/wp\/v2\/comments?post=2046"}],"wp:attachment":[{"href":"https:\/\/hrsaircompressor.com\/es\/wp-json\/wp\/v2\/media?parent=2046"}],"wp:term":[{"taxonomy":"product_brand","embeddable":true,"href":"https:\/\/hrsaircompressor.com\/es\/wp-json\/wp\/v2\/product_brand?post=2046"},{"taxonomy":"product_cat","embeddable":true,"href":"https:\/\/hrsaircompressor.com\/es\/wp-json\/wp\/v2\/product_cat?post=2046"},{"taxonomy":"product_tag","embeddable":true,"href":"https:\/\/hrsaircompressor.com\/es\/wp-json\/wp\/v2\/product_tag?post=2046"}],"curies":[{"name":"wp","href":"https:\/\/api.w.org\/{rel}","templated":true}]}}