{"id":2061,"date":"2025-04-10T09:40:34","date_gmt":"2025-04-10T01:40:34","guid":{"rendered":"http:\/\/hrsaircompressor.com\/?post_type=product&#038;p=2061"},"modified":"2025-05-12T11:11:41","modified_gmt":"2025-05-12T03:11:41","slug":"hareyes-laser-cutting-integrated-screw-air-compressor-laser-special-four-in-one","status":"publish","type":"product","link":"https:\/\/hrsaircompressor.com\/es\/producto\/hareyes-laser-cutting-integrated-screw-air-compressor-laser-special-four-in-one\/","title":{"rendered":"Cuatro en uno para el compresor de aire de tornillo integrado de corte l\u00e1ser hareyes"},"content":{"rendered":"<div style=\"overflow-x: auto;\">\n<ol>\n<li>\n<h4>Elimina la necesidad de los clientes para configurar de forma independiente tanques de almacenamiento de aire refrigerado, secadores y filtros, ahorrando la molestia de tratar con m\u00faltiples proveedores de servicios.<\/h4>\n<\/li>\n<li>\n<h4>Im\u00e1n permanente de frecuencia variable del compresor de aire de tornillo asegura que la presi\u00f3n de trabajo se mantiene estable, con una suave presi\u00f3n de los recortes, limpio y libre de rebabas de los bordes, y el procesamiento de alta precisi\u00f3n.<\/h4>\n<\/li>\n<li>\n<h4>Combina una alta eficiencia del intercambiador de calor de placas secador frigor\u00edfico y una de cuatro etapas de precisi\u00f3n de alta eficiencia filtro, asegur\u00e1ndose de que los usuarios obtengan mayor calidad y el limpiador de aire comprimido, con puntos de roc\u00edo a presi\u00f3n tan baja como 2-8\u00b0C, la mejora de la eficiencia en el trabajo.<\/h4>\n<\/li>\n<li>\n<h4>Las principales tuber\u00edas de petr\u00f3leo el uso de alta temperatura, de alta flexibilidad de las mangueras conectadas a los tubos de acero, lo que reduce la vibraci\u00f3n y el ruido.<\/h4>\n<\/li>\n<li>\n<h4>Totalmente optimizado de frecuencia variable de par\u00e1metros para los compresores de tornillo para un mejor control de la lubricaci\u00f3n de la temperatura del aceite, evitando que el aceite de la emulsi\u00f3n y la acumulaci\u00f3n de agua.<\/h4>\n<\/li>\n<\/ol>\n<p><strong>Hareyes JG Integrados de la Serie Compresor de Aire de Tornillo \u2013 Par\u00e1metros T\u00e9cnicos(4-en-1, Especializado para el Corte por L\u00e1ser)<\/strong><\/p>\n<table style=\"border-collapse: collapse; border: 1px solid black;\" border=\"1\" width=\"1304\" cellspacing=\"0\" cellpadding=\"5\">\n<tbody>\n<tr>\n<td style=\"border: 1px solid black;\" colspan=\"2\" width=\"176\">Modelo<\/td>\n<td style=\"border: 1px solid black;\" width=\"186\">JG20YPM\/15(una Sola Unidad)<\/td>\n<td style=\"border: 1px solid black;\" width=\"206\">JG30YPM\/15\uff08Sola Unidad\uff09<\/td>\n<td style=\"border: 1px solid black;\" width=\"195\">JG50YPM\/15\uff08Sola Unidad\uff09<\/td>\n<td style=\"border: 1px solid black;\" width=\"270\">JG20YPM\/15-400 \uff084-en-1\uff09<\/td>\n<td style=\"border: 1px solid black;\" width=\"270\">JG30YPM\/15-400 \uff084-en-1\uff09<\/td>\n<\/tr>\n<tr>\n<td style=\"border: 1px solid black;\" colspan=\"2\" width=\"176\">De suministro de aire \/ Presi\u00f3n de Descarga y medio (m3\/min\/Mpa\/Bar)<\/td>\n<td style=\"border: 1px solid black;\">1.0\/1.5<\/td>\n<td style=\"border: 1px solid black;\">1.68\/1.5<\/td>\n<td style=\"border: 1px solid black;\">3.9\/1.5<\/td>\n<td style=\"border: 1px solid black;\">1.0\/1.5<\/td>\n<td style=\"border: 1px solid black;\">1.68\/1.5<\/td>\n<\/tr>\n<tr>\n<td style=\"border: 1px solid black;\" colspan=\"2\" width=\"176\">De suministro de aire \/ Presi\u00f3n de Descarga de la\uff08CFM\/PSI\uff09<\/td>\n<td style=\"border: 1px solid black;\">35\/218<\/td>\n<td style=\"border: 1px solid black;\">59\/218<\/td>\n<td style=\"border: 1px solid black;\">138\/218<\/td>\n<td style=\"border: 1px solid black;\">35\/218<\/td>\n<td style=\"border: 1px solid black;\">59\/218<\/td>\n<\/tr>\n<tr>\n<td style=\"border: 1px solid black;\" colspan=\"2\" width=\"176\">M\u00e9todo De Enfriamiento<\/td>\n<td style=\"border: 1px solid black;\" colspan=\"5\">Refrigerado por aire<\/td>\n<\/tr>\n<tr>\n<td style=\"border: 1px solid black;\" colspan=\"2\" width=\"176\">Descarga La Temperatura \uff08\u2103\uff09<\/td>\n<td style=\"border: 1px solid black;\" colspan=\"5\">\u226440<\/td>\n<\/tr>\n<tr>\n<td style=\"border: 1px solid black;\" colspan=\"2\" width=\"176\">Aceite Lubricante Capacidad\uff08L\uff09<\/td>\n<td style=\"border: 1px solid black;\">10<\/td>\n<td style=\"border: 1px solid black;\">10<\/td>\n<td style=\"border: 1px solid black;\">18<\/td>\n<td style=\"border: 1px solid black;\">10<\/td>\n<td style=\"border: 1px solid black;\">10<\/td>\n<\/tr>\n<tr>\n<td style=\"border: 1px solid black;\" colspan=\"2\" width=\"176\">Nivel de ruido (dB(a))<\/td>\n<td style=\"border: 1px solid black;\" colspan=\"2\">75\u00b12<\/td>\n<td style=\"border: 1px solid black;\">78\u00b12<\/td>\n<td style=\"border: 1px solid black;\" colspan=\"2\">75\u00b12<\/td>\n<\/tr>\n<tr>\n<td style=\"border: 1px solid black;\" colspan=\"2\">El Modo De Transmisi\u00f3n<\/td>\n<td style=\"border: 1px solid black;\" colspan=\"5\">De Accionamiento Directo<\/td>\n<\/tr>\n<tr>\n<td style=\"border: 1px solid black;\" colspan=\"2\" width=\"176\">Etapa De Compresi\u00f3n<\/td>\n<td style=\"border: 1px solid black;\" colspan=\"5\">De Una Sola Etapa<\/td>\n<\/tr>\n<tr>\n<td style=\"border: 1px solid black;\" colspan=\"2\">\u00a0Potencia del Motor (kW\/HP)<\/td>\n<td style=\"border: 1px solid black;\">15\/20<\/td>\n<td style=\"border: 1px solid black;\">22\/30<\/td>\n<td style=\"border: 1px solid black;\">37\/50<\/td>\n<td style=\"border: 1px solid black;\">15\/20<\/td>\n<td style=\"border: 1px solid black;\">22\/30<\/td>\n<\/tr>\n<tr>\n<td style=\"border: 1px solid black;\" colspan=\"2\">Fuente De Alimentaci\u00f3n<\/td>\n<td style=\"border: 1px solid black;\" colspan=\"5\">380V\/50Hz<\/td>\n<\/tr>\n<tr>\n<td style=\"border: 1px solid black;\" colspan=\"2\">\u00a0Motor Clase De Protecci\u00f3n<\/td>\n<td style=\"border: 1px solid black;\" colspan=\"5\">IP23 \uff08Opcional: IP54\uff09<\/td>\n<\/tr>\n<tr>\n<td style=\"border: 1px solid black;\" colspan=\"2\">M\u00e9todo De Arranque<\/td>\n<td style=\"border: 1px solid black;\" colspan=\"5\">Variable De La Frecuencia De Arranque Suave<\/td>\n<\/tr>\n<tr>\n<td style=\"border: 1px solid black;\" colspan=\"2\">Tanque De Aire(Litros)<\/td>\n<td style=\"border: 1px solid black;\"><\/td>\n<td style=\"border: 1px solid black;\"><\/td>\n<td style=\"border: 1px solid black;\"><\/td>\n<td style=\"border: 1px solid black;\" colspan=\"2\">400<\/td>\n<\/tr>\n<tr>\n<td style=\"border: 1px solid black;\" rowspan=\"3\">\u00a0Dimensiones<\/td>\n<td style=\"border: 1px solid black;\">Longitud mm<\/td>\n<td style=\"border: 1px solid black;\">1080<\/td>\n<td style=\"border: 1px solid black;\">1080<\/td>\n<td style=\"border: 1px solid black;\">1340<\/td>\n<td style=\"border: 1px solid black;\">1840<\/td>\n<td style=\"border: 1px solid black;\">1840<\/td>\n<\/tr>\n<tr>\n<td style=\"border: 1px solid black;\">Ancho mm<\/td>\n<td style=\"border: 1px solid black;\">780<\/td>\n<td style=\"border: 1px solid black;\">780<\/td>\n<td style=\"border: 1px solid black;\">950<\/td>\n<td style=\"border: 1px solid black;\">820<\/td>\n<td style=\"border: 1px solid black;\">820<\/td>\n<\/tr>\n<tr>\n<td style=\"border: 1px solid black;\">Altura mm<\/td>\n<td style=\"border: 1px solid black;\">1030<\/td>\n<td style=\"border: 1px solid black;\">1030<\/td>\n<td style=\"border: 1px solid black;\">1220<\/td>\n<td style=\"border: 1px solid black;\">1695<\/td>\n<td style=\"border: 1px solid black;\">1695<\/td>\n<\/tr>\n<tr>\n<td style=\"border: 1px solid black;\">Peso Neto<\/td>\n<td style=\"border: 1px solid black;\">\u00a0KG<\/td>\n<td style=\"border: 1px solid black;\">210<\/td>\n<td style=\"border: 1px solid black;\">245<\/td>\n<td style=\"border: 1px solid black;\">420<\/td>\n<td style=\"border: 1px solid black;\">453<\/td>\n<td style=\"border: 1px solid black;\">480<\/td>\n<\/tr>\n<tr>\n<td style=\"border: 1px solid black;\" colspan=\"2\" width=\"176\">Di\u00e1metro del Tubo de salida (pulgadas)<\/td>\n<td style=\"border: 1px solid black;\" colspan=\"2\" width=\"392\">G3\/4&#034;<\/td>\n<td style=\"border: 1px solid black;\">G1&#034;<\/td>\n<td style=\"border: 1px solid black;\" colspan=\"2\">G3\/4&#034;<\/td>\n<\/tr>\n<\/tbody>\n<\/table>\n<p><strong>Nota:<\/strong> La empresa mejora continuamente sus productos y se reserva el derecho a modificar los dise\u00f1os. Final de los par\u00e1metros est\u00e1n sujetos a la m\u00e1quina real, y se pueden hacer cambios sin previo aviso.<\/p>\n<\/div>","protected":false},"excerpt":{"rendered":"<ul>\n<li>\n<p class=\"ds-markdown-paragraph\"><strong>Todo-en-Uno Soluci\u00f3n<\/strong><\/p>\n<\/li>\n<li>\n<p class=\"ds-markdown-paragraph\"><strong>Estable Y Un Rendimiento Preciso<\/strong><\/p>\n<\/li>\n<li>\n<p class=\"ds-markdown-paragraph\"><strong>Prima La Calidad Del Aire<\/strong><\/p>\n<\/li>\n<li>\n<p class=\"ds-markdown-paragraph\"><strong>La Reducci\u00f3n De Ruido Y Vibraci\u00f3n<\/strong><\/p>\n<\/li>\n<li>\n<p class=\"ds-markdown-paragraph\"><strong>Inteligente De Control De Lubricaci\u00f3n<\/strong><\/p>\n<\/li>\n<\/ul>","protected":false},"featured_media":2089,"comment_status":"open","ping_status":"closed","template":"","meta":[],"product_brand":[],"product_cat":[33],"product_tag":[],"class_list":{"0":"post-2061","1":"product","2":"type-product","3":"status-publish","4":"has-post-thumbnail","6":"product_cat-air-compressor","8":"first","9":"instock","10":"shipping-taxable","11":"product-type-simple"},"_links":{"self":[{"href":"https:\/\/hrsaircompressor.com\/es\/wp-json\/wp\/v2\/product\/2061","targetHints":{"allow":["GET"]}}],"collection":[{"href":"https:\/\/hrsaircompressor.com\/es\/wp-json\/wp\/v2\/product"}],"about":[{"href":"https:\/\/hrsaircompressor.com\/es\/wp-json\/wp\/v2\/types\/product"}],"replies":[{"embeddable":true,"href":"https:\/\/hrsaircompressor.com\/es\/wp-json\/wp\/v2\/comments?post=2061"}],"wp:featuredmedia":[{"embeddable":true,"href":"https:\/\/hrsaircompressor.com\/es\/wp-json\/wp\/v2\/media\/2089"}],"wp:attachment":[{"href":"https:\/\/hrsaircompressor.com\/es\/wp-json\/wp\/v2\/media?parent=2061"}],"wp:term":[{"taxonomy":"product_brand","embeddable":true,"href":"https:\/\/hrsaircompressor.com\/es\/wp-json\/wp\/v2\/product_brand?post=2061"},{"taxonomy":"product_cat","embeddable":true,"href":"https:\/\/hrsaircompressor.com\/es\/wp-json\/wp\/v2\/product_cat?post=2061"},{"taxonomy":"product_tag","embeddable":true,"href":"https:\/\/hrsaircompressor.com\/es\/wp-json\/wp\/v2\/product_tag?post=2061"}],"curies":[{"name":"wp","href":"https:\/\/api.w.org\/{rel}","templated":true}]}}