{"id":2102,"date":"2025-04-10T09:30:54","date_gmt":"2025-04-10T01:30:54","guid":{"rendered":"http:\/\/hrsaircompressor.com\/?post_type=product&#038;p=2102"},"modified":"2025-05-12T11:11:19","modified_gmt":"2025-05-12T03:11:19","slug":"small-mobile-screw-air-compressor-with-permanent-magnet-frequency-conversion","status":"publish","type":"product","link":"https:\/\/hrsaircompressor.com\/es\/producto\/small-mobile-screw-air-compressor-with-permanent-magnet-frequency-conversion\/","title":{"rendered":"M\u00f3vil peque\u00f1o compresor de aire de tornillo con im\u00e1n permanente de la conversi\u00f3n de frecuencia"},"content":{"rendered":"<div style=\"overflow-x: auto;\">\n<ol>\n<li>\n<h4>Power range of 2.2KW-7.5KW, fully replacing piston air compressors.<\/h4>\n<\/li>\n<li>\n<h4>Pressure design of 8-12.5KG, with both single-phase and three-phase power supply, fully meeting various customer needs.<\/h4>\n<\/li>\n<li>\n<h4>Wide application, low noise, low cost, long service life, and capable of continuous operation 24 hours a day.<\/h4>\n<\/li>\n<li>\n<h4>Uses high-quality compressor host and motor, stable operation with extremely low failure rate.<\/h4>\n<\/li>\n<li>\n<h4>Comes with an integrated air storage tank, equipped with wheels for easy installation, mobility, and maintenance, reducing maintenance costs and workload.<\/h4>\n<\/li>\n<\/ol>\n<p><strong>Movable Screw Air Compressor<\/strong><\/p>\n<table style=\"border-collapse: collapse; border: 1px solid black;\" border=\"1\" width=\"1176\" cellspacing=\"0\" cellpadding=\"5\">\n<tbody>\n<tr>\n<td style=\"border: 1px solid black;\" width=\"129\">Modelo<\/td>\n<td style=\"border: 1px solid black;\" width=\"129\">Power\uff08KW\/HP\uff09<\/td>\n<td style=\"border: 1px solid black;\" width=\"129\">Fuente De Alimentaci\u00f3n<\/td>\n<td style=\"border: 1px solid black;\" width=\"146\">Discharge Pressure(Mpa)<\/td>\n<td style=\"border: 1px solid black;\" width=\"152\">Air Delivery<br \/>\n\uff08m\u00b3\/min)<\/td>\n<td style=\"border: 1px solid black;\" width=\"147\">Air Tank Volume\uff08L\uff09<\/td>\n<td style=\"border: 1px solid black;\" width=\"108\">Noise Level dB(A)<\/td>\n<td style=\"border: 1px solid black;\" width=\"96\">M\u00e9todo De Enfriamiento<\/td>\n<td style=\"border: 1px solid black;\" width=\"137\">Dimensions\uff08mm\uff09<\/td>\n<\/tr>\n<tr>\n<td style=\"border: 1px solid black;\">RL-4\/10D<\/td>\n<td style=\"border: 1px solid black;\">2.5KW\/4HP<\/td>\n<td style=\"border: 1px solid black;\">220V\/50HZ<\/td>\n<td style=\"border: 1px solid black;\">0.8-1.0<\/td>\n<td style=\"border: 1px solid black;\">0.30<\/td>\n<td style=\"border: 1px solid black;\" rowspan=\"2\">90L<\/td>\n<td style=\"border: 1px solid black;\" rowspan=\"10\">78\u00b13<\/td>\n<td style=\"border: 1px solid black;\" rowspan=\"10\">Refrigerado por aire<\/td>\n<td style=\"border: 1px solid black;\" rowspan=\"2\">940X365X940<\/td>\n<\/tr>\n<tr>\n<td style=\"border: 1px solid black;\">RL-4\/10S<\/td>\n<td style=\"border: 1px solid black;\">2.5KW\/4HP<\/td>\n<td style=\"border: 1px solid black;\">380V\/50HZ<\/td>\n<td style=\"border: 1px solid black;\">0.8-1.0<\/td>\n<td style=\"border: 1px solid black;\">0.30<\/td>\n<\/tr>\n<tr>\n<td style=\"border: 1px solid black;\">RL-5.5\/10D<\/td>\n<td style=\"border: 1px solid black;\">4.5KW\/6HP<\/td>\n<td style=\"border: 1px solid black;\">220V\/50HZ<\/td>\n<td style=\"border: 1px solid black;\">0.8-1.0<\/td>\n<td style=\"border: 1px solid black;\">0.55<\/td>\n<td style=\"border: 1px solid black;\" rowspan=\"8\">120L<\/td>\n<td style=\"border: 1px solid black;\" rowspan=\"8\">1060X420X1020<\/td>\n<\/tr>\n<tr>\n<td style=\"border: 1px solid black;\">RL-5.5\/10S<\/td>\n<td style=\"border: 1px solid black;\">4.5KW\/6HP<\/td>\n<td style=\"border: 1px solid black;\">380V\/50HZ<\/td>\n<td style=\"border: 1px solid black;\">0.8-1.0<\/td>\n<td style=\"border: 1px solid black;\">0.55<\/td>\n<\/tr>\n<tr>\n<td style=\"border: 1px solid black;\">RL-7.5\/10S<\/td>\n<td style=\"border: 1px solid black;\">5.5KW\/7.5HP<\/td>\n<td style=\"border: 1px solid black;\">380V\/50HZ<\/td>\n<td style=\"border: 1px solid black;\">0.8-1.0<\/td>\n<td style=\"border: 1px solid black;\">0.7<\/td>\n<\/tr>\n<tr>\n<td style=\"border: 1px solid black;\">RL-10\/10S<\/td>\n<td style=\"border: 1px solid black;\">7.5KW\/10HP<\/td>\n<td style=\"border: 1px solid black;\">380V\/50HZ<\/td>\n<td style=\"border: 1px solid black;\">0.8-1.0<\/td>\n<td style=\"border: 1px solid black;\">1.0<\/td>\n<\/tr>\n<tr>\n<td style=\"border: 1px solid black;\">RL-10\/12.5S<\/td>\n<td style=\"border: 1px solid black;\">7.5KW\/10HP<\/td>\n<td style=\"border: 1px solid black;\">380V\/50HZ<\/td>\n<td style=\"border: 1px solid black;\">1.1-1.25<\/td>\n<td style=\"border: 1px solid black;\">0.8<\/td>\n<\/tr>\n<tr>\n<td style=\"border: 1px solid black;\">RL-10YPM\/10S<\/td>\n<td style=\"border: 1px solid black;\">7.5KW\/10HP<\/td>\n<td style=\"border: 1px solid black;\">380V\/50HZ<\/td>\n<td style=\"border: 1px solid black;\">0.8-1.0<\/td>\n<td style=\"border: 1px solid black;\">1.0<\/td>\n<\/tr>\n<tr>\n<td style=\"border: 1px solid black;\">RL-10YPM\/10D<\/td>\n<td style=\"border: 1px solid black;\">7.5KW\/10HP<\/td>\n<td style=\"border: 1px solid black;\">220V\/50HZ<\/td>\n<td style=\"border: 1px solid black;\">0.8-1.0<\/td>\n<td style=\"border: 1px solid black;\">1.0<\/td>\n<\/tr>\n<tr>\n<td style=\"border: 1px solid black;\">RL-10YPM\/12.5D<\/td>\n<td style=\"border: 1px solid black;\">7.5KW\/10HP<\/td>\n<td style=\"border: 1px solid black;\">220V\/50HZ<\/td>\n<td style=\"border: 1px solid black;\">1.1-1.25<\/td>\n<td style=\"border: 1px solid black;\">0.8<\/td>\n<\/tr>\n<\/tbody>\n<\/table>\n<\/div>","protected":false},"excerpt":{"rendered":"<ul>\n<li>\n<p class=\"ds-markdown-paragraph\"><strong>Compact &amp; Efficient<\/strong><\/p>\n<\/li>\n<li>\n<p class=\"ds-markdown-paragraph\"><strong>Versatile Pressure Options<\/strong><\/p>\n<\/li>\n<li>\n<p class=\"ds-markdown-paragraph\"><strong>Reliable &amp; Cost-Effective<\/strong><\/p>\n<\/li>\n<li>\n<p class=\"ds-markdown-paragraph\"><strong>Premium Core Components<\/strong><\/p>\n<\/li>\n<li>\n<p class=\"ds-markdown-paragraph\"><strong>Integrated &amp; Portable<\/strong><\/p>\n<\/li>\n<\/ul>","protected":false},"featured_media":2104,"comment_status":"open","ping_status":"closed","template":"","meta":[],"product_brand":[],"product_cat":[33],"product_tag":[],"class_list":{"0":"post-2102","1":"product","2":"type-product","3":"status-publish","4":"has-post-thumbnail","6":"product_cat-air-compressor","8":"first","9":"instock","10":"shipping-taxable","11":"product-type-simple"},"_links":{"self":[{"href":"https:\/\/hrsaircompressor.com\/es\/wp-json\/wp\/v2\/product\/2102","targetHints":{"allow":["GET"]}}],"collection":[{"href":"https:\/\/hrsaircompressor.com\/es\/wp-json\/wp\/v2\/product"}],"about":[{"href":"https:\/\/hrsaircompressor.com\/es\/wp-json\/wp\/v2\/types\/product"}],"replies":[{"embeddable":true,"href":"https:\/\/hrsaircompressor.com\/es\/wp-json\/wp\/v2\/comments?post=2102"}],"wp:featuredmedia":[{"embeddable":true,"href":"https:\/\/hrsaircompressor.com\/es\/wp-json\/wp\/v2\/media\/2104"}],"wp:attachment":[{"href":"https:\/\/hrsaircompressor.com\/es\/wp-json\/wp\/v2\/media?parent=2102"}],"wp:term":[{"taxonomy":"product_brand","embeddable":true,"href":"https:\/\/hrsaircompressor.com\/es\/wp-json\/wp\/v2\/product_brand?post=2102"},{"taxonomy":"product_cat","embeddable":true,"href":"https:\/\/hrsaircompressor.com\/es\/wp-json\/wp\/v2\/product_cat?post=2102"},{"taxonomy":"product_tag","embeddable":true,"href":"https:\/\/hrsaircompressor.com\/es\/wp-json\/wp\/v2\/product_tag?post=2102"}],"curies":[{"name":"wp","href":"https:\/\/api.w.org\/{rel}","templated":true}]}}