{"id":2108,"date":"2025-04-10T09:25:38","date_gmt":"2025-04-10T01:25:38","guid":{"rendered":"http:\/\/hrsaircompressor.com\/?post_type=product&#038;p=2108"},"modified":"2025-05-12T11:11:07","modified_gmt":"2025-05-12T03:11:07","slug":"hareyes-high-temperature-freeze-drying-machine","status":"publish","type":"product","link":"https:\/\/hrsaircompressor.com\/es\/producto\/hareyes-high-temperature-freeze-drying-machine\/","title":{"rendered":"Hareyes liofilizador de alta temperatura"},"content":{"rendered":"<div style=\"overflow-x: auto;\">\n<ol>\n<li>\n<h4>Los usos de alta calidad engrosamiento de tubos de cobre para evitar la corrosi\u00f3n inducida por fugas, lo que garantiza una larga vida de servicio.<\/h4>\n<\/li>\n<li>\n<h4>El dise\u00f1o general incluye un 20% de margen adicional para garantizar la estabilidad de funcionamiento de la unidad bajo duras condiciones de trabajo.<\/h4>\n<\/li>\n<li>\n<h4>Adopta el alto rendimiento de los intercambiadores de calor y otros componentes de alta calidad.<\/h4>\n<\/li>\n<li>\n<h4>Caracter\u00edsticas de p\u00e9rdida de fase, fase inversa, alta\/baja presi\u00f3n protecci\u00f3n, protecci\u00f3n de sobrecarga, y autom\u00e1tica de las funciones de la alarma.<\/h4>\n<\/li>\n<\/ol>\n<p><strong>Hareyes Secador Frigor\u00edfico Especificaciones T\u00e9cnicas:<\/strong><\/p>\n<table style=\"border-collapse: collapse; border: 1px solid black;\" border=\"1\" width=\"1419\" cellspacing=\"0\" cellpadding=\"5\">\n<tbody>\n<tr>\n<td style=\"border: 1px solid black;\" colspan=\"2\" width=\"176\">Modelo<\/td>\n<td style=\"border: 1px solid black;\" width=\"101\">HA-012H<\/td>\n<td style=\"border: 1px solid black;\" width=\"89\">HA-020H<\/td>\n<td style=\"border: 1px solid black;\" width=\"82\">HA-024H<\/td>\n<td style=\"border: 1px solid black;\" width=\"92\">HA-036H<\/td>\n<td style=\"border: 1px solid black;\" width=\"88\">HA-065H<\/td>\n<td style=\"border: 1px solid black;\" width=\"88\">HA-085H<\/td>\n<td style=\"border: 1px solid black;\" width=\"88\">HA-105H<\/td>\n<td style=\"border: 1px solid black;\" width=\"88\">HA-130H<\/td>\n<td style=\"border: 1px solid black;\" width=\"88\">HA-170H<\/td>\n<td style=\"border: 1px solid black;\" width=\"88\">HA-230H<\/td>\n<td style=\"border: 1px solid black;\" width=\"88\">HA-270H<\/td>\n<td style=\"border: 1px solid black;\" width=\"88\">HA-330H<\/td>\n<td style=\"border: 1px solid black;\" width=\"88\">HA-420H<\/td>\n<td style=\"border: 1px solid black;\" width=\"82\">HA-550H<\/td>\n<\/tr>\n<tr>\n<td style=\"border: 1px solid black;\" colspan=\"2\" width=\"176\">De Manejo de aire de Capacidad\uff08Nm3\/min\uff09<\/td>\n<td style=\"border: 1px solid black;\">1.2<\/td>\n<td style=\"border: 1px solid black;\">2<\/td>\n<td style=\"border: 1px solid black;\">2.4<\/td>\n<td style=\"border: 1px solid black;\">3.6<\/td>\n<td style=\"border: 1px solid black;\">6.5<\/td>\n<td style=\"border: 1px solid black;\">8.5<\/td>\n<td style=\"border: 1px solid black;\">10.5<\/td>\n<td style=\"border: 1px solid black;\">13<\/td>\n<td style=\"border: 1px solid black;\">17<\/td>\n<td style=\"border: 1px solid black;\">23<\/td>\n<td style=\"border: 1px solid black;\">27<\/td>\n<td style=\"border: 1px solid black;\">33<\/td>\n<td style=\"border: 1px solid black;\">42<\/td>\n<td style=\"border: 1px solid black;\">55<\/td>\n<\/tr>\n<tr>\n<td style=\"border: 1px solid black;\" colspan=\"2\" width=\"176\">La coincidencia de Compresor de Aire\uff08KW\/HP\uff09<\/td>\n<td style=\"border: 1px solid black;\">7.5\/10<\/td>\n<td style=\"border: 1px solid black;\">11\/15<\/td>\n<td style=\"border: 1px solid black;\">15\/20<\/td>\n<td style=\"border: 1px solid black;\">22\/30<\/td>\n<td style=\"border: 1px solid black;\">37\/50<\/td>\n<td style=\"border: 1px solid black;\">45\/60<\/td>\n<td style=\"border: 1px solid black;\">55\/75<\/td>\n<td style=\"border: 1px solid black;\">75\/100<\/td>\n<td style=\"border: 1px solid black;\">90\/125<\/td>\n<td style=\"border: 1px solid black;\">110\/150<\/td>\n<td style=\"border: 1px solid black;\">160\/200<\/td>\n<td style=\"border: 1px solid black;\">220\/300<\/td>\n<td style=\"border: 1px solid black;\">300\/400<\/td>\n<td style=\"border: 1px solid black;\">370\/500<\/td>\n<\/tr>\n<tr>\n<td style=\"border: 1px solid black;\" colspan=\"2\">Peso\uff08KG\uff09<\/td>\n<td style=\"border: 1px solid black;\">55<\/td>\n<td style=\"border: 1px solid black;\">65<\/td>\n<td style=\"border: 1px solid black;\">65<\/td>\n<td style=\"border: 1px solid black;\">68<\/td>\n<td style=\"border: 1px solid black;\">95<\/td>\n<td style=\"border: 1px solid black;\">130<\/td>\n<td style=\"border: 1px solid black;\">135<\/td>\n<td style=\"border: 1px solid black;\">160<\/td>\n<td style=\"border: 1px solid black;\">165<\/td>\n<td style=\"border: 1px solid black;\">250<\/td>\n<td style=\"border: 1px solid black;\">300<\/td>\n<td style=\"border: 1px solid black;\">400<\/td>\n<td style=\"border: 1px solid black;\">500<\/td>\n<td style=\"border: 1px solid black;\">600<\/td>\n<\/tr>\n<tr>\n<td style=\"border: 1px solid black;\" colspan=\"2\" width=\"176\">De Entrada\/Salida Del Puerto De Di\u00e1metro<\/td>\n<td style=\"border: 1px solid black;\" width=\"101\">DN20<\/td>\n<td style=\"border: 1px solid black;\" width=\"89\">DN25<\/td>\n<td style=\"border: 1px solid black;\" width=\"82\">DN25<\/td>\n<td style=\"border: 1px solid black;\" width=\"92\">DN25<\/td>\n<td style=\"border: 1px solid black;\" width=\"88\">DN40<\/td>\n<td style=\"border: 1px solid black;\" width=\"88\">DN50<\/td>\n<td style=\"border: 1px solid black;\" width=\"88\">DN50<\/td>\n<td style=\"border: 1px solid black;\" width=\"88\">DN65<\/td>\n<td style=\"border: 1px solid black;\" width=\"88\">DN65<\/td>\n<td style=\"border: 1px solid black;\" width=\"88\">DN80<\/td>\n<td style=\"border: 1px solid black;\" width=\"88\">DN80<\/td>\n<td style=\"border: 1px solid black;\" width=\"88\">DN80<\/td>\n<td style=\"border: 1px solid black;\" width=\"88\">DN100<\/td>\n<td style=\"border: 1px solid black;\" width=\"82\">DN100<\/td>\n<\/tr>\n<tr>\n<td style=\"border: 1px solid black;\" colspan=\"2\">Potencia de entrada(KW\/HP)<\/td>\n<td style=\"border: 1px solid black;\">0.35\/0.50<\/td>\n<td style=\"border: 1px solid black;\">0.5\/0.7<\/td>\n<td style=\"border: 1px solid black;\">0.5\/0.7<\/td>\n<td style=\"border: 1px solid black;\">0.75\/1.0<\/td>\n<td style=\"border: 1px solid black;\">1.5\/2.0<\/td>\n<td style=\"border: 1px solid black;\">2\/2.7<\/td>\n<td style=\"border: 1px solid black;\">2.5\/3.4<\/td>\n<td style=\"border: 1px solid black;\">3\/4<\/td>\n<td style=\"border: 1px solid black;\">4\/5.5<\/td>\n<td style=\"border: 1px solid black;\">5\/7<\/td>\n<td style=\"border: 1px solid black;\">6\/8.2<\/td>\n<td style=\"border: 1px solid black;\">8\/11<\/td>\n<td style=\"border: 1px solid black;\">10\/13.6<\/td>\n<td style=\"border: 1px solid black;\">12.5\/17<\/td>\n<\/tr>\n<tr>\n<td style=\"border: 1px solid black;\" colspan=\"2\">Fuente De Alimentaci\u00f3n\uff08V\uff09<\/td>\n<td style=\"border: 1px solid black;\" colspan=\"7\">220V50Hz (Personalizables para Diferentes Tensiones y Frecuencias)<\/td>\n<td style=\"border: 1px solid black;\" colspan=\"7\">380V\/50Hz (Personalizables para Diferentes Tensiones y Frecuencias)<\/td>\n<\/tr>\n<tr>\n<td style=\"border: 1px solid black;\" rowspan=\"3\" width=\"88\">Dimensions\uff08mm\uff09<\/td>\n<td style=\"border: 1px solid black;\">Longitud<\/td>\n<td style=\"border: 1px solid black;\">400<\/td>\n<td style=\"border: 1px solid black;\">400<\/td>\n<td style=\"border: 1px solid black;\">400<\/td>\n<td style=\"border: 1px solid black;\">400<\/td>\n<td style=\"border: 1px solid black;\">500<\/td>\n<td style=\"border: 1px solid black;\">700<\/td>\n<td style=\"border: 1px solid black;\">700<\/td>\n<td style=\"border: 1px solid black;\">700<\/td>\n<td style=\"border: 1px solid black;\">800<\/td>\n<td style=\"border: 1px solid black;\">700<\/td>\n<td style=\"border: 1px solid black;\">700<\/td>\n<td style=\"border: 1px solid black;\">4800<\/td>\n<td style=\"border: 1px solid black;\">2000<\/td>\n<td style=\"border: 1px solid black;\">2200<\/td>\n<\/tr>\n<tr>\n<td style=\"border: 1px solid black;\">Ancho<\/td>\n<td style=\"border: 1px solid black;\">800<\/td>\n<td style=\"border: 1px solid black;\">800<\/td>\n<td style=\"border: 1px solid black;\">800<\/td>\n<td style=\"border: 1px solid black;\">800<\/td>\n<td style=\"border: 1px solid black;\">860<\/td>\n<td style=\"border: 1px solid black;\">900<\/td>\n<td style=\"border: 1px solid black;\">900<\/td>\n<td style=\"border: 1px solid black;\">900<\/td>\n<td style=\"border: 1px solid black;\">1450<\/td>\n<td style=\"border: 1px solid black;\">1450<\/td>\n<td style=\"border: 1px solid black;\">1450<\/td>\n<td style=\"border: 1px solid black;\">1000<\/td>\n<td style=\"border: 1px solid black;\">1000<\/td>\n<td style=\"border: 1px solid black;\">1100<\/td>\n<\/tr>\n<tr>\n<td style=\"border: 1px solid black;\">Altura<\/td>\n<td style=\"border: 1px solid black;\">640<\/td>\n<td style=\"border: 1px solid black;\">780<\/td>\n<td style=\"border: 1px solid black;\">780<\/td>\n<td style=\"border: 1px solid black;\">780<\/td>\n<td style=\"border: 1px solid black;\">880<\/td>\n<td style=\"border: 1px solid black;\">1000<\/td>\n<td style=\"border: 1px solid black;\">1000<\/td>\n<td style=\"border: 1px solid black;\">1000<\/td>\n<td style=\"border: 1px solid black;\">1160<\/td>\n<td style=\"border: 1px solid black;\">1160<\/td>\n<td style=\"border: 1px solid black;\">1160<\/td>\n<td style=\"border: 1px solid black;\">1360<\/td>\n<td style=\"border: 1px solid black;\">1360<\/td>\n<td style=\"border: 1px solid black;\">1480<\/td>\n<\/tr>\n<tr>\n<td style=\"border: 1px solid black;\" colspan=\"2\">Comentarios<\/td>\n<td style=\"border: 1px solid black;\" colspan=\"3\">1.Presi\u00f3n De Trabajo\uff1a0.6-1.0 Mpa<\/td>\n<td style=\"border: 1px solid black;\" colspan=\"3\">2.Punto De Roc\u00edo A Presi\u00f3n\uff1a2-10\u2103<\/td>\n<td style=\"border: 1px solid black;\">Aire Temperatura De Entrada\uff1a\u226680\u2103<\/td>\n<td style=\"border: 1px solid black;\"><\/td>\n<td style=\"border: 1px solid black;\"><\/td>\n<td style=\"border: 1px solid black;\" colspan=\"5\">M\u00e9todo de enfriamiento: por Aire refrigerado (refrigerado por Agua opcional)<\/td>\n<\/tr>\n<\/tbody>\n<\/table>\n<p><strong>Nota:<\/strong> La empresa mejora continuamente sus productos y se reserva el derecho a modificar los dise\u00f1os. Final de los par\u00e1metros est\u00e1n sujetos a la m\u00e1quina real, y se pueden hacer cambios sin previo aviso.<\/p>\n<\/div>","protected":false},"excerpt":{"rendered":"<ul>\n<li>\n<p class=\"ds-markdown-paragraph\"><strong>Durable Tuber\u00eda De Cobre<\/strong><\/p>\n<\/li>\n<li>\n<p class=\"ds-markdown-paragraph\"><strong>Robusto Sobre-Ingenier\u00eda<\/strong><\/p>\n<\/li>\n<li>\n<p class=\"ds-markdown-paragraph\"><strong>Premium T\u00e9rmica De Los Componentes<\/strong><\/p>\n<\/li>\n<li>\n<p class=\"ds-markdown-paragraph\"><strong>Amplio Sistema De Protecci\u00f3n<\/strong><\/p>\n<\/li>\n<\/ul>","protected":false},"featured_media":2110,"comment_status":"open","ping_status":"closed","template":"","meta":[],"product_brand":[],"product_cat":[34],"product_tag":[],"class_list":{"0":"post-2108","1":"product","2":"type-product","3":"status-publish","4":"has-post-thumbnail","6":"product_cat-dryer","8":"first","9":"instock","10":"shipping-taxable","11":"product-type-simple"},"_links":{"self":[{"href":"https:\/\/hrsaircompressor.com\/es\/wp-json\/wp\/v2\/product\/2108","targetHints":{"allow":["GET"]}}],"collection":[{"href":"https:\/\/hrsaircompressor.com\/es\/wp-json\/wp\/v2\/product"}],"about":[{"href":"https:\/\/hrsaircompressor.com\/es\/wp-json\/wp\/v2\/types\/product"}],"replies":[{"embeddable":true,"href":"https:\/\/hrsaircompressor.com\/es\/wp-json\/wp\/v2\/comments?post=2108"}],"wp:featuredmedia":[{"embeddable":true,"href":"https:\/\/hrsaircompressor.com\/es\/wp-json\/wp\/v2\/media\/2110"}],"wp:attachment":[{"href":"https:\/\/hrsaircompressor.com\/es\/wp-json\/wp\/v2\/media?parent=2108"}],"wp:term":[{"taxonomy":"product_brand","embeddable":true,"href":"https:\/\/hrsaircompressor.com\/es\/wp-json\/wp\/v2\/product_brand?post=2108"},{"taxonomy":"product_cat","embeddable":true,"href":"https:\/\/hrsaircompressor.com\/es\/wp-json\/wp\/v2\/product_cat?post=2108"},{"taxonomy":"product_tag","embeddable":true,"href":"https:\/\/hrsaircompressor.com\/es\/wp-json\/wp\/v2\/product_tag?post=2108"}],"curies":[{"name":"wp","href":"https:\/\/api.w.org\/{rel}","templated":true}]}}