{"id":2111,"date":"2025-04-10T09:20:22","date_gmt":"2025-04-10T01:20:22","guid":{"rendered":"http:\/\/hrsaircompressor.com\/?post_type=product&#038;p=2111"},"modified":"2025-05-12T11:10:57","modified_gmt":"2025-05-12T03:10:57","slug":"hareyes-room-temperature-refrigerated-dryer","status":"publish","type":"product","link":"https:\/\/hrsaircompressor.com\/es\/producto\/hareyes-room-temperature-refrigerated-dryer\/","title":{"rendered":"Secador de congelaci\u00f3n a temperatura ambiente hareyes"},"content":{"rendered":"<ol>\n<li>\n<h4>Los usos de alta calidad de los compresores de refrigeraci\u00f3n, garantizando un funcionamiento estable, bajo ruido y una mejor eficiencia energ\u00e9tica.<\/h4>\n<\/li>\n<li>\n<h4>Sistema de control inteligente de los monitores de temperatura, presi\u00f3n y corriente en tiempo real, permitiendo verdaderamente el funcionamiento desatendido.<\/h4>\n<\/li>\n<li>\n<h4>Adopta alta calidad roscada de tubos de cobre con un gran intercambio de calor de la zona, proporcionando un excelente rendimiento de eliminaci\u00f3n de agua.<\/h4>\n<\/li>\n<li>\n<h4>Innovador dise\u00f1o exterior y racional de la estructura interna, haciendo que el mantenimiento y el mantenimiento m\u00e1s f\u00e1cil.<\/h4>\n<\/li>\n<\/ol>\n<div style=\"overflow-x: auto;\">\n<p><strong>Hareyes Est\u00e1ndar Secador De Aire Refrigerado \u2013 Especificaciones T\u00e9cnicas<\/strong><\/p>\n<table style=\"border-collapse: collapse; border: 1px solid black;\" border=\"1\" width=\"863\" cellspacing=\"0\" cellpadding=\"5\">\n<tbody>\n<tr>\n<td style=\"border: 1px solid black;\" colspan=\"2\" width=\"193\">Modelo<\/td>\n<td style=\"border: 1px solid black;\" width=\"95\">HB-015L<\/td>\n<td style=\"border: 1px solid black;\" width=\"95\">HB-020L<\/td>\n<td style=\"border: 1px solid black;\" width=\"95\">HB-026L<\/td>\n<td style=\"border: 1px solid black;\" width=\"95\">HB-036L<\/td>\n<td style=\"border: 1px solid black;\" width=\"95\">HB-065L<\/td>\n<td style=\"border: 1px solid black;\" width=\"95\">HB-100L<\/td>\n<td style=\"border: 1px solid black;\" width=\"95\">HB-128L<\/td>\n<\/tr>\n<tr>\n<td style=\"border: 1px solid black;\" colspan=\"2\" width=\"193\">De Manejo de aire de Capacidad\uff08Nm3\/min\uff09<\/td>\n<td style=\"border: 1px solid black;\" width=\"95\">1.5<\/td>\n<td style=\"border: 1px solid black;\">2<\/td>\n<td style=\"border: 1px solid black;\">2.6<\/td>\n<td style=\"border: 1px solid black;\">3.6<\/td>\n<td style=\"border: 1px solid black;\">6.5<\/td>\n<td style=\"border: 1px solid black;\">10<\/td>\n<td style=\"border: 1px solid black;\">12.8<\/td>\n<\/tr>\n<tr>\n<td style=\"border: 1px solid black;\" colspan=\"2\" width=\"193\">La coincidencia de Compresor de Aire\uff08KW\/HP\uff09<\/td>\n<td style=\"border: 1px solid black;\">7.5\/10<\/td>\n<td style=\"border: 1px solid black;\">11\/15<\/td>\n<td style=\"border: 1px solid black;\">15\/20<\/td>\n<td style=\"border: 1px solid black;\">22\/30<\/td>\n<td style=\"border: 1px solid black;\">37\/50<\/td>\n<td style=\"border: 1px solid black;\">55\/75<\/td>\n<td style=\"border: 1px solid black;\">75\/100<\/td>\n<\/tr>\n<tr>\n<td style=\"border: 1px solid black;\" colspan=\"2\">Peso\uff08KG\uff09<\/td>\n<td style=\"border: 1px solid black;\" width=\"95\">35<\/td>\n<td style=\"border: 1px solid black;\">38<\/td>\n<td style=\"border: 1px solid black;\">40<\/td>\n<td style=\"border: 1px solid black;\">60<\/td>\n<td style=\"border: 1px solid black;\">72<\/td>\n<td style=\"border: 1px solid black;\">120<\/td>\n<td style=\"border: 1px solid black;\">160<\/td>\n<\/tr>\n<tr>\n<td style=\"border: 1px solid black;\" colspan=\"2\" width=\"193\">De Entrada\/Salida Del Puerto De Di\u00e1metro<\/td>\n<td style=\"border: 1px solid black;\">DN25<\/td>\n<td style=\"border: 1px solid black;\">DN25<\/td>\n<td style=\"border: 1px solid black;\">DN25<\/td>\n<td style=\"border: 1px solid black;\">DN40<\/td>\n<td style=\"border: 1px solid black;\">DN50<\/td>\n<td style=\"border: 1px solid black;\">DN65<\/td>\n<td style=\"border: 1px solid black;\">DN65<\/td>\n<\/tr>\n<tr>\n<td style=\"border: 1px solid black;\" colspan=\"2\">Entrada De Alimentaci\u00f3n<\/td>\n<td style=\"border: 1px solid black;\">300W<\/td>\n<td style=\"border: 1px solid black;\">410W<\/td>\n<td style=\"border: 1px solid black;\">540W<\/td>\n<td style=\"border: 1px solid black;\">850W<\/td>\n<td style=\"border: 1px solid black;\">1280W<\/td>\n<td style=\"border: 1px solid black;\">1570W<\/td>\n<td style=\"border: 1px solid black;\">2250W<\/td>\n<\/tr>\n<tr>\n<td style=\"border: 1px solid black;\" colspan=\"2\">Fuente De Alimentaci\u00f3n<\/td>\n<td style=\"border: 1px solid black;\" colspan=\"6\">AC 220-240V\/50HZ<\/td>\n<td style=\"border: 1px solid black;\" width=\"95\">DE LA CA 380V\/50HZ<\/td>\n<\/tr>\n<tr>\n<td style=\"border: 1px solid black;\" rowspan=\"3\" width=\"162\">Dimensions\uff08mm\uff09<\/td>\n<td style=\"border: 1px solid black;\">Longitud<\/td>\n<td style=\"border: 1px solid black;\" width=\"95\">700<\/td>\n<td style=\"border: 1px solid black;\" width=\"95\">700<\/td>\n<td style=\"border: 1px solid black;\">700<\/td>\n<td style=\"border: 1px solid black;\">800<\/td>\n<td style=\"border: 1px solid black;\">900<\/td>\n<td style=\"border: 1px solid black;\">1130<\/td>\n<td style=\"border: 1px solid black;\">1130<\/td>\n<\/tr>\n<tr>\n<td style=\"border: 1px solid black;\">Ancho<\/td>\n<td style=\"border: 1px solid black;\" width=\"95\">390<\/td>\n<td style=\"border: 1px solid black;\" width=\"95\">390<\/td>\n<td style=\"border: 1px solid black;\">390<\/td>\n<td style=\"border: 1px solid black;\">470<\/td>\n<td style=\"border: 1px solid black;\">490<\/td>\n<td style=\"border: 1px solid black;\">570<\/td>\n<td style=\"border: 1px solid black;\">620<\/td>\n<\/tr>\n<tr>\n<td style=\"border: 1px solid black;\">Altura<\/td>\n<td style=\"border: 1px solid black;\" width=\"95\">650<\/td>\n<td style=\"border: 1px solid black;\" width=\"95\">650<\/td>\n<td style=\"border: 1px solid black;\">700<\/td>\n<td style=\"border: 1px solid black;\">800<\/td>\n<td style=\"border: 1px solid black;\">850<\/td>\n<td style=\"border: 1px solid black;\">930<\/td>\n<td style=\"border: 1px solid black;\">1100<\/td>\n<\/tr>\n<tr>\n<td style=\"border: 1px solid black;\" colspan=\"2\" rowspan=\"2\">Comentarios<\/td>\n<td style=\"border: 1px solid black;\" colspan=\"7\" width=\"669\">De Aire De Entrada De Temperatura: \u226445\u00b0C, Temperatura Ambiente: \u226440\u00b0C, Presi\u00f3n De Trabajo: 0.7\u20131.0 MPa<\/td>\n<\/tr>\n<tr>\n<td style=\"border: 1px solid black;\" colspan=\"7\" width=\"669\">2-10\u00b0C (Equivalente a la Atmosf\u00e9rica, Punto de Roc\u00edo: -17 a -22\u00b0C)<\/td>\n<\/tr>\n<\/tbody>\n<\/table>\n<\/div>","protected":false},"excerpt":{"rendered":"<ul>\n<li>\n<p class=\"ds-markdown-paragraph\"><strong>Premium Sistema De Refrigeraci\u00f3n<\/strong><\/p>\n<\/li>\n<li>\n<p class=\"ds-markdown-paragraph\"><strong>La Automatizaci\u00f3n Inteligente<\/strong><\/p>\n<\/li>\n<li>\n<p class=\"ds-markdown-paragraph\"><strong>Superior De Eliminaci\u00f3n De Humedad<\/strong><\/p>\n<\/li>\n<li>\n<p class=\"ds-markdown-paragraph\"><strong>Dise\u00f1ado para la facilidad de Mantenimiento<\/strong><\/p>\n<\/li>\n<\/ul>","protected":false},"featured_media":2113,"comment_status":"open","ping_status":"closed","template":"","meta":[],"product_brand":[],"product_cat":[34],"product_tag":[],"class_list":{"0":"post-2111","1":"product","2":"type-product","3":"status-publish","4":"has-post-thumbnail","6":"product_cat-dryer","8":"first","9":"instock","10":"shipping-taxable","11":"product-type-simple"},"_links":{"self":[{"href":"https:\/\/hrsaircompressor.com\/es\/wp-json\/wp\/v2\/product\/2111","targetHints":{"allow":["GET"]}}],"collection":[{"href":"https:\/\/hrsaircompressor.com\/es\/wp-json\/wp\/v2\/product"}],"about":[{"href":"https:\/\/hrsaircompressor.com\/es\/wp-json\/wp\/v2\/types\/product"}],"replies":[{"embeddable":true,"href":"https:\/\/hrsaircompressor.com\/es\/wp-json\/wp\/v2\/comments?post=2111"}],"wp:featuredmedia":[{"embeddable":true,"href":"https:\/\/hrsaircompressor.com\/es\/wp-json\/wp\/v2\/media\/2113"}],"wp:attachment":[{"href":"https:\/\/hrsaircompressor.com\/es\/wp-json\/wp\/v2\/media?parent=2111"}],"wp:term":[{"taxonomy":"product_brand","embeddable":true,"href":"https:\/\/hrsaircompressor.com\/es\/wp-json\/wp\/v2\/product_brand?post=2111"},{"taxonomy":"product_cat","embeddable":true,"href":"https:\/\/hrsaircompressor.com\/es\/wp-json\/wp\/v2\/product_cat?post=2111"},{"taxonomy":"product_tag","embeddable":true,"href":"https:\/\/hrsaircompressor.com\/es\/wp-json\/wp\/v2\/product_tag?post=2111"}],"curies":[{"name":"wp","href":"https:\/\/api.w.org\/{rel}","templated":true}]}}