{"id":2118,"date":"2025-04-10T09:10:56","date_gmt":"2025-04-10T01:10:56","guid":{"rendered":"http:\/\/hrsaircompressor.com\/?post_type=product&#038;p=2118"},"modified":"2026-02-14T08:18:23","modified_gmt":"2026-02-14T00:18:23","slug":"hareyes-fa-series-precision-filter","status":"publish","type":"product","link":"https:\/\/hrsaircompressor.com\/es\/producto\/hareyes-fa-series-precision-filter\/","title":{"rendered":"Filtros de precisi\u00f3n de la serie hareyes fa"},"content":{"rendered":"<ol>\n<li>\n<h4>La carcasa est\u00e1 hecha de fundici\u00f3n de aleaci\u00f3n de aluminio, con una estructura precisa y larga vida de servicio.<\/h4>\n<\/li>\n<li>\n<h4>Apariencia elegante dise\u00f1o con alta calidad subproceso de procesamiento o de la brida tipo, haciendo que la instalaci\u00f3n y el mantenimiento extremadamente f\u00e1cil.<\/h4>\n<\/li>\n<li>\n<h4>Filtro avanzado el dise\u00f1o de los elementos hace que el filtro m\u00e1s peque\u00f1o y m\u00e1s compacto, reduciendo el espacio necesario para el mantenimiento.<\/h4>\n<\/li>\n<li>\n<h4>Equipado con un diferencial de presi\u00f3n de indicador que mide las diferencias de presi\u00f3n y muestra el elemento del filtro de condiciones, la prevenci\u00f3n de ca\u00eddas de presi\u00f3n excesivas o anormal de los bloqueos, haciendo la sustituci\u00f3n de los filtros de temporizaci\u00f3n claro de un vistazo.<\/h4>\n<\/li>\n<li>\n<h4>Autom\u00e1tico fiable dispositivo de drenaje.<\/h4>\n<\/li>\n<\/ol>\n<p><strong>Hareyes De Alta Eficiencia Filtro De Precisi\u00f3n \u2013 Especificaciones T\u00e9cnicas<\/strong><\/p>\n<div style=\"overflow-x: auto;\">\n<table style=\"border-collapse: collapse; border: 1px solid black;\" border=\"1\" width=\"1618\" cellspacing=\"0\" cellpadding=\"5\">\n<tbody>\n<tr>\n<td style=\"border: 1px solid black; font-weight: bold; background-color: #f2f2f2;\" colspan=\"2\" width=\"204\">Modelo<\/td>\n<td style=\"border: 1px solid black; text-align: center;\" width=\"88\">FA-10<\/td>\n<td style=\"border: 1px solid black; text-align: center;\" width=\"88\">FA-15<\/td>\n<td style=\"border: 1px solid black; text-align: center;\" width=\"88\">FA-18<\/td>\n<td style=\"border: 1px solid black; text-align: center;\" width=\"88\">FA-20<\/td>\n<td style=\"border: 1px solid black; text-align: center;\" width=\"88\">FA-24<\/td>\n<td style=\"border: 1px solid black; text-align: center;\" width=\"88\">FA-28<\/td>\n<td style=\"border: 1px solid black; text-align: center;\" width=\"88\">FA-36<\/td>\n<td style=\"border: 1px solid black; text-align: center;\" width=\"88\">FA-50<\/td>\n<td style=\"border: 1px solid black; text-align: center;\" width=\"88\">FA-75<\/td>\n<td style=\"border: 1px solid black; text-align: center;\" width=\"88\">FA-100<\/td>\n<td style=\"border: 1px solid black; text-align: center;\" width=\"88\">FA-130<\/td>\n<td style=\"border: 1px solid black; text-align: center;\" width=\"88\">FA-170<\/td>\n<td style=\"border: 1px solid black; text-align: center;\" width=\"88\">FA-190<\/td>\n<td style=\"border: 1px solid black; text-align: center;\" width=\"88\">FA-250<\/td>\n<td style=\"border: 1px solid black; text-align: center;\" width=\"88\">FA-280<\/td>\n<td style=\"border: 1px solid black; text-align: center;\" width=\"88\">FA-410<\/td>\n<\/tr>\n<tr>\n<td style=\"border: 1px solid black; font-weight: bold; background-color: #f2f2f2;\" colspan=\"2\" width=\"204\">Di\u00e1metro De La Tuber\u00eda<\/td>\n<td style=\"border: 1px solid black; text-align: center;\">Rc\u00bd&#034;<\/td>\n<td style=\"border: 1px solid black; text-align: center;\">Rc\u00be&#034;<\/td>\n<td style=\"border: 1px solid black; text-align: center;\">Rc\u00be&#034;<\/td>\n<td style=\"border: 1px solid black; text-align: center;\">Rc1&#034;<\/td>\n<td style=\"border: 1px solid black; text-align: center;\">Rc\u00be&#034;<\/td>\n<td style=\"border: 1px solid black; text-align: center;\">Rc\u00be&#034;<\/td>\n<td style=\"border: 1px solid black; text-align: center;\">Rc1&#034;<\/td>\n<td style=\"border: 1px solid black; text-align: center;\">Rc1&#034;<\/td>\n<td style=\"border: 1px solid black; text-align: center;\">Rc1\u00bd&#034;<\/td>\n<td style=\"border: 1px solid black; text-align: center;\">Rc2&#034;<\/td>\n<td style=\"border: 1px solid black; text-align: center;\">Rc2\u00bd&#034;<\/td>\n<td style=\"border: 1px solid black; text-align: center;\">Rc2&#034;<\/td>\n<td style=\"border: 1px solid black; text-align: center;\">Rc2\u00bd&#034;<\/td>\n<td style=\"border: 1px solid black; text-align: center;\">Rc3&#034;<\/td>\n<td style=\"border: 1px solid black; text-align: center;\">Rc3&#034;<\/td>\n<td style=\"border: 1px solid black; text-align: center;\">Rc3&#034;<\/td>\n<\/tr>\n<tr>\n<td style=\"border: 1px solid black; font-weight: bold; background-color: #f2f2f2;\" rowspan=\"3\" width=\"116\">La Tasa De Flujo De<\/td>\n<td style=\"border: 1px solid black; font-weight: bold;\">L\/S<\/td>\n<td style=\"border: 1px solid black; text-align: center;\">16.7<\/td>\n<td style=\"border: 1px solid black; text-align: center;\">25<\/td>\n<td style=\"border: 1px solid black; text-align: center;\">30<\/td>\n<td style=\"border: 1px solid black; text-align: center;\">33.3<\/td>\n<td style=\"border: 1px solid black; text-align: center;\">40<\/td>\n<td style=\"border: 1px solid black; text-align: center;\">46.7<\/td>\n<td style=\"border: 1px solid black; text-align: center;\">60<\/td>\n<td style=\"border: 1px solid black; text-align: center;\">83.3<\/td>\n<td style=\"border: 1px solid black; text-align: center;\">125<\/td>\n<td style=\"border: 1px solid black; text-align: center;\">166.7<\/td>\n<td style=\"border: 1px solid black; text-align: center;\">216.7<\/td>\n<td style=\"border: 1px solid black; text-align: center;\">283.3<\/td>\n<td style=\"border: 1px solid black; text-align: center;\">316.7<\/td>\n<td style=\"border: 1px solid black; text-align: center;\">416.7<\/td>\n<td style=\"border: 1px solid black; text-align: center;\">466.7<\/td>\n<td style=\"border: 1px solid black; text-align: center;\">683.3<\/td>\n<\/tr>\n<tr>\n<td style=\"border: 1px solid black; font-weight: bold;\">m3\/min<\/td>\n<td style=\"border: 1px solid black; text-align: center;\">1<\/td>\n<td style=\"border: 1px solid black; text-align: center;\">1.5<\/td>\n<td style=\"border: 1px solid black; text-align: center;\">1.8<\/td>\n<td style=\"border: 1px solid black; text-align: center;\">2<\/td>\n<td style=\"border: 1px solid black; text-align: center;\">2.4<\/td>\n<td style=\"border: 1px solid black; text-align: center;\">2.8<\/td>\n<td style=\"border: 1px solid black; text-align: center;\">3.6<\/td>\n<td style=\"border: 1px solid black; text-align: center;\">5<\/td>\n<td style=\"border: 1px solid black; text-align: center;\">7.5<\/td>\n<td style=\"border: 1px solid black; text-align: center;\">10<\/td>\n<td style=\"border: 1px solid black; text-align: center;\">13<\/td>\n<td style=\"border: 1px solid black; text-align: center;\">17<\/td>\n<td style=\"border: 1px solid black; text-align: center;\">19<\/td>\n<td style=\"border: 1px solid black; text-align: center;\">25<\/td>\n<td style=\"border: 1px solid black; text-align: center;\">28<\/td>\n<td style=\"border: 1px solid black; text-align: center;\">41<\/td>\n<\/tr>\n<tr>\n<td style=\"border: 1px solid black; font-weight: bold;\">cfm<\/td>\n<td style=\"border: 1px solid black; text-align: center;\">35.3<\/td>\n<td style=\"border: 1px solid black; text-align: center;\">53<\/td>\n<td style=\"border: 1px solid black; text-align: center;\">63.6<\/td>\n<td style=\"border: 1px solid black; text-align: center;\">70.6<\/td>\n<td style=\"border: 1px solid black; text-align: center;\">84.7<\/td>\n<td style=\"border: 1px solid black; text-align: center;\">99<\/td>\n<td style=\"border: 1px solid black; text-align: center;\">127.1<\/td>\n<td style=\"border: 1px solid black; text-align: center;\">177<\/td>\n<td style=\"border: 1px solid black; text-align: center;\">264.8<\/td>\n<td style=\"border: 1px solid black; text-align: center;\">353.1<\/td>\n<td style=\"border: 1px solid black; text-align: center;\">459<\/td>\n<td style=\"border: 1px solid black; text-align: center;\">600.3<\/td>\n<td style=\"border: 1px solid black; text-align: center;\">671<\/td>\n<td style=\"border: 1px solid black; text-align: center;\">883<\/td>\n<td style=\"border: 1px solid black; text-align: center;\">988.7<\/td>\n<td style=\"border: 1px solid black; text-align: center;\">1448<\/td>\n<\/tr>\n<tr>\n<td style=\"border: 1px solid black; font-weight: bold; background-color: #f2f2f2;\" colspan=\"2\" width=\"204\">Cantidad<\/td>\n<td style=\"border: 1px solid black; text-align: center;\">1<\/td>\n<td style=\"border: 1px solid black; text-align: center;\">1<\/td>\n<td style=\"border: 1px solid black; text-align: center;\">1<\/td>\n<td style=\"border: 1px solid black; text-align: center;\">1<\/td>\n<td style=\"border: 1px solid black; text-align: center;\">1<\/td>\n<td style=\"border: 1px solid black; text-align: center;\">1<\/td>\n<td style=\"border: 1px solid black; text-align: center;\">1<\/td>\n<td style=\"border: 1px solid black; text-align: center;\">1<\/td>\n<td style=\"border: 1px solid black; text-align: center;\">1<\/td>\n<td style=\"border: 1px solid black; text-align: center;\">1<\/td>\n<td style=\"border: 1px solid black; text-align: center;\">1<\/td>\n<td style=\"border: 1px solid black; text-align: center;\">1<\/td>\n<td style=\"border: 1px solid black; text-align: center;\">1<\/td>\n<td style=\"border: 1px solid black; text-align: center;\">1<\/td>\n<td style=\"border: 1px solid black; text-align: center;\">1<\/td>\n<td style=\"border: 1px solid black; text-align: center;\">1<\/td>\n<\/tr>\n<tr>\n<td style=\"border: 1px solid black; font-weight: bold; background-color: #f2f2f2;\" rowspan=\"6\" width=\"116\">Dimensiones (mm)<\/td>\n<td style=\"border: 1px solid black; font-weight: bold;\">Ancho (W)<\/td>\n<td style=\"border: 1px solid black; text-align: center;\">96<\/td>\n<td style=\"border: 1px solid black; text-align: center;\">96<\/td>\n<td style=\"border: 1px solid black; text-align: center;\">96<\/td>\n<td style=\"border: 1px solid black; text-align: center;\">96<\/td>\n<td style=\"border: 1px solid black; text-align: center;\">96<\/td>\n<td style=\"border: 1px solid black; text-align: center;\">138<\/td>\n<td style=\"border: 1px solid black; text-align: center;\">138<\/td>\n<td style=\"border: 1px solid black; text-align: center;\">138<\/td>\n<td style=\"border: 1px solid black; text-align: center;\">138<\/td>\n<td style=\"border: 1px solid black; text-align: center;\">174<\/td>\n<td style=\"border: 1px solid black; text-align: center;\">174<\/td>\n<td style=\"border: 1px solid black; text-align: center;\">174<\/td>\n<td style=\"border: 1px solid black; text-align: center;\">174<\/td>\n<td style=\"border: 1px solid black; text-align: center;\">220<\/td>\n<td style=\"border: 1px solid black; text-align: center;\">220<\/td>\n<td style=\"border: 1px solid black; text-align: center;\">220<\/td>\n<\/tr>\n<tr>\n<td style=\"border: 1px solid black; font-weight: bold;\">Di\u00e1metro (D)<\/td>\n<td style=\"border: 1px solid black; text-align: center;\">79<\/td>\n<td style=\"border: 1px solid black; text-align: center;\">79<\/td>\n<td style=\"border: 1px solid black; text-align: center;\">79<\/td>\n<td style=\"border: 1px solid black; text-align: center;\">79<\/td>\n<td style=\"border: 1px solid black; text-align: center;\">79<\/td>\n<td style=\"border: 1px solid black; text-align: center;\">111<\/td>\n<td style=\"border: 1px solid black; text-align: center;\">111<\/td>\n<td style=\"border: 1px solid black; text-align: center;\">111<\/td>\n<td style=\"border: 1px solid black; text-align: center;\">111<\/td>\n<td style=\"border: 1px solid black; text-align: center;\">142<\/td>\n<td style=\"border: 1px solid black; text-align: center;\">142<\/td>\n<td style=\"border: 1px solid black; text-align: center;\">142<\/td>\n<td style=\"border: 1px solid black; text-align: center;\">142<\/td>\n<td style=\"border: 1px solid black; text-align: center;\">184<\/td>\n<td style=\"border: 1px solid black; text-align: center;\">184<\/td>\n<td style=\"border: 1px solid black; text-align: center;\">184<\/td>\n<\/tr>\n<tr>\n<td style=\"border: 1px solid black; font-weight: bold;\">Altura (H)<\/td>\n<td style=\"border: 1px solid black; text-align: center;\">261<\/td>\n<td style=\"border: 1px solid black; text-align: center;\">261<\/td>\n<td style=\"border: 1px solid black; text-align: center;\">295<\/td>\n<td style=\"border: 1px solid black; text-align: center;\">261<\/td>\n<td style=\"border: 1px solid black; text-align: center;\">295<\/td>\n<td style=\"border: 1px solid black; text-align: center;\">403<\/td>\n<td style=\"border: 1px solid black; text-align: center;\">403<\/td>\n<td style=\"border: 1px solid black; text-align: center;\">503<\/td>\n<td style=\"border: 1px solid black; text-align: center;\">503<\/td>\n<td style=\"border: 1px solid black; text-align: center;\">736<\/td>\n<td style=\"border: 1px solid black; text-align: center;\">736<\/td>\n<td style=\"border: 1px solid black; text-align: center;\">1016<\/td>\n<td style=\"border: 1px solid black; text-align: center;\">1016<\/td>\n<td style=\"border: 1px solid black; text-align: center;\">793<\/td>\n<td style=\"border: 1px solid black; text-align: center;\">793<\/td>\n<td style=\"border: 1px solid black; text-align: center;\">1050<\/td>\n<\/tr>\n<tr>\n<td style=\"border: 1px solid black; font-weight: bold;\">Un<\/td>\n<td style=\"border: 1px solid black; text-align: center;\">29<\/td>\n<td style=\"border: 1px solid black; text-align: center;\">29<\/td>\n<td style=\"border: 1px solid black; text-align: center;\">29<\/td>\n<td style=\"border: 1px solid black; text-align: center;\">29<\/td>\n<td style=\"border: 1px solid black; text-align: center;\">29<\/td>\n<td style=\"border: 1px solid black; text-align: center;\">37<\/td>\n<td style=\"border: 1px solid black; text-align: center;\">37<\/td>\n<td style=\"border: 1px solid black; text-align: center;\">37<\/td>\n<td style=\"border: 1px solid black; text-align: center;\">37<\/td>\n<td style=\"border: 1px solid black; text-align: center;\">58<\/td>\n<td style=\"border: 1px solid black; text-align: center;\">58<\/td>\n<td style=\"border: 1px solid black; text-align: center;\">58<\/td>\n<td style=\"border: 1px solid black; text-align: center;\">58<\/td>\n<td style=\"border: 1px solid black; text-align: center;\">74<\/td>\n<td style=\"border: 1px solid black; text-align: center;\">74<\/td>\n<td style=\"border: 1px solid black; text-align: center;\">74<\/td>\n<\/tr>\n<tr>\n<td style=\"border: 1px solid black; font-weight: bold;\">B<\/td>\n<td style=\"border: 1px solid black; text-align: center;\">198<\/td>\n<td style=\"border: 1px solid black; text-align: center;\">198<\/td>\n<td style=\"border: 1px solid black; text-align: center;\">233<\/td>\n<td style=\"border: 1px solid black; text-align: center;\">198<\/td>\n<td style=\"border: 1px solid black; text-align: center;\">233<\/td>\n<td style=\"border: 1px solid black; text-align: center;\">296<\/td>\n<td style=\"border: 1px solid black; text-align: center;\">296<\/td>\n<td style=\"border: 1px solid black; text-align: center;\">396<\/td>\n<td style=\"border: 1px solid black; text-align: center;\">396<\/td>\n<td style=\"border: 1px solid black; text-align: center;\">607<\/td>\n<td style=\"border: 1px solid black; text-align: center;\">607<\/td>\n<td style=\"border: 1px solid black; text-align: center;\">887<\/td>\n<td style=\"border: 1px solid black; text-align: center;\">887<\/td>\n<td style=\"border: 1px solid black; text-align: center;\">649<\/td>\n<td style=\"border: 1px solid black; text-align: center;\">649<\/td>\n<td style=\"border: 1px solid black; text-align: center;\">906<\/td>\n<\/tr>\n<tr>\n<td style=\"border: 1px solid black; font-weight: bold;\">C (autorizaci\u00f3n para la apertura de la vivienda)<\/td>\n<td style=\"border: 1px solid black; text-align: center;\">118<\/td>\n<td style=\"border: 1px solid black; text-align: center;\">118<\/td>\n<td style=\"border: 1px solid black; text-align: center;\">153<\/td>\n<td style=\"border: 1px solid black; text-align: center;\">118<\/td>\n<td style=\"border: 1px solid black; text-align: center;\">153<\/td>\n<td style=\"border: 1px solid black; text-align: center;\">208<\/td>\n<td style=\"border: 1px solid black; text-align: center;\">208<\/td>\n<td style=\"border: 1px solid black; text-align: center;\">303<\/td>\n<td style=\"border: 1px solid black; text-align: center;\">303<\/td>\n<td style=\"border: 1px solid black; text-align: center;\">469<\/td>\n<td style=\"border: 1px solid black; text-align: center;\">469<\/td>\n<td style=\"border: 1px solid black; text-align: center;\">794<\/td>\n<td style=\"border: 1px solid black; text-align: center;\">794<\/td>\n<td style=\"border: 1px solid black; text-align: center;\">514<\/td>\n<td style=\"border: 1px solid black; text-align: center;\">514<\/td>\n<td style=\"border: 1px solid black; text-align: center;\">764<\/td>\n<\/tr>\n<\/tbody>\n<\/table>\n<\/div>\n<p><strong>Nota:<\/strong> La empresa mejora continuamente sus productos y se reserva el derecho a modificar los dise\u00f1os. Final de los par\u00e1metros est\u00e1n sujetos a la m\u00e1quina real, y se pueden hacer cambios sin previo aviso.<\/p>","protected":false},"excerpt":{"rendered":"<ul>\n<li>\n<p class=\"ds-markdown-paragraph\"><strong>Resistente Fundici\u00f3n De Construcci\u00f3n<\/strong><\/p>\n<\/li>\n<li>\n<p class=\"ds-markdown-paragraph\"><strong>Dise\u00f1o F\u00e1cil De Usar<\/strong><\/p>\n<\/li>\n<li>\n<p class=\"ds-markdown-paragraph\"><strong>Ahorro De Espacio En El Sistema De Filtraci\u00f3n De<\/strong><\/p>\n<\/li>\n<li>\n<p class=\"ds-markdown-paragraph\"><strong>Inteligente Sistema De Monitoreo De<\/strong><\/p>\n<\/li>\n<\/ul>\n<ol start=\"5\">\n<li>\n<p class=\"ds-markdown-paragraph\"><strong>Automatizado De Mantenimiento De La Soluci\u00f3n<\/strong><\/p>\n<\/li>\n<\/ol>","protected":false},"featured_media":2119,"comment_status":"open","ping_status":"closed","template":"","meta":[],"product_brand":[],"product_cat":[35],"product_tag":[],"class_list":{"0":"post-2118","1":"product","2":"type-product","3":"status-publish","4":"has-post-thumbnail","6":"product_cat-filter","8":"first","9":"instock","10":"shipping-taxable","11":"product-type-simple"},"_links":{"self":[{"href":"https:\/\/hrsaircompressor.com\/es\/wp-json\/wp\/v2\/product\/2118","targetHints":{"allow":["GET"]}}],"collection":[{"href":"https:\/\/hrsaircompressor.com\/es\/wp-json\/wp\/v2\/product"}],"about":[{"href":"https:\/\/hrsaircompressor.com\/es\/wp-json\/wp\/v2\/types\/product"}],"replies":[{"embeddable":true,"href":"https:\/\/hrsaircompressor.com\/es\/wp-json\/wp\/v2\/comments?post=2118"}],"wp:featuredmedia":[{"embeddable":true,"href":"https:\/\/hrsaircompressor.com\/es\/wp-json\/wp\/v2\/media\/2119"}],"wp:attachment":[{"href":"https:\/\/hrsaircompressor.com\/es\/wp-json\/wp\/v2\/media?parent=2118"}],"wp:term":[{"taxonomy":"product_brand","embeddable":true,"href":"https:\/\/hrsaircompressor.com\/es\/wp-json\/wp\/v2\/product_brand?post=2118"},{"taxonomy":"product_cat","embeddable":true,"href":"https:\/\/hrsaircompressor.com\/es\/wp-json\/wp\/v2\/product_cat?post=2118"},{"taxonomy":"product_tag","embeddable":true,"href":"https:\/\/hrsaircompressor.com\/es\/wp-json\/wp\/v2\/product_tag?post=2118"}],"curies":[{"name":"wp","href":"https:\/\/api.w.org\/{rel}","templated":true}]}}