{"id":2120,"date":"2025-04-10T09:05:53","date_gmt":"2025-04-10T01:05:53","guid":{"rendered":"http:\/\/hrsaircompressor.com\/?post_type=product&#038;p=2120"},"modified":"2026-03-12T03:19:52","modified_gmt":"2026-03-11T19:19:52","slug":"hareyes-fb-series-precision-filter","status":"publish","type":"product","link":"https:\/\/hrsaircompressor.com\/es\/producto\/hareyes-fb-series-precision-filter\/","title":{"rendered":"Filtros de precisi\u00f3n de la serie hareyes FB"},"content":{"rendered":"<ol>\n<li>\n<h4>La carcasa est\u00e1 hecha de materias primas de alta calidad, asegurando la resistencia, la fuerza y la estabilidad.<\/h4>\n<\/li>\n<li>\n<h4>Caracter\u00edsticas de hasta el 96% de porosidad, proporcionando polvo de fuerte capacidad de retenci\u00f3n.<\/h4>\n<\/li>\n<li>\n<h4>El elemento del filtro est\u00e1 hecho de alta calidad de materiales especiales para una excelente secado y el rendimiento de la filtraci\u00f3n.<\/h4>\n<\/li>\n<li>\n<h4>F\u00e1cil instalaci\u00f3n y mantenimiento, la reducci\u00f3n total de los costes de mantenimiento.<\/h4>\n<\/li>\n<\/ol>\n<p><strong>Hareyes B De La Serie De Alta Eficiencia De La Precisi\u00f3n De Los Filtros \u2013 Especificaciones T\u00e9cnicas<\/strong><\/p>\n<div style=\"overflow-x: auto;\">\n<table style=\"border-collapse: collapse; border: 1px solid black; font-family: Arial, sans-serif;\" border=\"1\" width=\"1191\" cellspacing=\"0\" cellpadding=\"5\">\n<thead>\n<tr style=\"background-color: #f2f2f2;\">\n<td style=\"border: 1px solid black; font-weight: bold; text-align: center;\" colspan=\"2\" width=\"165\">Modelo<\/td>\n<td style=\"border: 1px solid black; text-align: center;\" width=\"85\">FB-007<\/td>\n<td style=\"border: 1px solid black; text-align: center;\" width=\"85\">FB-015<\/td>\n<td style=\"border: 1px solid black; text-align: center;\" width=\"85\">FB-024<\/td>\n<td style=\"border: 1px solid black; text-align: center;\" width=\"85\">FB-035<\/td>\n<td style=\"border: 1px solid black; text-align: center;\" width=\"85\">FB-060<\/td>\n<td style=\"border: 1px solid black; text-align: center;\" width=\"85\">FB-090<\/td>\n<td style=\"border: 1px solid black; text-align: center;\" width=\"85\">FB-120<\/td>\n<td style=\"border: 1px solid black; text-align: center;\" width=\"85\">FB-150<\/td>\n<td style=\"border: 1px solid black; text-align: center;\" width=\"85\">FB-240<\/td>\n<td style=\"border: 1px solid black; text-align: center;\" width=\"85\">FB-240<\/td>\n<td style=\"border: 1px solid black; text-align: center;\" width=\"85\">FB-360<\/td>\n<td style=\"border: 1px solid black; text-align: center;\" width=\"85\">FB-450<\/td>\n<\/tr>\n<\/thead>\n<tbody>\n<tr>\n<td style=\"border: 1px solid black; font-weight: bold;\" colspan=\"2\" width=\"165\">La Tasa de flujo (m3\/min)<\/td>\n<td style=\"border: 1px solid black; text-align: center;\">0.7<\/td>\n<td style=\"border: 1px solid black; text-align: center;\">1.5<\/td>\n<td style=\"border: 1px solid black; text-align: center;\">2.4<\/td>\n<td style=\"border: 1px solid black; text-align: center;\">3.5<\/td>\n<td style=\"border: 1px solid black; text-align: center;\">6<\/td>\n<td style=\"border: 1px solid black; text-align: center;\">9<\/td>\n<td style=\"border: 1px solid black; text-align: center;\">12<\/td>\n<td style=\"border: 1px solid black; text-align: center;\">15<\/td>\n<td style=\"border: 1px solid black; text-align: center;\">24<\/td>\n<td style=\"border: 1px solid black; text-align: center;\">30<\/td>\n<td style=\"border: 1px solid black; text-align: center;\">36<\/td>\n<td style=\"border: 1px solid black; text-align: center;\">45<\/td>\n<\/tr>\n<tr>\n<td style=\"border: 1px solid black; font-weight: bold;\" colspan=\"2\" width=\"165\">Tama\u00f1o Del Puerto<\/td>\n<td style=\"border: 1px solid black; text-align: center;\">G\u00be&#034;-1<\/td>\n<td style=\"border: 1px solid black; text-align: center;\">G\u00be&#034;-1<\/td>\n<td style=\"border: 1px solid black; text-align: center;\">G1\u00bd&#034;<\/td>\n<td style=\"border: 1px solid black; text-align: center;\">G1\u00bd&#034;<\/td>\n<td style=\"border: 1px solid black; text-align: center;\">G1\u00bd&#034;<\/td>\n<td style=\"border: 1px solid black; text-align: center;\">G2\u00bd&#034;<\/td>\n<td style=\"border: 1px solid black; text-align: center;\">G2\u00bd&#034;<\/td>\n<td style=\"border: 1px solid black; text-align: center;\">G2\u00bd&#034;<\/td>\n<td style=\"border: 1px solid black; text-align: center;\">DN80<\/td>\n<td style=\"border: 1px solid black; text-align: center;\">DN80<\/td>\n<td style=\"border: 1px solid black; text-align: center;\">DN100<\/td>\n<td style=\"border: 1px solid black; text-align: center;\">DN100<\/td>\n<\/tr>\n<tr>\n<td style=\"border: 1px solid black; font-weight: bold;\" colspan=\"2\" width=\"165\">Max. Presi\u00f3n de trabajo (bar)<\/td>\n<td style=\"border: 1px solid black; text-align: center;\">16<\/td>\n<td style=\"border: 1px solid black; text-align: center;\">16<\/td>\n<td style=\"border: 1px solid black; text-align: center;\">16<\/td>\n<td style=\"border: 1px solid black; text-align: center;\">16<\/td>\n<td style=\"border: 1px solid black; text-align: center;\">16<\/td>\n<td style=\"border: 1px solid black; text-align: center;\">16<\/td>\n<td style=\"border: 1px solid black; text-align: center;\">16<\/td>\n<td style=\"border: 1px solid black; text-align: center;\">16<\/td>\n<td style=\"border: 1px solid black; text-align: center;\">12<\/td>\n<td style=\"border: 1px solid black; text-align: center;\">12<\/td>\n<td style=\"border: 1px solid black; text-align: center;\">12<\/td>\n<td style=\"border: 1px solid black; text-align: center;\">12<\/td>\n<\/tr>\n<tr>\n<td style=\"border: 1px solid black; font-weight: bold; vertical-align: middle;\" rowspan=\"3\" width=\"72\">Dimensiones<\/td>\n<td style=\"border: 1px solid black; font-weight: bold;\" width=\"93\">Ancho (W)<\/td>\n<td style=\"border: 1px solid black; text-align: center;\">280<\/td>\n<td style=\"border: 1px solid black; text-align: center;\">280<\/td>\n<td style=\"border: 1px solid black; text-align: center;\">340<\/td>\n<td style=\"border: 1px solid black; text-align: center;\">340<\/td>\n<td style=\"border: 1px solid black; text-align: center;\">490<\/td>\n<td style=\"border: 1px solid black; text-align: center;\">550<\/td>\n<td style=\"border: 1px solid black; text-align: center;\">930<\/td>\n<td style=\"border: 1px solid black; text-align: center;\">930<\/td>\n<td style=\"border: 1px solid black; text-align: center;\">1400<\/td>\n<td style=\"border: 1px solid black; text-align: center;\">1400<\/td>\n<td style=\"border: 1px solid black; text-align: center;\">1420<\/td>\n<td style=\"border: 1px solid black; text-align: center;\">1420<\/td>\n<\/tr>\n<tr>\n<td style=\"border: 1px solid black; font-weight: bold;\" width=\"93\">Di\u00e1metro (D)<\/td>\n<td style=\"border: 1px solid black; text-align: center;\">230<\/td>\n<td style=\"border: 1px solid black; text-align: center;\">230<\/td>\n<td style=\"border: 1px solid black; text-align: center;\">275<\/td>\n<td style=\"border: 1px solid black; text-align: center;\">275<\/td>\n<td style=\"border: 1px solid black; text-align: center;\">420<\/td>\n<td style=\"border: 1px solid black; text-align: center;\">445<\/td>\n<td style=\"border: 1px solid black; text-align: center;\">825<\/td>\n<td style=\"border: 1px solid black; text-align: center;\">825<\/td>\n<td style=\"border: 1px solid black; text-align: center;\">1300<\/td>\n<td style=\"border: 1px solid black; text-align: center;\">1300<\/td>\n<td style=\"border: 1px solid black; text-align: center;\">1320<\/td>\n<td style=\"border: 1px solid black; text-align: center;\">1320<\/td>\n<\/tr>\n<tr>\n<td style=\"border: 1px solid black; font-weight: bold;\" width=\"93\">Altura (H)<\/td>\n<td style=\"border: 1px solid black; text-align: center;\">90<\/td>\n<td style=\"border: 1px solid black; text-align: center;\">90<\/td>\n<td style=\"border: 1px solid black; text-align: center;\">110<\/td>\n<td style=\"border: 1px solid black; text-align: center;\">110<\/td>\n<td style=\"border: 1px solid black; text-align: center;\">110<\/td>\n<td style=\"border: 1px solid black; text-align: center;\">150<\/td>\n<td style=\"border: 1px solid black; text-align: center;\">150<\/td>\n<td style=\"border: 1px solid black; text-align: center;\">150<\/td>\n<td style=\"border: 1px solid black; text-align: center;\">390<\/td>\n<td style=\"border: 1px solid black; text-align: center;\">390<\/td>\n<td style=\"border: 1px solid black; text-align: center;\">480<\/td>\n<td style=\"border: 1px solid black; text-align: center;\">480<\/td>\n<\/tr>\n<tr>\n<td style=\"border: 1px solid black; font-weight: bold;\" colspan=\"2\" width=\"165\">Peso (kg)<\/td>\n<td style=\"border: 1px solid black; text-align: center;\">1.2<\/td>\n<td style=\"border: 1px solid black; text-align: center;\">1.2<\/td>\n<td style=\"border: 1px solid black; text-align: center;\">2.2<\/td>\n<td style=\"border: 1px solid black; text-align: center;\">2.2<\/td>\n<td style=\"border: 1px solid black; text-align: center;\">2.7<\/td>\n<td style=\"border: 1px solid black; text-align: center;\">11<\/td>\n<td style=\"border: 1px solid black; text-align: center;\">16<\/td>\n<td style=\"border: 1px solid black; text-align: center;\">16<\/td>\n<td style=\"border: 1px solid black; text-align: center;\">40<\/td>\n<td style=\"border: 1px solid black; text-align: center;\">40<\/td>\n<td style=\"border: 1px solid black; text-align: center;\">55<\/td>\n<td style=\"border: 1px solid black; text-align: center;\">60<\/td>\n<\/tr>\n<tr>\n<td style=\"border: 1px solid black; font-weight: bold;\" colspan=\"2\" width=\"165\">Cartucho De Filtro De Configuraci\u00f3n<\/td>\n<td style=\"border: 1px solid black; text-align: center;\">007\u00d71<\/td>\n<td style=\"border: 1px solid black; text-align: center;\">015\u00d71<\/td>\n<td style=\"border: 1px solid black; text-align: center;\">024\u00d71<\/td>\n<td style=\"border: 1px solid black; text-align: center;\">035\u00d71<\/td>\n<td style=\"border: 1px solid black; text-align: center;\">060\u00d71<\/td>\n<td style=\"border: 1px solid black; text-align: center;\">090\u00d71<\/td>\n<td style=\"border: 1px solid black; text-align: center;\">120\u00d71<\/td>\n<td style=\"border: 1px solid black; text-align: center;\">150\u00d71<\/td>\n<td style=\"border: 1px solid black; text-align: center;\">120\u00d72<\/td>\n<td style=\"border: 1px solid black; text-align: center;\">150\u00d72<\/td>\n<td style=\"border: 1px solid black; text-align: center;\">120\u00d73<\/td>\n<td style=\"border: 1px solid black; text-align: center;\">150\u00d73<\/td>\n<\/tr>\n<\/tbody>\n<\/table>\n<\/div>","protected":false},"excerpt":{"rendered":"<ul>\n<li>\u200b<strong>Carcasa Duradera<\/strong>\u200b<\/li>\n<li>\u200b<strong>La Alta Porosidad De Dise\u00f1o<\/strong>\u200b<\/li>\n<li>\u200b<strong>Superior Rendimiento De La Filtraci\u00f3n<\/strong>\u200b<\/li>\n<li>\u200b<strong>Bajo Mantenimiento De La Instalaci\u00f3n<\/strong>\u200b<\/li>\n<\/ul>","protected":false},"featured_media":2121,"comment_status":"open","ping_status":"closed","template":"","meta":[],"product_brand":[],"product_cat":[35],"product_tag":[],"class_list":{"0":"post-2120","1":"product","2":"type-product","3":"status-publish","4":"has-post-thumbnail","6":"product_cat-filter","8":"first","9":"instock","10":"shipping-taxable","11":"product-type-simple"},"_links":{"self":[{"href":"https:\/\/hrsaircompressor.com\/es\/wp-json\/wp\/v2\/product\/2120","targetHints":{"allow":["GET"]}}],"collection":[{"href":"https:\/\/hrsaircompressor.com\/es\/wp-json\/wp\/v2\/product"}],"about":[{"href":"https:\/\/hrsaircompressor.com\/es\/wp-json\/wp\/v2\/types\/product"}],"replies":[{"embeddable":true,"href":"https:\/\/hrsaircompressor.com\/es\/wp-json\/wp\/v2\/comments?post=2120"}],"wp:featuredmedia":[{"embeddable":true,"href":"https:\/\/hrsaircompressor.com\/es\/wp-json\/wp\/v2\/media\/2121"}],"wp:attachment":[{"href":"https:\/\/hrsaircompressor.com\/es\/wp-json\/wp\/v2\/media?parent=2120"}],"wp:term":[{"taxonomy":"product_brand","embeddable":true,"href":"https:\/\/hrsaircompressor.com\/es\/wp-json\/wp\/v2\/product_brand?post=2120"},{"taxonomy":"product_cat","embeddable":true,"href":"https:\/\/hrsaircompressor.com\/es\/wp-json\/wp\/v2\/product_cat?post=2120"},{"taxonomy":"product_tag","embeddable":true,"href":"https:\/\/hrsaircompressor.com\/es\/wp-json\/wp\/v2\/product_tag?post=2120"}],"curies":[{"name":"wp","href":"https:\/\/api.w.org\/{rel}","templated":true}]}}