{"id":2570,"date":"2025-10-10T12:40:02","date_gmt":"2025-10-10T04:40:02","guid":{"rendered":"https:\/\/hrsaircompressor.com\/?page_id=2570"},"modified":"2025-10-10T14:22:23","modified_gmt":"2025-10-10T06:22:23","slug":"privacy-policy","status":"publish","type":"page","link":"https:\/\/hrsaircompressor.com\/tr\/privacy-policy\/","title":{"rendered":"Gizlilik Politikas\u0131"},"content":{"rendered":"<div data-elementor-type=\"wp-page\" data-elementor-id=\"2570\" class=\"elementor elementor-2570\" data-elementor-post-type=\"page\">\n\t\t\t\t\t\t<section class=\"elementor-section elementor-top-section elementor-element elementor-element-4a3fa43 elementor-section-boxed elementor-section-height-default elementor-section-height-default\" data-id=\"4a3fa43\" data-element_type=\"section\" data-e-type=\"section\">\n\t\t\t\t\t\t<div class=\"elementor-container elementor-column-gap-no\">\n\t\t\t\t\t<div class=\"elementor-column elementor-col-100 elementor-top-column elementor-element elementor-element-df96500\" data-id=\"df96500\" data-element_type=\"column\" data-e-type=\"column\">\n\t\t\t<div class=\"elementor-widget-wrap elementor-element-populated\">\n\t\t\t\t\t\t<div class=\"elementor-element elementor-element-4aea7cc elementor-widget elementor-widget-text-editor\" data-id=\"4aea7cc\" data-element_type=\"widget\" data-e-type=\"widget\" data-widget_type=\"text-editor.default\">\n\t\t\t\t<div class=\"elementor-widget-container\">\n\t\t\t\t\t\t\t\t\t<p>Gizlili\u011finize de\u011fer veriyoruz ve ki\u015fisel bilgilerinizi korumay\u0131 taahh\u00fct ediyoruz.<br \/>\u0130leti\u015fim formunu doldurdu\u011funuzda veya bizimle ileti\u015fime ge\u00e7ti\u011finizde; ad\u0131n\u0131z, e-posta adresiniz, WhatsApp numaran\u0131z, \u015firket ad\u0131n\u0131z veya di\u011fer ileti\u015fim bilgileriniz toplanabilir.<\/p><p>Bu bilgileri yaln\u0131zca \u00fcr\u00fcn teklifleri, teknik bilgiler ve m\u00fc\u015fteri deste\u011fi sa\u011flamak i\u00e7in kullan\u0131yoruz.<br \/>Bilgileriniz hi\u00e7bir \u015fekilde \u00fc\u00e7\u00fcnc\u00fc taraflara sat\u0131lmayacak, kiralanmayacak veya payla\u015f\u0131lmayacakt\u0131r.<br \/>T\u00fcm veriler g\u00fcvenli bir \u015fekilde saklanmakta ve yaln\u0131zca yetkili personel taraf\u0131ndan eri\u015filebilmektedir.<\/p><p>Ki\u015fisel bilgilerinizi g\u00fcncellemek veya silmek isterseniz, l\u00fctfen bizimle ileti\u015fime ge\u00e7in:<br \/>info@aircomprs.com<\/p><p>G\u00fcveniniz ve deste\u011finiz i\u00e7in te\u015fekk\u00fcr ederiz.<\/p>\t\t\t\t\t\t\t\t<\/div>\n\t\t\t\t<\/div>\n\t\t\t\t\t<\/div>\n\t\t<\/div>\n\t\t\t\t\t<\/div>\n\t\t<\/section>\n\t\t\t\t<\/div>","protected":false},"excerpt":{"rendered":"<p>We value your privacy and are committed to protecting your personal information.When you fill out a contact form or communicate with us, we may collect your name, email address, WhatsApp number, company name, or other contact details. We use this information only to provide product quotations, technical information, and customer support.Your information will not be [&hellip;]<\/p>","protected":false},"author":1,"featured_media":0,"parent":0,"menu_order":0,"comment_status":"closed","ping_status":"closed","template":"tpl-default-elementor.php","meta":{"footnotes":""},"class_list":["post-2570","page","type-page","status-publish","hentry"],"_links":{"self":[{"href":"https:\/\/hrsaircompressor.com\/tr\/wp-json\/wp\/v2\/pages\/2570","targetHints":{"allow":["GET"]}}],"collection":[{"href":"https:\/\/hrsaircompressor.com\/tr\/wp-json\/wp\/v2\/pages"}],"about":[{"href":"https:\/\/hrsaircompressor.com\/tr\/wp-json\/wp\/v2\/types\/page"}],"author":[{"embeddable":true,"href":"https:\/\/hrsaircompressor.com\/tr\/wp-json\/wp\/v2\/users\/1"}],"replies":[{"embeddable":true,"href":"https:\/\/hrsaircompressor.com\/tr\/wp-json\/wp\/v2\/comments?post=2570"}],"version-history":[{"count":4,"href":"https:\/\/hrsaircompressor.com\/tr\/wp-json\/wp\/v2\/pages\/2570\/revisions"}],"predecessor-version":[{"id":2577,"href":"https:\/\/hrsaircompressor.com\/tr\/wp-json\/wp\/v2\/pages\/2570\/revisions\/2577"}],"wp:attachment":[{"href":"https:\/\/hrsaircompressor.com\/tr\/wp-json\/wp\/v2\/media?parent=2570"}],"curies":[{"name":"wp","href":"https:\/\/api.w.org\/{rel}","templated":true}]}}