{"id":913,"date":"2023-07-03T08:19:27","date_gmt":"2023-07-03T08:19:27","guid":{"rendered":"https:\/\/html.tonatheme.com\/wp\/industrypress\/?page_id=913"},"modified":"2025-04-16T17:00:45","modified_gmt":"2025-04-16T09:00:45","slug":"honors","status":"publish","type":"page","link":"https:\/\/hrsaircompressor.com\/tr\/honors\/","title":{"rendered":"Onur"},"content":{"rendered":"<div data-elementor-type=\"wp-page\" data-elementor-id=\"913\" class=\"elementor elementor-913\" data-elementor-post-type=\"page\">\n\t\t\t\t\t\t<section class=\"elementor-section elementor-top-section elementor-element elementor-element-4a3fa43 elementor-section-boxed elementor-section-height-default elementor-section-height-default\" data-id=\"4a3fa43\" data-element_type=\"section\" data-e-type=\"section\">\n\t\t\t\t\t\t<div class=\"elementor-container elementor-column-gap-no\">\n\t\t\t\t\t<div class=\"elementor-column elementor-col-100 elementor-top-column elementor-element elementor-element-df96500\" data-id=\"df96500\" data-element_type=\"column\" data-e-type=\"column\">\n\t\t\t<div class=\"elementor-widget-wrap elementor-element-populated\">\n\t\t\t\t\t\t<div class=\"elementor-element elementor-element-12fbb52 elementor-widget elementor-widget-gallery\" data-id=\"12fbb52\" data-element_type=\"widget\" data-e-type=\"widget\" data-settings=\"{&quot;gallery_layout&quot;:&quot;justified&quot;,&quot;ideal_row_height&quot;:{&quot;unit&quot;:&quot;px&quot;,&quot;size&quot;:300,&quot;sizes&quot;:[]},&quot;lazyload&quot;:&quot;yes&quot;,&quot;ideal_row_height_tablet&quot;:{&quot;unit&quot;:&quot;px&quot;,&quot;size&quot;:150,&quot;sizes&quot;:[]},&quot;ideal_row_height_mobile&quot;:{&quot;unit&quot;:&quot;px&quot;,&quot;size&quot;:150,&quot;sizes&quot;:[]},&quot;gap&quot;:{&quot;unit&quot;:&quot;px&quot;,&quot;size&quot;:10,&quot;sizes&quot;:[]},&quot;gap_tablet&quot;:{&quot;unit&quot;:&quot;px&quot;,&quot;size&quot;:10,&quot;sizes&quot;:[]},&quot;gap_mobile&quot;:{&quot;unit&quot;:&quot;px&quot;,&quot;size&quot;:10,&quot;sizes&quot;:[]},&quot;link_to&quot;:&quot;file&quot;,&quot;overlay_background&quot;:&quot;yes&quot;,&quot;content_hover_animation&quot;:&quot;fade-in&quot;}\" data-widget_type=\"gallery.default\">\n\t\t\t\t<div class=\"elementor-widget-container\">\n\t\t\t\t\t\t\t<div class=\"elementor-gallery__container\">\n\t\t\t\t\t\t\t<a class=\"e-gallery-item elementor-gallery-item elementor-animated-content\" href=\"https:\/\/hrsaircompressor.com\/wp-content\/uploads\/2023\/06\/b997d5c5be8e44134ada9fb7c9e0d72.jpg\" data-elementor-open-lightbox=\"yes\" data-elementor-lightbox-slideshow=\"12fbb52\" data-elementor-lightbox-title=\"b997d5c5be8e44134ada9fb7c9e0d72\" data-e-action-hash=\"#elementor-action%3Aaction%3Dlightbox%26settings%3DeyJpZCI6MTc4OSwidXJsIjoiaHR0cHM6XC9cL2hyc2FpcmNvbXByZXNzb3IuY29tXC93cC1jb250ZW50XC91cGxvYWRzXC8yMDIzXC8wNlwvYjk5N2Q1YzViZThlNDQxMzRhZGE5ZmI3YzllMGQ3Mi5qcGciLCJzbGlkZXNob3ciOiIxMmZiYjUyIn0%3D\">\n\t\t\t\t\t<div class=\"e-gallery-image elementor-gallery-item__image\" data-thumbnail=\"https:\/\/hrsaircompressor.com\/wp-content\/uploads\/2023\/06\/b997d5c5be8e44134ada9fb7c9e0d72.jpg\" data-width=\"1080\" data-height=\"1526\" aria-label=\"\" role=\"img\" ><\/div>\n\t\t\t\t\t\t\t\t\t\t\t<div class=\"elementor-gallery-item__overlay\"><\/div>\n\t\t\t\t\t\t\t\t\t\t\t\t\t\t<\/a>\n\t\t\t\t\t\t\t<a class=\"e-gallery-item elementor-gallery-item elementor-animated-content\" href=\"https:\/\/hrsaircompressor.com\/wp-content\/uploads\/2023\/06\/abc97905c298df72f26f57cf4396f42.jpg\" data-elementor-open-lightbox=\"yes\" data-elementor-lightbox-slideshow=\"12fbb52\" data-elementor-lightbox-title=\"abc97905c298df72f26f57cf4396f42\" data-e-action-hash=\"#elementor-action%3Aaction%3Dlightbox%26settings%3DeyJpZCI6MTc4OCwidXJsIjoiaHR0cHM6XC9cL2hyc2FpcmNvbXByZXNzb3IuY29tXC93cC1jb250ZW50XC91cGxvYWRzXC8yMDIzXC8wNlwvYWJjOTc5MDVjMjk4ZGY3MmYyNmY1N2NmNDM5NmY0Mi5qcGciLCJzbGlkZXNob3ciOiIxMmZiYjUyIn0%3D\">\n\t\t\t\t\t<div class=\"e-gallery-image elementor-gallery-item__image\" data-thumbnail=\"https:\/\/hrsaircompressor.com\/wp-content\/uploads\/2023\/06\/abc97905c298df72f26f57cf4396f42.jpg\" data-width=\"1080\" data-height=\"1528\" aria-label=\"\" role=\"img\" ><\/div>\n\t\t\t\t\t\t\t\t\t\t\t<div class=\"elementor-gallery-item__overlay\"><\/div>\n\t\t\t\t\t\t\t\t\t\t\t\t\t\t<\/a>\n\t\t\t\t\t\t\t<a class=\"e-gallery-item elementor-gallery-item elementor-animated-content\" href=\"https:\/\/hrsaircompressor.com\/wp-content\/uploads\/2023\/06\/a9fcbf421ba93914205066936ccf6c9.jpg\" data-elementor-open-lightbox=\"yes\" data-elementor-lightbox-slideshow=\"12fbb52\" data-elementor-lightbox-title=\"a9fcbf421ba93914205066936ccf6c9\" data-e-action-hash=\"#elementor-action%3Aaction%3Dlightbox%26settings%3DeyJpZCI6MTc4NywidXJsIjoiaHR0cHM6XC9cL2hyc2FpcmNvbXByZXNzb3IuY29tXC93cC1jb250ZW50XC91cGxvYWRzXC8yMDIzXC8wNlwvYTlmY2JmNDIxYmE5MzkxNDIwNTA2NjkzNmNjZjZjOS5qcGciLCJzbGlkZXNob3ciOiIxMmZiYjUyIn0%3D\">\n\t\t\t\t\t<div class=\"e-gallery-image elementor-gallery-item__image\" data-thumbnail=\"https:\/\/hrsaircompressor.com\/wp-content\/uploads\/2023\/06\/a9fcbf421ba93914205066936ccf6c9.jpg\" data-width=\"1080\" data-height=\"1526\" aria-label=\"\" role=\"img\" ><\/div>\n\t\t\t\t\t\t\t\t\t\t\t<div class=\"elementor-gallery-item__overlay\"><\/div>\n\t\t\t\t\t\t\t\t\t\t\t\t\t\t<\/a>\n\t\t\t\t\t\t\t<a class=\"e-gallery-item elementor-gallery-item elementor-animated-content\" href=\"https:\/\/hrsaircompressor.com\/wp-content\/uploads\/2023\/06\/3c5aa11933830611e58c2e9984ea77d.png\" data-elementor-open-lightbox=\"yes\" data-elementor-lightbox-slideshow=\"12fbb52\" data-elementor-lightbox-title=\"3c5aa11933830611e58c2e9984ea77d\" data-e-action-hash=\"#elementor-action%3Aaction%3Dlightbox%26settings%3DeyJpZCI6MTc4NiwidXJsIjoiaHR0cHM6XC9cL2hyc2FpcmNvbXByZXNzb3IuY29tXC93cC1jb250ZW50XC91cGxvYWRzXC8yMDIzXC8wNlwvM2M1YWExMTkzMzgzMDYxMWU1OGMyZTk5ODRlYTc3ZC5wbmciLCJzbGlkZXNob3ciOiIxMmZiYjUyIn0%3D\">\n\t\t\t\t\t<div class=\"e-gallery-image elementor-gallery-item__image\" data-thumbnail=\"https:\/\/hrsaircompressor.com\/wp-content\/uploads\/2023\/06\/3c5aa11933830611e58c2e9984ea77d.png\" data-width=\"790\" data-height=\"1110\" aria-label=\"\" role=\"img\" ><\/div>\n\t\t\t\t\t\t\t\t\t\t\t<div class=\"elementor-gallery-item__overlay\"><\/div>\n\t\t\t\t\t\t\t\t\t\t\t\t\t\t<\/a>\n\t\t\t\t\t<\/div>\n\t\t\t\t\t<\/div>\n\t\t\t\t<\/div>\n\t\t\t\t\t<\/div>\n\t\t<\/div>\n\t\t\t\t\t<\/div>\n\t\t<\/section>\n\t\t\t\t<section class=\"elementor-section elementor-top-section elementor-element elementor-element-b3c0df1 elementor-hidden-desktop elementor-hidden-tablet elementor-hidden-mobile elementor-section-boxed elementor-section-height-default elementor-section-height-default\" data-id=\"b3c0df1\" data-element_type=\"section\" data-e-type=\"section\">\n\t\t\t\t\t\t<div class=\"elementor-container elementor-column-gap-no\">\n\t\t\t\t\t<div class=\"elementor-column elementor-col-100 elementor-top-column elementor-element elementor-element-e2e3642\" data-id=\"e2e3642\" data-element_type=\"column\" data-e-type=\"column\">\n\t\t\t<div class=\"elementor-widget-wrap elementor-element-populated\">\n\t\t\t\t\t\t<div class=\"elementor-element elementor-element-7d87ce5 elementor-widget elementor-widget-wpsection_gallery\" data-id=\"7d87ce5\" data-element_type=\"widget\" data-e-type=\"widget\" data-widget_type=\"wpsection_gallery.default\">\n\t\t\t\t<div class=\"elementor-widget-container\">\n\t\t\t\t\t  \n  \t\n\n\n     <script>\n jQuery(document).ready(function($) {\n\n\/\/put the js code under this line \n\n\n  });\n<\/script>\n<section id=\"project-area \">\n    <div class=\"container\">\n        <ul class=\"project-filter post-filter text-center\">\n\t\t\t\t\t\t<li class=\"active\" data-filter=\".filter-item\"><span>T\u00fcm\u00fcn\u00fc G\u00f6r\u00fcnt\u00fcle<\/span><\/li>\n\t\t\t\t\t\t<li class=\"filter\" data-role=\"button\" data-filter=\".chemical\"><span>Kimyasal<\/span><\/li>\t\t\t<li class=\"filter\" data-role=\"button\" data-filter=\".agriculture\"><span>Tar\u0131m<\/span><\/li>\t\t\t<li class=\"filter\" data-role=\"button\" data-filter=\".technology\"><span>Teknoloji<\/span><\/li>\t\t\t<li class=\"filter\" data-role=\"button\" data-filter=\".mechanical\"><span>Mekanik<\/span><\/li>        <\/ul>\n        <div class=\"row project-content masonary-layout filter-layout\">\n\t\t            <div class=\"col-md-col-lg-4 col-sm-4 col-xs-12 filter-item chemical\">\n                <div class=\"single-project\">\n                    <div class=\"img-holder\">\n\t\t\t\t\t\t\t\t\t\t\t\t\t<img decoding=\"async\" src=\"https:\/\/hrsaircompressor.com\/wp-content\/uploads\/2023\/06\/project-v1-1.jpg\" alt=\"Awesome Image\">\n\t\t\t\t\t\t                        <div class=\"overlay-box\">\n                            <div class=\"box\">\n                                <div class=\"content\">\n                                    <a href=\"https:\/\/html.tonatheme.com\/wp\/industrypress\/project-single\/\"><i class=\"fas fa-link\" aria-hidden=\"true\"><\/i><\/a>\n                                    <div class=\"title\">\n                                        <h3> PETROL GAZI<\/h3>\n                                        <span>Kimyasal<\/span>\n                                    <\/div>\n                                <\/div>\n                            <\/div>\n                        <\/div>\n                    <\/div>   \n                <\/div>\n            <\/div>\n\n\t\t\t            <div class=\"col-md-col-lg-4 col-sm-4 col-xs-12 filter-item chemical\">\n                <div class=\"single-project\">\n                    <div class=\"img-holder\">\n\t\t\t\t\t\t\t\t\t\t\t\t\t<img decoding=\"async\" src=\"https:\/\/hrsaircompressor.com\/wp-content\/uploads\/2023\/06\/project-v1-2.jpg\" alt=\"Awesome Image\">\n\t\t\t\t\t\t                        <div class=\"overlay-box\">\n                            <div class=\"box\">\n                                <div class=\"content\">\n                                    <a href=\"https:\/\/html.tonatheme.com\/wp\/industrypress\/project-single\/\"><i class=\"fas fa-link\" aria-hidden=\"true\"><\/i><\/a>\n                                    <div class=\"title\">\n                                        <h3> PETROL GAZI<\/h3>\n                                        <span>Kimyasal<\/span>\n                                    <\/div>\n                                <\/div>\n                            <\/div>\n                        <\/div>\n                    <\/div>   \n                <\/div>\n            <\/div>\n\n\t\t\t            <div class=\"col-md-col-lg-4 col-sm-4 col-xs-12 filter-item agriculture\">\n                <div class=\"single-project\">\n                    <div class=\"img-holder\">\n\t\t\t\t\t\t\t\t\t\t\t\t\t<img decoding=\"async\" src=\"https:\/\/hrsaircompressor.com\/wp-content\/uploads\/2023\/06\/project-v1-3.jpg\" alt=\"Awesome Image\">\n\t\t\t\t\t\t                        <div class=\"overlay-box\">\n                            <div class=\"box\">\n                                <div class=\"content\">\n                                    <a href=\"https:\/\/html.tonatheme.com\/wp\/industrypress\/project-single\/\"><i class=\"fas fa-link\" aria-hidden=\"true\"><\/i><\/a>\n                                    <div class=\"title\">\n                                        <h3> PETROL GAZI<\/h3>\n                                        <span>Kimyasal<\/span>\n                                    <\/div>\n                                <\/div>\n                            <\/div>\n                        <\/div>\n                    <\/div>   \n                <\/div>\n            <\/div>\n\n\t\t\t            <div class=\"col-md-col-lg-4 col-sm-4 col-xs-12 filter-item agriculture\">\n                <div class=\"single-project\">\n                    <div class=\"img-holder\">\n\t\t\t\t\t\t\t\t\t\t\t\t\t<img decoding=\"async\" src=\"https:\/\/hrsaircompressor.com\/wp-content\/uploads\/2023\/06\/project-v1-4.jpg\" alt=\"Awesome Image\">\n\t\t\t\t\t\t                        <div class=\"overlay-box\">\n                            <div class=\"box\">\n                                <div class=\"content\">\n                                    <a href=\"https:\/\/html.tonatheme.com\/wp\/industrypress\/project-single\/\"><i class=\"fas fa-link\" aria-hidden=\"true\"><\/i><\/a>\n                                    <div class=\"title\">\n                                        <h3> PETROL GAZI<\/h3>\n                                        <span>Kimyasal<\/span>\n                                    <\/div>\n                                <\/div>\n                            <\/div>\n                        <\/div>\n                    <\/div>   \n                <\/div>\n            <\/div>\n\n\t\t\t            <div class=\"col-md-col-lg-4 col-sm-4 col-xs-12 filter-item technology\">\n                <div class=\"single-project\">\n                    <div class=\"img-holder\">\n\t\t\t\t\t\t\t\t\t\t\t\t\t<img decoding=\"async\" src=\"https:\/\/hrsaircompressor.com\/wp-content\/uploads\/2023\/06\/project-v1-5.jpg\" alt=\"Awesome Image\">\n\t\t\t\t\t\t                        <div class=\"overlay-box\">\n                            <div class=\"box\">\n                                <div class=\"content\">\n                                    <a href=\"https:\/\/html.tonatheme.com\/wp\/industrypress\/project-single\/\"><i class=\"fas fa-link\" aria-hidden=\"true\"><\/i><\/a>\n                                    <div class=\"title\">\n                                        <h3> PETROL GAZI<\/h3>\n                                        <span>Kimyasal<\/span>\n                                    <\/div>\n                                <\/div>\n                            <\/div>\n                        <\/div>\n                    <\/div>   \n                <\/div>\n            <\/div>\n\n\t\t\t            <div class=\"col-md-col-lg-4 col-sm-4 col-xs-12 filter-item technology\">\n                <div class=\"single-project\">\n                    <div class=\"img-holder\">\n\t\t\t\t\t\t\t\t\t\t\t\t\t<img decoding=\"async\" src=\"https:\/\/hrsaircompressor.com\/wp-content\/uploads\/2023\/06\/project-v1-6.jpg\" alt=\"Awesome Image\">\n\t\t\t\t\t\t                        <div class=\"overlay-box\">\n                            <div class=\"box\">\n                                <div class=\"content\">\n                                    <a href=\"https:\/\/html.tonatheme.com\/wp\/industrypress\/project-single\/\"><i class=\"fas fa-link\" aria-hidden=\"true\"><\/i><\/a>\n                                    <div class=\"title\">\n                                        <h3> PETROL GAZI<\/h3>\n                                        <span>Kimyasal<\/span>\n                                    <\/div>\n                                <\/div>\n                            <\/div>\n                        <\/div>\n                    <\/div>   \n                <\/div>\n            <\/div>\n\n\t\t\t            <div class=\"col-md-col-lg-4 col-sm-4 col-xs-12 filter-item agriculture\">\n                <div class=\"single-project\">\n                    <div class=\"img-holder\">\n\t\t\t\t\t\t\t\t\t\t\t\t\t<img decoding=\"async\" src=\"https:\/\/hrsaircompressor.com\/wp-content\/uploads\/2023\/06\/project-v1-7.jpg\" alt=\"Awesome Image\">\n\t\t\t\t\t\t                        <div class=\"overlay-box\">\n                            <div class=\"box\">\n                                <div class=\"content\">\n                                    <a href=\"https:\/\/html.tonatheme.com\/wp\/industrypress\/project-single\/\"><i class=\"fas fa-link\" aria-hidden=\"true\"><\/i><\/a>\n                                    <div class=\"title\">\n                                        <h3> PETROL GAZI<\/h3>\n                                        <span>Kimyasal<\/span>\n                                    <\/div>\n                                <\/div>\n                            <\/div>\n                        <\/div>\n                    <\/div>   \n                <\/div>\n            <\/div>\n\n\t\t\t            <div class=\"col-md-col-lg-4 col-sm-4 col-xs-12 filter-item mechanical\">\n                <div class=\"single-project\">\n                    <div class=\"img-holder\">\n\t\t\t\t\t\t\t\t\t\t\t\t\t<img decoding=\"async\" src=\"https:\/\/hrsaircompressor.com\/wp-content\/uploads\/2023\/06\/project-v1-8.jpg\" alt=\"Awesome Image\">\n\t\t\t\t\t\t                        <div class=\"overlay-box\">\n                            <div class=\"box\">\n                                <div class=\"content\">\n                                    <a href=\"https:\/\/html.tonatheme.com\/wp\/industrypress\/project-single\/\"><i class=\"fas fa-link\" aria-hidden=\"true\"><\/i><\/a>\n                                    <div class=\"title\">\n                                        <h3> PETROL GAZI<\/h3>\n                                        <span>Kimyasal<\/span>\n                                    <\/div>\n                                <\/div>\n                            <\/div>\n                        <\/div>\n                    <\/div>   \n                <\/div>\n            <\/div>\n\n\t\t\t            <div class=\"col-md-col-lg-4 col-sm-4 col-xs-12 filter-item mechanical\">\n                <div class=\"single-project\">\n                    <div class=\"img-holder\">\n\t\t\t\t\t\t\t\t\t\t\t\t\t<img decoding=\"async\" src=\"https:\/\/hrsaircompressor.com\/wp-content\/uploads\/2023\/06\/project-v1-9.jpg\" alt=\"Awesome Image\">\n\t\t\t\t\t\t                        <div class=\"overlay-box\">\n                            <div class=\"box\">\n                                <div class=\"content\">\n                                    <a href=\"https:\/\/html.tonatheme.com\/wp\/industrypress\/project-single\/\"><i class=\"fas fa-link\" aria-hidden=\"true\"><\/i><\/a>\n                                    <div class=\"title\">\n                                        <h3> PETROL GAZI<\/h3>\n                                        <span>Kimyasal<\/span>\n                                    <\/div>\n                                <\/div>\n                            <\/div>\n                        <\/div>\n                    <\/div>   \n                <\/div>\n            <\/div>\n\n\t\t\t        <\/div>  \n    <\/div>    \n<\/section>     \n\t\t\t\t\t\t<\/div>\n\t\t\t\t<\/div>\n\t\t\t\t\t<\/div>\n\t\t<\/div>\n\t\t\t\t\t<\/div>\n\t\t<\/section>\n\t\t\t\t<\/div>","protected":false},"excerpt":{"rendered":"<p>View All Chemical Agriculture Technology Mechanical PETROLEUM GAS Chemical PETROLEUM GAS Chemical PETROLEUM GAS Chemical PETROLEUM GAS Chemical PETROLEUM GAS Chemical PETROLEUM GAS Chemical PETROLEUM GAS Chemical PETROLEUM GAS Chemical PETROLEUM GAS Chemical<\/p>","protected":false},"author":1,"featured_media":0,"parent":0,"menu_order":0,"comment_status":"closed","ping_status":"closed","template":"tpl-default-elementor.php","meta":{"footnotes":""},"class_list":["post-913","page","type-page","status-publish","hentry"],"_links":{"self":[{"href":"https:\/\/hrsaircompressor.com\/tr\/wp-json\/wp\/v2\/pages\/913","targetHints":{"allow":["GET"]}}],"collection":[{"href":"https:\/\/hrsaircompressor.com\/tr\/wp-json\/wp\/v2\/pages"}],"about":[{"href":"https:\/\/hrsaircompressor.com\/tr\/wp-json\/wp\/v2\/types\/page"}],"author":[{"embeddable":true,"href":"https:\/\/hrsaircompressor.com\/tr\/wp-json\/wp\/v2\/users\/1"}],"replies":[{"embeddable":true,"href":"https:\/\/hrsaircompressor.com\/tr\/wp-json\/wp\/v2\/comments?post=913"}],"version-history":[{"count":5,"href":"https:\/\/hrsaircompressor.com\/tr\/wp-json\/wp\/v2\/pages\/913\/revisions"}],"predecessor-version":[{"id":1801,"href":"https:\/\/hrsaircompressor.com\/tr\/wp-json\/wp\/v2\/pages\/913\/revisions\/1801"}],"wp:attachment":[{"href":"https:\/\/hrsaircompressor.com\/tr\/wp-json\/wp\/v2\/media?parent=913"}],"curies":[{"name":"wp","href":"https:\/\/api.w.org\/{rel}","templated":true}]}}