{"id":980,"date":"2023-07-04T05:34:30","date_gmt":"2023-07-04T05:34:30","guid":{"rendered":"https:\/\/html.tonatheme.com\/wp\/industrypress\/?page_id=980"},"modified":"2025-06-16T15:59:22","modified_gmt":"2025-06-16T07:59:22","slug":"contact","status":"publish","type":"page","link":"https:\/\/hrsaircompressor.com\/tr\/contact\/","title":{"rendered":"bizimle ileti\u015fime ge\u00e7in"},"content":{"rendered":"<div data-elementor-type=\"wp-page\" data-elementor-id=\"980\" class=\"elementor elementor-980\" data-elementor-post-type=\"page\">\n\t\t\t\t\t\t<section class=\"elementor-section elementor-top-section elementor-element elementor-element-ae6a467 elementor-section-boxed elementor-section-height-default elementor-section-height-default\" data-id=\"ae6a467\" data-element_type=\"section\" data-e-type=\"section\">\n\t\t\t\t\t\t<div class=\"elementor-container elementor-column-gap-no\">\n\t\t\t\t\t<div class=\"elementor-column elementor-col-50 elementor-top-column elementor-element elementor-element-d909b7a\" data-id=\"d909b7a\" data-element_type=\"column\" data-e-type=\"column\">\n\t\t\t<div class=\"elementor-widget-wrap elementor-element-populated\">\n\t\t\t\t\t\t<div class=\"elementor-element elementor-element-a4ef379 elementor-widget elementor-widget-heading\" data-id=\"a4ef379\" data-element_type=\"widget\" data-e-type=\"widget\" data-widget_type=\"heading.default\">\n\t\t\t\t<div class=\"elementor-widget-container\">\n\t\t\t\t\t<h2 class=\"elementor-heading-title elementor-size-default\">CONTACT DETAILS<\/h2>\t\t\t\t<\/div>\n\t\t\t\t<\/div>\n\t\t\t\t<div class=\"elementor-element elementor-element-473ddaa elementor-widget elementor-widget-wpsection_contact_details\" data-id=\"473ddaa\" data-element_type=\"widget\" data-e-type=\"widget\" data-widget_type=\"wpsection_contact_details.default\">\n\t\t\t\t<div class=\"elementor-widget-container\">\n\t\t\t\t\t\t\t\n\t\t\n\n\t  <script>\n\t  jQuery(document).ready(function($)\n\t  {\n\t \n\t \/\/put the js code under this line \n\t\n\t function contactInfo() {\n\t\tif ($(\".contact-info-carousel\").length) {\n\t\t\t$(\".contact-info-carousel\").owlCarousel({\n\t\t\t\tloop: true,\n\t\t\t\tmargin: 0,\n\t\t\t\tnav: false,\n\t\t\t\tdots: true,\n\t\t\t\tautoWidth: false,\n\t\t\t\tautoplay: true,\n\t\t\t\tautoplayTimeout: 3000,\n\t\t\t\tautoplayHoverPause: true,\n\t\t\t\tresponsive: {\n\t\t\t\t\t0: {\n\t\t\t\t\t\titems: 1,\n\t\t\t\t\t\tautoWidth: false\n\t\t\t\t\t},\n\t\t\t\t\t480: {\n\t\t\t\t\t\titems: 1,\n\t\t\t\t\t\tautoWidth: false\n\t\t\t\t\t},\n\t\t\t\t\t600: {\n\t\t\t\t\t\titems: 1,\n\t\t\t\t\t\tautoWidth: false\n\t\t\t\t\t},\n\t\t\t\t\t1000: {\n\t\t\t\t\t\titems: 1,\n\t\t\t\t\t\tautoWidth: false\n\t\t\t\t\t}\n\t\t\t\t}\n\t\t\t});\n\t\t};\n\t\t\n\t}\n\n\t \/\/put the code above the line \n\t \n\t   });\n\t <\/script><div class=\"contact-details\">\n    <div class=\"contact-info-carousel owl-theme owl-carousel\">\n                <div class=\"item\">\n            <div class=\"contact-details-title\">\n                <h5>Sales Department<\/h5>   \n            <\/div>\n            <ul class=\"contact-info\">\n                <li>\n                    <div class=\"icon-box\">\n                        <span class=\"flaticon-signs\"><\/span>\n                    <\/div>\n                    <div class=\"text-box\">\n                        <p><span>Address:<\/span> No. 27, Zhenma Caddesi,<br>\nDalingshan Town, Dongguan City, <br>Guangdong Province,China<\/p>\n                    <\/div>\n                <\/li>\n                <li>\n                    <div class=\"icon-box\">\n                        <span class=\"flaticon-email-envelope-back-symbol-on-phone-screen\"><\/span>\n                    <\/div>\n                    <div class=\"text-box\">\n                        <p><span>Call Us:<\/span> <br>+86 13714485693 <br> info@aircomprs.com<\/p>\n                    <\/div>\n                <\/li>\n                <li>\n                    <div class=\"icon-box\">\n                        <span class=\"fab fa-whatsapp\"><\/span>\n                    <\/div>\n                    <div class=\"text-box\">\n                        <p><span>Whatsapp:\n<\/span><br>+852 59510198<\/p>\n                    <\/div>\n                <\/li>\n            <\/ul>\t\t\t\t\t\n        <\/div>\n            <\/div>\n<\/div>\n             \n\t\t\t\t\t\t<\/div>\n\t\t\t\t<\/div>\n\t\t\t\t\t<\/div>\n\t\t<\/div>\n\t\t\t\t<div class=\"elementor-column elementor-col-50 elementor-top-column elementor-element elementor-element-3cdf26c\" data-id=\"3cdf26c\" data-element_type=\"column\" data-e-type=\"column\">\n\t\t\t<div class=\"elementor-widget-wrap elementor-element-populated\">\n\t\t\t\t\t\t<div class=\"elementor-element elementor-element-6d60e70 elementor-widget elementor-widget-heading\" data-id=\"6d60e70\" data-element_type=\"widget\" data-e-type=\"widget\" data-widget_type=\"heading.default\">\n\t\t\t\t<div class=\"elementor-widget-container\">\n\t\t\t\t\t<h2 class=\"elementor-heading-title elementor-size-default\">MESSAGE US<\/h2>\t\t\t\t<\/div>\n\t\t\t\t<\/div>\n\t\t\t\t<div class=\"elementor-element elementor-element-6eed1d9 elementor-widget-divider--view-line elementor-widget elementor-widget-divider\" data-id=\"6eed1d9\" data-element_type=\"widget\" data-e-type=\"widget\" data-widget_type=\"divider.default\">\n\t\t\t\t<div class=\"elementor-widget-container\">\n\t\t\t\t\t\t\t<div class=\"elementor-divider\">\n\t\t\t<span class=\"elementor-divider-separator\">\n\t\t\t\t\t\t<\/span>\n\t\t<\/div>\n\t\t\t\t\t\t<\/div>\n\t\t\t\t<\/div>\n\t\t\t\t<div class=\"elementor-element elementor-element-42dd6af elementor-widget elementor-widget-heading\" data-id=\"42dd6af\" data-element_type=\"widget\" data-e-type=\"widget\" data-widget_type=\"heading.default\">\n\t\t\t\t<div class=\"elementor-widget-container\">\n\t\t\t\t\t<h3 class=\"elementor-heading-title elementor-size-default\">I would like to discuss:<\/h3>\t\t\t\t<\/div>\n\t\t\t\t<\/div>\n\t\t\t\t<div class=\"elementor-element elementor-element-227044f elementor-widget elementor-widget-shortcode\" data-id=\"227044f\" data-element_type=\"widget\" data-e-type=\"widget\" data-widget_type=\"shortcode.default\">\n\t\t\t\t<div class=\"elementor-widget-container\">\n\t\t\t\t\t\t\t<div class=\"elementor-shortcode\">\n<div class=\"wpcf7 no-js\" id=\"wpcf7-f1002-o1\" lang=\"en-US\" dir=\"ltr\" data-wpcf7-id=\"1002\">\n<div class=\"screen-reader-response\"><p role=\"status\" aria-live=\"polite\" aria-atomic=\"true\"><\/p> <ul><\/ul><\/div>\n<form action=\"\/tr\/wp-json\/wp\/v2\/pages\/980#wpcf7-f1002-o1\" method=\"post\" class=\"wpcf7-form init\" aria-label=\"Contact form\" novalidate=\"novalidate\" data-status=\"init\" data-trp-original-action=\"\/tr\/wp-json\/wp\/v2\/pages\/980#wpcf7-f1002-o1\">\n<div style=\"display: none;\">\n<input type=\"hidden\" name=\"_wpcf7\" value=\"1002\" \/>\n<input type=\"hidden\" name=\"_wpcf7_version\" value=\"6.0.6\" \/>\n<input type=\"hidden\" name=\"_wpcf7_locale\" value=\"en_US\" \/>\n<input type=\"hidden\" name=\"_wpcf7_unit_tag\" value=\"wpcf7-f1002-o1\" \/>\n<input type=\"hidden\" name=\"_wpcf7_container_post\" value=\"0\" \/>\n<input type=\"hidden\" name=\"_wpcf7_posted_data_hash\" value=\"\" \/>\n<\/div>\n<div class=\"col-md-12 col-sm-12 col-xs-12\">\n\t<div class=\"send-message-form\">\n\t\t<div class=\"contact-form\">\n\t\t\t<div class=\"row\">\n\t\t\t\t<div class=\"col-md-6\">\n\t\t\t\t\t<p><span class=\"wpcf7-form-control-wrap\" data-name=\"text-983\"><input size=\"40\" maxlength=\"400\" class=\"wpcf7-form-control wpcf7-text wpcf7-validates-as-required\" aria-required=\"true\" aria-invalid=\"false\" placeholder=\"Your Name *\" value=\"\" type=\"text\" name=\"text-983\" \/><\/span>\n\t\t\t\t\t<\/p>\n\t\t\t\t<\/div>\n\t\t\t\t<div class=\"col-md-6\">\n\t\t\t\t\t<p><span class=\"wpcf7-form-control-wrap\" data-name=\"text-799\"><input size=\"40\" maxlength=\"400\" class=\"wpcf7-form-control wpcf7-text wpcf7-validates-as-required\" aria-required=\"true\" aria-invalid=\"false\" placeholder=\"Your Mail *\" value=\"\" type=\"text\" name=\"text-799\" \/><\/span>\n\t\t\t\t\t<\/p>\n\t\t\t\t<\/div>\n\t\t\t<\/div>\n\t\t\t<div class=\"row\">\n\t\t\t\t<div class=\"col-md-12\">\n\t\t\t\t\t<p><span class=\"wpcf7-form-control-wrap\" data-name=\"tel-812\"><input size=\"40\" maxlength=\"400\" class=\"wpcf7-form-control wpcf7-text wpcf7-validates-as-required\" aria-required=\"true\" aria-invalid=\"false\" placeholder=\"Telefon Numaras\u0131\" value=\"\" type=\"text\" name=\"tel-812\" \/><\/span>\n\t\t\t\t\t<\/p>\n\t\t\t\t<\/div>\n\t\t\t<\/div>\n\t\t\t<div class=\"row\">\n\t\t\t\t<div class=\"col-md-12\">\n\t\t\t\t\t<p><span class=\"wpcf7-form-control-wrap\" data-name=\"textarea-381\"><textarea cols=\"40\" rows=\"10\" maxlength=\"2000\" class=\"wpcf7-form-control wpcf7-textarea wpcf7-validates-as-required\" aria-required=\"true\" aria-invalid=\"false\" placeholder=\"\u0130htiya\u00e7lar\u0131n\u0131z\u0131 Yaz\u0131n...\" name=\"textarea-381\"><\/textarea><\/span>\n\t\t\t\t\t<\/p>\n\t\t\t\t<\/div>\n\t\t\t<\/div>\n\t\t\t<div class=\"row\">\n\t\t\t\t<div class=\"col-md-12\">\n\t\t\t\t\t<p><button class=\"thm-btn yellow-bg\" type=\"submit\">Your Message<\/button>\n\t\t\t\t\t<\/p>\n\t\t\t\t<\/div>\n\t\t\t<\/div>\n\t\t<\/div>\n\t<\/div>\n<\/div><div class=\"wpcf7-response-output\" aria-hidden=\"true\"><\/div>\n<input type=\"hidden\" name=\"trp-form-language\" value=\"tr\"\/><\/form>\n<\/div>\n<\/div>\n\t\t\t\t\t\t<\/div>\n\t\t\t\t<\/div>\n\t\t\t\t\t<\/div>\n\t\t<\/div>\n\t\t\t\t\t<\/div>\n\t\t<\/section>\n\t\t\t\t<section class=\"elementor-section elementor-top-section elementor-element elementor-element-56c62d4 elementor-section-full_width elementor-section-height-default elementor-section-height-default\" data-id=\"56c62d4\" data-element_type=\"section\" data-e-type=\"section\">\n\t\t\t\t\t\t<div class=\"elementor-container elementor-column-gap-no\">\n\t\t\t\t\t<div class=\"elementor-column elementor-col-100 elementor-top-column elementor-element elementor-element-7494a8f\" data-id=\"7494a8f\" data-element_type=\"column\" data-e-type=\"column\">\n\t\t\t<div class=\"elementor-widget-wrap elementor-element-populated\">\n\t\t\t\t\t\t<div class=\"elementor-element elementor-element-c7b75c3 elementor-widget elementor-widget-google_maps\" data-id=\"c7b75c3\" data-element_type=\"widget\" data-e-type=\"widget\" data-widget_type=\"google_maps.default\">\n\t\t\t\t<div class=\"elementor-widget-container\">\n\t\t\t\t\t\t\t<div class=\"elementor-custom-embed\">\n\t\t\t<iframe loading=\"lazy\"\n\t\t\t\t\tsrc=\"https:\/\/maps.google.com\/maps?q=No.%2027%2C%20Zhenma%20Ave%2C%20Dalingshan%20Town%2C%20Dongguan%20City%2C%20Guangdong%20Province%2CChina&#038;t=m&#038;z=13&#038;output=embed&#038;iwloc=near\"\n\t\t\t\t\ttitle=\"No. 27, Zhenma Caddesi, Dalingshan Kasabas\u0131, Dongguan \u015eehri, Guangdong Eyaleti, \u00c7in\"\n\t\t\t\t\taria-label=\"No. 27, Zhenma Caddesi, Dalingshan Kasabas\u0131, Dongguan \u015eehri, Guangdong Eyaleti, \u00c7in\"\n\t\t\t><\/iframe>\n\t\t<\/div>\n\t\t\t\t\t\t<\/div>\n\t\t\t\t<\/div>\n\t\t\t\t\t<\/div>\n\t\t<\/div>\n\t\t\t\t\t<\/div>\n\t\t<\/section>\n\t\t\t\t<\/div>","protected":false},"excerpt":{"rendered":"<p>CONTACT DETAILS Sales Department Address: No. 27, Zhenma Ave, Dalingshan Town, Dongguan City, Guangdong Province,China Call Us: +86 13714485693 info@aircomprs.com WHATSAPP: +852 59510198 MESSAGE US I would like to discuss:<\/p>","protected":false},"author":1,"featured_media":0,"parent":0,"menu_order":0,"comment_status":"closed","ping_status":"closed","template":"tpl-default-elementor.php","meta":{"footnotes":""},"class_list":["post-980","page","type-page","status-publish","hentry"],"_links":{"self":[{"href":"https:\/\/hrsaircompressor.com\/tr\/wp-json\/wp\/v2\/pages\/980","targetHints":{"allow":["GET"]}}],"collection":[{"href":"https:\/\/hrsaircompressor.com\/tr\/wp-json\/wp\/v2\/pages"}],"about":[{"href":"https:\/\/hrsaircompressor.com\/tr\/wp-json\/wp\/v2\/types\/page"}],"author":[{"embeddable":true,"href":"https:\/\/hrsaircompressor.com\/tr\/wp-json\/wp\/v2\/users\/1"}],"replies":[{"embeddable":true,"href":"https:\/\/hrsaircompressor.com\/tr\/wp-json\/wp\/v2\/comments?post=980"}],"version-history":[{"count":22,"href":"https:\/\/hrsaircompressor.com\/tr\/wp-json\/wp\/v2\/pages\/980\/revisions"}],"predecessor-version":[{"id":2324,"href":"https:\/\/hrsaircompressor.com\/tr\/wp-json\/wp\/v2\/pages\/980\/revisions\/2324"}],"wp:attachment":[{"href":"https:\/\/hrsaircompressor.com\/tr\/wp-json\/wp\/v2\/media?parent=980"}],"curies":[{"name":"wp","href":"https:\/\/api.w.org\/{rel}","templated":true}]}}