{"id":2023,"date":"2025-04-10T10:35:28","date_gmt":"2025-04-10T02:35:28","guid":{"rendered":"http:\/\/hrsaircompressor.com\/?post_type=product&#038;p=2023"},"modified":"2025-05-12T11:14:57","modified_gmt":"2025-05-12T03:14:57","slug":"selom-series-permanent-magnet-variable-frequency-screw-air-compressor-10hp","status":"publish","type":"product","link":"https:\/\/hrsaircompressor.com\/tr\/urun\/selom-series-permanent-magnet-variable-frequency-screw-air-compressor-10hp\/","title":{"rendered":"Kendi seri kal\u0131c\u0131 magnet de\u011fi\u015fiklik frekans hava s\u0131k\u0131\u015ft\u0131r\u0131c\u0131s\u0131 10HP"},"content":{"rendered":"<div style=\"overflow-x: auto;\">\n<ol>\n<li>\n<h4>Equipped with a high-performance airend, ensuring large air delivery and reliable operation.<\/h4>\n<\/li>\n<li>\n<h4>Fitted with a high-efficiency permanent magnet motor, offering superior energy savings and performance.<\/h4>\n<\/li>\n<li>\n<h4>Compact, well-structured, and elegantly designed, optimizing space utilization and reducing costs. Premium-quality components are carefully selected for high efficiency, stability, and durability.<\/h4>\n<\/li>\n<li>\n<h4>Advanced microcomputer intelligent control system, enabling fully automated operation. Features fault alarm and shutdown protection, meeting market demands. Available in the most popular power range from 5.5kW to 45kW.<\/h4>\n<\/li>\n<li>\n<h4>Cost-effective with significant price advantages from mass production, making it the best-value screw air compressor. Fully certified for seamless domestic sales and exports.<\/h4>\n<\/li>\n<\/ol>\n<p><strong>Selom model permanent magnet variable frequency screw air compressor parameters<\/strong><\/p>\n<table style=\"border-collapse: collapse; border: 1px solid black;\" border=\"1\" width=\"2270\" cellspacing=\"0\" cellpadding=\"5\">\n<tbody>\n<tr>\n<td style=\"border: 1px solid black;\" colspan=\"2\" width=\"176\">Kal\u0131p<\/td>\n<td style=\"border: 1px solid black;\" width=\"124\">SM-10YPM<\/td>\n<td style=\"border: 1px solid black;\" width=\"124\">SM-15YPM<\/td>\n<td style=\"border: 1px solid black;\" width=\"124\">SM-20YPM<\/td>\n<td style=\"border: 1px solid black;\" width=\"124\">SM-30YPM<\/td>\n<td style=\"border: 1px solid black;\" width=\"124\">SM-40YPM<\/td>\n<td style=\"border: 1px solid black;\" width=\"124\">SM-50YPM<\/td>\n<td style=\"border: 1px solid black;\" width=\"135\">SM-60YPM<\/td>\n<td style=\"border: 1px solid black;\" width=\"135\">SM-75PM<\/td>\n<td style=\"border: 1px solid black;\" width=\"135\">SM-100PM<\/td>\n<td style=\"border: 1px solid black;\" width=\"135\">SM-125PM<\/td>\n<td style=\"border: 1px solid black;\" width=\"135\">SM-150PM<\/td>\n<td style=\"border: 1px solid black;\" width=\"135\">SM-175PM<\/td>\n<td style=\"border: 1px solid black;\" width=\"135\">SM-200PM<\/td>\n<td style=\"border: 1px solid black;\" width=\"135\">SM-250PM<\/td>\n<td style=\"border: 1px solid black;\" width=\"135\">SM-300PM<\/td>\n<td style=\"border: 1px solid black;\" width=\"135\">SM-350PM<\/td>\n<\/tr>\n<tr>\n<td style=\"border: 1px solid black;\" colspan=\"2\" rowspan=\"3\" width=\"176\">Hava Da\u011f\u0131t\u0131m \/ Bo\u015faltma Bas\u0131nc\u0131<br \/>\n(m3 \/ dak \/ Mpa \/ Bar)<\/td>\n<td style=\"border: 1px solid black;\">1.2\/0.7\/7<\/td>\n<td style=\"border: 1px solid black;\">1.7\/0.7\/7<\/td>\n<td style=\"border: 1px solid black;\">2.5\/0.7\/7<\/td>\n<td style=\"border: 1px solid black;\">3.6\/0.7\/7<\/td>\n<td style=\"border: 1px solid black;\">5.2\/0.7\/7<\/td>\n<td style=\"border: 1px solid black;\">6.6\/0.7\/7<\/td>\n<td style=\"border: 1px solid black;\">7.5\/0.7\/7<\/td>\n<td style=\"border: 1px solid black;\">10.8\/0.7\/7<\/td>\n<td style=\"border: 1px solid black;\">13.8\/0.7\/7<\/td>\n<td style=\"border: 1px solid black;\">16.5\/0.7\/7<\/td>\n<td style=\"border: 1px solid black;\">21.6\/0.7\/7<\/td>\n<td style=\"border: 1px solid black;\">25.5\/0.7\/7<\/td>\n<td style=\"border: 1px solid black;\">29.5\/0.7\/7<\/td>\n<td style=\"border: 1px solid black;\">34\/0.7\/7<\/td>\n<td style=\"border: 1px solid black;\">43\/0.7\/7<\/td>\n<td style=\"border: 1px solid black;\">45\/0.7\/7<\/td>\n<\/tr>\n<tr>\n<td style=\"border: 1px solid black;\">1.1\/0.8\/8<\/td>\n<td style=\"border: 1px solid black;\">1.6\/0.8\/8<\/td>\n<td style=\"border: 1px solid black;\">2.35\/0.8\/8<\/td>\n<td style=\"border: 1px solid black;\">3.5\/0.8\/8<\/td>\n<td style=\"border: 1px solid black;\">5.1\/0.8\/8<\/td>\n<td style=\"border: 1px solid black;\">6.3\/0.8\/8<\/td>\n<td style=\"border: 1px solid black;\">7.3\/0.8\/8<\/td>\n<td style=\"border: 1px solid black;\">10.1\/0.8\/8<\/td>\n<td style=\"border: 1px solid black;\">12.7\/0.8\/8<\/td>\n<td style=\"border: 1px solid black;\">15.9\/0.8\/8<\/td>\n<td style=\"border: 1px solid black;\">20.2\/0.8\/8<\/td>\n<td style=\"border: 1px solid black;\">24.1\/0.8\/8<\/td>\n<td style=\"border: 1px solid black;\">28.5\/0.8\/8<\/td>\n<td style=\"border: 1px solid black;\">32\/0.8\/8<\/td>\n<td style=\"border: 1px solid black;\">42\/0.8\/8<\/td>\n<td style=\"border: 1px solid black;\">43\/0.8\/8<\/td>\n<\/tr>\n<tr>\n<td style=\"border: 1px solid black;\">0.9\/1.0\/10<\/td>\n<td style=\"border: 1px solid black;\">1.35\/1.0\/10<\/td>\n<td style=\"border: 1px solid black;\">2.0\/1.0\/10<\/td>\n<td style=\"border: 1px solid black;\">3.2\/1.0\/10<\/td>\n<td style=\"border: 1px solid black;\">4.6\/1.0\/10<\/td>\n<td style=\"border: 1px solid black;\">5.8\/1.0\/10<\/td>\n<td style=\"border: 1px solid black;\">6.8\/1.0\/10<\/td>\n<td style=\"border: 1px solid black;\">8.7\/1.0\/10<\/td>\n<td style=\"border: 1px solid black;\">11.2\/1.0\/10<\/td>\n<td style=\"border: 1px solid black;\">14.3\/1.0\/10<\/td>\n<td style=\"border: 1px solid black;\">18.2\/1.0\/10<\/td>\n<td style=\"border: 1px solid black;\">21\/1.0\/10<\/td>\n<td style=\"border: 1px solid black;\">25.5\/1.0\/10<\/td>\n<td style=\"border: 1px solid black;\">29\/1.0\/10<\/td>\n<td style=\"border: 1px solid black;\">36\/1.0\/10<\/td>\n<td style=\"border: 1px solid black;\">39\/1.0\/10<\/td>\n<\/tr>\n<tr>\n<td style=\"border: 1px solid black;\" width=\"88\"><\/td>\n<td style=\"border: 1px solid black;\" width=\"88\"><\/td>\n<td style=\"border: 1px solid black;\">0.8\/1.2\/12<\/td>\n<td style=\"border: 1px solid black;\">1.1\/1.2\/12<\/td>\n<td style=\"border: 1px solid black;\">1.6\/1.2\/12<\/td>\n<td style=\"border: 1px solid black;\">2.9\/1.2\/12<\/td>\n<td style=\"border: 1px solid black;\">4.1\/1.2\/12<\/td>\n<td style=\"border: 1px solid black;\">5.1\/1.2\/12<\/td>\n<td style=\"border: 1px solid black;\">6.0\/1.2\/12<\/td>\n<td style=\"border: 1px solid black;\">7.6\/1.2\/12<\/td>\n<td style=\"border: 1px solid black;\">10.5\/1.2\/12<\/td>\n<td style=\"border: 1px solid black;\">13\/1.2\/12<\/td>\n<td style=\"border: 1px solid black;\">16.8\/1.2\/12<\/td>\n<td style=\"border: 1px solid black;\">1.9\/1.2\/12<\/td>\n<td style=\"border: 1px solid black;\">24\/1.2\/12<\/td>\n<td style=\"border: 1px solid black;\">26\/1.2\/12<\/td>\n<td style=\"border: 1px solid black;\">32\/1.2\/12<\/td>\n<td style=\"border: 1px solid black;\">36\/1.2\/12<\/td>\n<\/tr>\n<tr>\n<td style=\"border: 1px solid black;\" colspan=\"2\" width=\"176\">Ya\u011flama Ya\u011f\u0131 Kapasitesi\uff08L\uff09<\/td>\n<td style=\"border: 1px solid black;\">5<\/td>\n<td style=\"border: 1px solid black;\">10<\/td>\n<td style=\"border: 1px solid black;\">10<\/td>\n<td style=\"border: 1px solid black;\">12<\/td>\n<td style=\"border: 1px solid black;\">22<\/td>\n<td style=\"border: 1px solid black;\">22<\/td>\n<td style=\"border: 1px solid black;\">22<\/td>\n<td style=\"border: 1px solid black;\">54<\/td>\n<td style=\"border: 1px solid black;\">54<\/td>\n<td style=\"border: 1px solid black;\">54<\/td>\n<td style=\"border: 1px solid black;\">72<\/td>\n<td style=\"border: 1px solid black;\">90<\/td>\n<td style=\"border: 1px solid black;\">90<\/td>\n<td style=\"border: 1px solid black;\">125<\/td>\n<td style=\"border: 1px solid black;\">180<\/td>\n<td style=\"border: 1px solid black;\">180<\/td>\n<\/tr>\n<tr>\n<td style=\"border: 1px solid black;\" colspan=\"2\" width=\"176\">S\u0131k\u0131\u015ft\u0131rma A\u015famas\u0131<\/td>\n<td style=\"border: 1px solid black;\" colspan=\"16\">Tek Kademeli<\/td>\n<\/tr>\n<tr>\n<td style=\"border: 1px solid black;\" colspan=\"2\" width=\"176\">G\u00fcr\u00fclt\u00fc Seviyesi (dB (A))<\/td>\n<td style=\"border: 1px solid black;\">68\u00b12<\/td>\n<td style=\"border: 1px solid black;\" colspan=\"5\">70\u00b12<\/td>\n<td style=\"border: 1px solid black;\" colspan=\"5\">74\u00b12<\/td>\n<td style=\"border: 1px solid black;\" colspan=\"2\">77\u00b12<\/td>\n<td style=\"border: 1px solid black;\" colspan=\"3\">80\u00b12<\/td>\n<\/tr>\n<tr>\n<td style=\"border: 1px solid black;\" colspan=\"2\">\u0130letim Modu<\/td>\n<td style=\"border: 1px solid black;\" colspan=\"16\" width=\"2094\">Do\u011frudan Tahrik<\/td>\n<\/tr>\n<tr>\n<td style=\"border: 1px solid black;\" colspan=\"2\">G\u00fc\u00e7 Kayna\u011f\u0131<\/td>\n<td style=\"border: 1px solid black;\" colspan=\"16\">380V\/50Hz\u00a0(Customizable for Different Voltages and Frequencies)<\/td>\n<\/tr>\n<tr>\n<td style=\"border: 1px solid black;\" colspan=\"2\">\u00a0Motor Koruma S\u0131n\u0131f\u0131<\/td>\n<td style=\"border: 1px solid black;\" colspan=\"7\">IP23 (\u0130ste\u011fe Ba\u011fl\u0131: IP54)<\/td>\n<td style=\"border: 1px solid black;\" colspan=\"9\">IP54<\/td>\n<\/tr>\n<tr>\n<td style=\"border: 1px solid black;\" colspan=\"2\">\u00a0Motor G\u00fcc\u00fc (kW \/ HP)<\/td>\n<td style=\"border: 1px solid black;\">7.5\/10<\/td>\n<td style=\"border: 1px solid black;\">11\/15<\/td>\n<td style=\"border: 1px solid black;\">15\/20<\/td>\n<td style=\"border: 1px solid black;\">22\/30<\/td>\n<td style=\"border: 1px solid black;\">30\/40<\/td>\n<td style=\"border: 1px solid black;\">37\/50<\/td>\n<td style=\"border: 1px solid black;\">45\/60<\/td>\n<td style=\"border: 1px solid black;\">55\/75<\/td>\n<td style=\"border: 1px solid black;\">75\/100<\/td>\n<td style=\"border: 1px solid black;\">90\/125<\/td>\n<td style=\"border: 1px solid black;\">110\/150<\/td>\n<td style=\"border: 1px solid black;\">132\/175<\/td>\n<td style=\"border: 1px solid black;\">160\/200<\/td>\n<td style=\"border: 1px solid black;\">185\/250<\/td>\n<td style=\"border: 1px solid black;\">220\/300<\/td>\n<td style=\"border: 1px solid black;\">250\/350<\/td>\n<\/tr>\n<tr>\n<td style=\"border: 1px solid black;\" colspan=\"2\">Ba\u015flang\u0131\u00e7 Y\u00f6ntemi<\/td>\n<td style=\"border: 1px solid black;\" colspan=\"16\">De\u011fi\u015fken Frekansl\u0131 Yumu\u015fak Ba\u015flang\u0131\u00e7<\/td>\n<\/tr>\n<tr>\n<td style=\"border: 1px solid black;\" rowspan=\"3\">\u00a0Boyutlar<\/td>\n<td style=\"border: 1px solid black;\">Uzunluk mm<\/td>\n<td style=\"border: 1px solid black;\">770<\/td>\n<td style=\"border: 1px solid black;\">940<\/td>\n<td style=\"border: 1px solid black;\">940<\/td>\n<td style=\"border: 1px solid black;\">1110<\/td>\n<td style=\"border: 1px solid black;\">1082<\/td>\n<td style=\"border: 1px solid black;\">1200<\/td>\n<td style=\"border: 1px solid black;\">1200<\/td>\n<td style=\"border: 1px solid black;\">1580<\/td>\n<td style=\"border: 1px solid black;\">1700<\/td>\n<td style=\"border: 1px solid black;\">1700<\/td>\n<td style=\"border: 1px solid black;\">2500<\/td>\n<td style=\"border: 1px solid black;\">2400<\/td>\n<td style=\"border: 1px solid black;\">2900<\/td>\n<td style=\"border: 1px solid black;\">2930<\/td>\n<td style=\"border: 1px solid black;\">3092<\/td>\n<td style=\"border: 1px solid black;\">3092<\/td>\n<\/tr>\n<tr>\n<td style=\"border: 1px solid black;\">Geni\u015flik mm<\/td>\n<td style=\"border: 1px solid black;\">690<\/td>\n<td style=\"border: 1px solid black;\">770<\/td>\n<td style=\"border: 1px solid black;\">770<\/td>\n<td style=\"border: 1px solid black;\">890<\/td>\n<td style=\"border: 1px solid black;\">850<\/td>\n<td style=\"border: 1px solid black;\">1000<\/td>\n<td style=\"border: 1px solid black;\">1000<\/td>\n<td style=\"border: 1px solid black;\">1150<\/td>\n<td style=\"border: 1px solid black;\">1250<\/td>\n<td style=\"border: 1px solid black;\">1250<\/td>\n<td style=\"border: 1px solid black;\">1470<\/td>\n<td style=\"border: 1px solid black;\">1470<\/td>\n<td style=\"border: 1px solid black;\">1800<\/td>\n<td style=\"border: 1px solid black;\">1800<\/td>\n<td style=\"border: 1px solid black;\">1944<\/td>\n<td style=\"border: 1px solid black;\">1944<\/td>\n<\/tr>\n<tr>\n<td style=\"border: 1px solid black;\">Y\u00fckseklik mm<\/td>\n<td style=\"border: 1px solid black;\">890<\/td>\n<td style=\"border: 1px solid black;\">1050<\/td>\n<td style=\"border: 1px solid black;\">1050<\/td>\n<td style=\"border: 1px solid black;\">1180<\/td>\n<td style=\"border: 1px solid black;\">1180<\/td>\n<td style=\"border: 1px solid black;\">1280<\/td>\n<td style=\"border: 1px solid black;\">1280<\/td>\n<td style=\"border: 1px solid black;\">1530<\/td>\n<td style=\"border: 1px solid black;\">1580<\/td>\n<td style=\"border: 1px solid black;\">1580<\/td>\n<td style=\"border: 1px solid black;\">1925<\/td>\n<td style=\"border: 1px solid black;\">1925<\/td>\n<td style=\"border: 1px solid black;\">2200<\/td>\n<td style=\"border: 1px solid black;\">2200<\/td>\n<td style=\"border: 1px solid black;\">2143<\/td>\n<td style=\"border: 1px solid black;\">2143<\/td>\n<\/tr>\n<tr>\n<td style=\"border: 1px solid black;\">Net A\u011f\u0131rl\u0131k<\/td>\n<td style=\"border: 1px solid black;\">\u00a0KG<\/td>\n<td style=\"border: 1px solid black;\">110<\/td>\n<td style=\"border: 1px solid black;\">190<\/td>\n<td style=\"border: 1px solid black;\">190<\/td>\n<td style=\"border: 1px solid black;\">255<\/td>\n<td style=\"border: 1px solid black;\">396<\/td>\n<td style=\"border: 1px solid black;\">398<\/td>\n<td style=\"border: 1px solid black;\">740<\/td>\n<td style=\"border: 1px solid black;\">850<\/td>\n<td style=\"border: 1px solid black;\">987<\/td>\n<td style=\"border: 1px solid black;\">1400<\/td>\n<td style=\"border: 1px solid black;\">2200<\/td>\n<td style=\"border: 1px solid black;\">2500<\/td>\n<td style=\"border: 1px solid black;\">3000<\/td>\n<td style=\"border: 1px solid black;\">3880<\/td>\n<td style=\"border: 1px solid black;\">4050<\/td>\n<td style=\"border: 1px solid black;\">4700<\/td>\n<\/tr>\n<tr>\n<td style=\"border: 1px solid black;\" colspan=\"2\" width=\"176\">\u00c7\u0131k\u0131\u015f Borusu \u00c7ap\u0131 (in\u00e7)<\/td>\n<td style=\"border: 1px solid black;\" colspan=\"3\">G3 \/ 4&#034;<\/td>\n<td style=\"border: 1px solid black;\">G1&#034;<\/td>\n<td style=\"border: 1px solid black;\" colspan=\"3\">G1-1\/2&#034;<\/td>\n<td style=\"border: 1px solid black;\" colspan=\"3\">G2&#034;<\/td>\n<td style=\"border: 1px solid black;\" colspan=\"2\">G2-1\/2&#034;<\/td>\n<td style=\"border: 1px solid black;\" colspan=\"2\">DN80<\/td>\n<td style=\"border: 1px solid black;\" colspan=\"2\">DN100&#039;\u00dcN<\/td>\n<\/tr>\n<\/tbody>\n<\/table>\n<p><strong>Not:<\/strong> \u015eirket \u00fcr\u00fcnlerini s\u00fcrekli geli\u015ftirmekte ve tasar\u0131mlar\u0131 de\u011fi\u015ftirme hakk\u0131n\u0131 sakl\u0131 tutmaktad\u0131r. Nihai parametreler ger\u00e7ek makineye tabidir ve \u00f6nceden haber verilmeksizin de\u011fi\u015fiklikler yap\u0131labilir.<\/p>\n<\/div>","protected":false},"excerpt":{"rendered":"<ul>\n<li>\n<p class=\"ds-markdown-paragraph\"><strong>High-Performance Airend<\/strong><\/p>\n<\/li>\n<li>\n<p class=\"ds-markdown-paragraph\"><strong>Premium Sabit M\u0131knat\u0131sl\u0131 Motor<\/strong><\/p>\n<\/li>\n<li>\n<p class=\"ds-markdown-paragraph\"><strong>Compact &amp; Durable Design<\/strong><\/p>\n<\/li>\n<li>\n<p class=\"ds-markdown-paragraph\"><strong>Smart Control System<\/strong><\/p>\n<\/li>\n<li>\n<p class=\"ds-markdown-paragraph\"><strong>Cost-Effective &amp; Certified<\/strong><\/p>\n<\/li>\n<\/ul>","protected":false},"featured_media":2024,"comment_status":"open","ping_status":"closed","template":"","meta":[],"product_brand":[],"product_cat":[33],"product_tag":[],"class_list":{"0":"post-2023","1":"product","2":"type-product","3":"status-publish","4":"has-post-thumbnail","6":"product_cat-air-compressor","8":"first","9":"instock","10":"shipping-taxable","11":"product-type-simple"},"_links":{"self":[{"href":"https:\/\/hrsaircompressor.com\/tr\/wp-json\/wp\/v2\/product\/2023","targetHints":{"allow":["GET"]}}],"collection":[{"href":"https:\/\/hrsaircompressor.com\/tr\/wp-json\/wp\/v2\/product"}],"about":[{"href":"https:\/\/hrsaircompressor.com\/tr\/wp-json\/wp\/v2\/types\/product"}],"replies":[{"embeddable":true,"href":"https:\/\/hrsaircompressor.com\/tr\/wp-json\/wp\/v2\/comments?post=2023"}],"wp:featuredmedia":[{"embeddable":true,"href":"https:\/\/hrsaircompressor.com\/tr\/wp-json\/wp\/v2\/media\/2024"}],"wp:attachment":[{"href":"https:\/\/hrsaircompressor.com\/tr\/wp-json\/wp\/v2\/media?parent=2023"}],"wp:term":[{"taxonomy":"product_brand","embeddable":true,"href":"https:\/\/hrsaircompressor.com\/tr\/wp-json\/wp\/v2\/product_brand?post=2023"},{"taxonomy":"product_cat","embeddable":true,"href":"https:\/\/hrsaircompressor.com\/tr\/wp-json\/wp\/v2\/product_cat?post=2023"},{"taxonomy":"product_tag","embeddable":true,"href":"https:\/\/hrsaircompressor.com\/tr\/wp-json\/wp\/v2\/product_tag?post=2023"}],"curies":[{"name":"wp","href":"https:\/\/api.w.org\/{rel}","templated":true}]}}