{"id":2046,"date":"2025-04-10T09:45:14","date_gmt":"2025-04-10T01:45:14","guid":{"rendered":"http:\/\/hrsaircompressor.com\/?post_type=product&#038;p=2046"},"modified":"2025-05-12T11:11:52","modified_gmt":"2025-05-12T03:11:52","slug":"re-series-vertical-two-stage-compression-permanent-magnet-variable-frequency-screw-air-compressor","status":"publish","type":"product","link":"https:\/\/hrsaircompressor.com\/tr\/urun\/re-series-vertical-two-stage-compression-permanent-magnet-variable-frequency-screw-air-compressor\/","title":{"rendered":"RE serisi dikey iki a\u015famal\u0131 s\u0131k\u0131\u015ft\u0131rma sabit m\u0131knat\u0131sl\u0131 de\u011fi\u015fken frekansl\u0131 vidal\u0131 hava kompres\u00f6r\u00fc"},"content":{"rendered":"<div style=\"overflow-x: auto;\">\n<ol>\n<li>\n<h4>Adopts internationally advanced vertical two-stage compression screw compressor host, reducing the compression ratio of each stage, minimizing internal leakage, and improving volumetric efficiency. Uses a large diameter rotor, significantly improving the working efficiency compared to a single-stage compressor host, achieving the highest level of exhaust air volume.<\/h4>\n<\/li>\n<li>\n<h4>Adopts an IE4 permanent magnet synchronous motor, which is more energy-efficient than conventional induction motors and high-efficiency induction motors. The variable frequency soft start reduces the peak current during startup, ensuring smooth operation and lowering power supply equipment costs.<\/h4>\n<\/li>\n<li>\n<h4>Reduces energy consumption through optimal flow and pressure control, keeping pressure fluctuation within \u00b10.01 MPa, and uses optimal power to precisely provide the necessary exhaust volume.<\/h4>\n<\/li>\n<li>\n<h4>The entire machine uses split direct drive transmission, offering high reliability, low noise, and easy maintenance.<\/h4>\n<\/li>\n<li>\n<h4>Tamamen ak\u0131ll\u0131 kontrol, \u00f6nemli parametrelerin ger\u00e7ek zamanl\u0131 izlenmesi ile dinamik olarak g\u00f6r\u00fcnt\u00fclenen sistem \u00e7al\u0131\u015fma ko\u015fullar\u0131.<\/h4>\n<\/li>\n<li>\n<h4>Under the same power, the vertical two-stage compression screw compressor increases air delivery by up to 15% compared to single-stage compression, achieving up to 15% energy savings, and consuming 30%-40% less power than industrial frequency screw air compressors.<\/h4>\n<\/li>\n<\/ol>\n<p>&nbsp;<\/p>\n<p><strong>Hareyes R Series Vertical Two-Stage Permanent Magnet Variable Frequency Screw Air Compressor Technical Specifications:<\/strong><\/p>\n<\/div>\n<div><\/div>\n<div style=\"overflow-x: auto;\">\n<table style=\"border-collapse: collapse; border: 1px solid black;\" border=\"1\" width=\"1640\" cellspacing=\"0\" cellpadding=\"5\">\n<tbody>\n<tr>\n<td style=\"border: 1px solid black;\" colspan=\"2\" width=\"176\">Kal\u0131p<\/td>\n<td style=\"border: 1px solid black;\" width=\"124\">R-E50PM<\/td>\n<td style=\"border: 1px solid black;\" width=\"135\">R-E75PM<\/td>\n<td style=\"border: 1px solid black;\" width=\"135\">R-E100PM<\/td>\n<td style=\"border: 1px solid black;\" width=\"135\">R-E125PM<\/td>\n<td style=\"border: 1px solid black;\" width=\"135\">R-E150PM<\/td>\n<td style=\"border: 1px solid black;\" width=\"135\">R-E175PM<\/td>\n<td style=\"border: 1px solid black;\" width=\"135\">R-E200PM<\/td>\n<td style=\"border: 1px solid black;\" width=\"132\">R-E250PM<\/td>\n<td style=\"border: 1px solid black;\" width=\"132\">R-E275PM<\/td>\n<td style=\"border: 1px solid black;\" width=\"132\">R-E300PM<\/td>\n<td style=\"border: 1px solid black;\" width=\"132\">R-E350PM<\/td>\n<\/tr>\n<tr>\n<td style=\"border: 1px solid black;\" colspan=\"2\" rowspan=\"4\" width=\"176\">Hava Da\u011f\u0131t\u0131m \/ Bo\u015faltma Bas\u0131nc\u0131<br \/>\n(m3 \/ dak \/ Mpa \/ Bar)<\/td>\n<td style=\"border: 1px solid black;\">7.2\/0.7\/7<\/td>\n<td style=\"border: 1px solid black;\">12.8\/0.7\/7<\/td>\n<td style=\"border: 1px solid black;\">17.5\/0.7\/7<\/td>\n<td style=\"border: 1px solid black;\">20.8\/0.7\/7<\/td>\n<td style=\"border: 1px solid black;\">24.5\/0.7\/7<\/td>\n<td style=\"border: 1px solid black;\">30.0\/0.7\/7<\/td>\n<td style=\"border: 1px solid black;\">34.5\/0.7\/7<\/td>\n<td style=\"border: 1px solid black;\">41\/0.7\/7.0<\/td>\n<td style=\"border: 1px solid black;\">44.6\/0.7\/7.0<\/td>\n<td style=\"border: 1px solid black;\">48.6\/0.7\/7.0<\/td>\n<td style=\"border: 1px solid black;\">55\/0.7\/7.0<\/td>\n<\/tr>\n<tr>\n<td style=\"border: 1px solid black;\">7.1\/0.8\/8<\/td>\n<td style=\"border: 1px solid black;\">12.5\/0.8\/8<\/td>\n<td style=\"border: 1px solid black;\">16.5\/0.8\/8<\/td>\n<td style=\"border: 1px solid black;\">19.8\/0.8\/8<\/td>\n<td style=\"border: 1px solid black;\">23.5\/0.8\/8<\/td>\n<td style=\"border: 1px solid black;\">28.0\/0.8\/8<\/td>\n<td style=\"border: 1px solid black;\">33.6\/0.8\/8<\/td>\n<td style=\"border: 1px solid black;\">38.4\/0.8\/8.0<\/td>\n<td style=\"border: 1px solid black;\">43\/0.8\/8.0<\/td>\n<td style=\"border: 1px solid black;\">47\/0.8\/8.0<\/td>\n<td style=\"border: 1px solid black;\">54\/0.8\/8.0<\/td>\n<\/tr>\n<tr>\n<td style=\"border: 1px solid black;\">6.3\/1.0\/10<\/td>\n<td style=\"border: 1px solid black;\">9.5\/1.0\/10<\/td>\n<td style=\"border: 1px solid black;\">12.5\/1.0\/10<\/td>\n<td style=\"border: 1px solid black;\">16.9\/1.0\/10<\/td>\n<td style=\"border: 1px solid black;\">19.7\/1.0\/10<\/td>\n<td style=\"border: 1px solid black;\">23.5\/1.0\/10<\/td>\n<td style=\"border: 1px solid black;\">30.0\/1.0\/10<\/td>\n<td style=\"border: 1px solid black;\">32.5\/1.0\/10<\/td>\n<td style=\"border: 1px solid black;\">38.5\/1.0\/10<\/td>\n<td style=\"border: 1px solid black;\">41.9\/1.0\/10<\/td>\n<td style=\"border: 1px solid black;\">46\/1.0\/10<\/td>\n<\/tr>\n<tr>\n<td style=\"border: 1px solid black;\">5.4\/1.2\/12<\/td>\n<td style=\"border: 1px solid black;\">8.6\/1.2\/12<\/td>\n<td style=\"border: 1px solid black;\">11.2\/1.2\/12<\/td>\n<td style=\"border: 1px solid black;\">14.3\/1.2\/12<\/td>\n<td style=\"border: 1px solid black;\">17.6\/1.2\/12<\/td>\n<td style=\"border: 1px solid black;\">19.8\/1.2\/12<\/td>\n<td style=\"border: 1px solid black;\">23.8\/1.2\/12<\/td>\n<td style=\"border: 1px solid black;\">28.5\/1.2\/12<\/td>\n<td style=\"border: 1px solid black;\">32.8\/1.2\/12<\/td>\n<td style=\"border: 1px solid black;\">38.0\/1.2\/12<\/td>\n<td style=\"border: 1px solid black;\">40.0\/1.2\/12<\/td>\n<\/tr>\n<tr>\n<td style=\"border: 1px solid black;\" colspan=\"2\" rowspan=\"3\" width=\"176\">Hava Da\u011f\u0131t\u0131m \/ Bo\u015faltma Bas\u0131nc\u0131<br \/>\n(CFM \/ PSI)<\/td>\n<td style=\"border: 1px solid black;\">247\/102<\/td>\n<td style=\"border: 1px solid black;\" width=\"135\">424\/102<\/td>\n<td style=\"border: 1px solid black;\" width=\"135\">565\/102<\/td>\n<td style=\"border: 1px solid black;\" width=\"135\">689\/102<\/td>\n<td style=\"border: 1px solid black;\" width=\"135\">813\/102<\/td>\n<td style=\"border: 1px solid black;\" width=\"135\">1000\/102<\/td>\n<td style=\"border: 1px solid black;\" width=\"135\">1124\/102<\/td>\n<td style=\"border: 1px solid black;\" width=\"132\">1435\/102<\/td>\n<td style=\"border: 1px solid black;\" width=\"132\">1512\/102<\/td>\n<td style=\"border: 1px solid black;\" width=\"132\">1625\/102<\/td>\n<td style=\"border: 1px solid black;\" width=\"132\">1873\/102<\/td>\n<\/tr>\n<tr>\n<td style=\"border: 1px solid black;\">240\/116<\/td>\n<td style=\"border: 1px solid black;\" width=\"135\">389\/116<\/td>\n<td style=\"border: 1px solid black;\" width=\"135\">505\/116<\/td>\n<td style=\"border: 1px solid black;\" width=\"135\">654\/116<\/td>\n<td style=\"border: 1px solid black;\" width=\"135\">760\/116<\/td>\n<td style=\"border: 1px solid black;\" width=\"135\">954\/116<\/td>\n<td style=\"border: 1px solid black;\" width=\"135\">1081\/116<\/td>\n<td style=\"border: 1px solid black;\" width=\"132\">1353\/116<\/td>\n<td style=\"border: 1px solid black;\" width=\"132\">1420\/116<\/td>\n<td style=\"border: 1px solid black;\" width=\"132\">1555\/116<\/td>\n<td style=\"border: 1px solid black;\" width=\"132\">1784\/116<\/td>\n<\/tr>\n<tr>\n<td style=\"border: 1px solid black;\">212\/145<\/td>\n<td style=\"border: 1px solid black;\" width=\"135\">336\/145<\/td>\n<td style=\"border: 1px solid black;\" width=\"135\">441\/145<\/td>\n<td style=\"border: 1px solid black;\" width=\"135\">572\/145<\/td>\n<td style=\"border: 1px solid black;\" width=\"135\">675\/145<\/td>\n<td style=\"border: 1px solid black;\" width=\"135\">830\/145<\/td>\n<td style=\"border: 1px solid black;\" width=\"135\">1000\/145<\/td>\n<td style=\"border: 1px solid black;\" width=\"132\">1148\/145<\/td>\n<td style=\"border: 1px solid black;\" width=\"132\">1223\/145<\/td>\n<td style=\"border: 1px solid black;\" width=\"132\">1360\/145<\/td>\n<td style=\"border: 1px solid black;\" width=\"132\">1590\/145<\/td>\n<\/tr>\n<tr>\n<td style=\"border: 1px solid black;\" colspan=\"2\" width=\"176\">So\u011futma Y\u00f6ntemi<\/td>\n<td style=\"border: 1px solid black;\" colspan=\"11\">Hava so\u011futmal\u0131 (iste\u011fe ba\u011fl\u0131 su so\u011futmal\u0131)<\/td>\n<\/tr>\n<tr>\n<td style=\"border: 1px solid black;\" colspan=\"2\" width=\"176\">De\u015farj S\u0131cakl\u0131\u011f\u0131 (\u2103)<\/td>\n<td style=\"border: 1px solid black;\" colspan=\"11\">\u226440<\/td>\n<\/tr>\n<tr>\n<td style=\"border: 1px solid black;\" colspan=\"2\" width=\"176\">Ya\u011flama Ya\u011f\u0131 Kapasitesi\uff08L\uff09<\/td>\n<td style=\"border: 1px solid black;\">32<\/td>\n<td style=\"border: 1px solid black;\" colspan=\"2\">54<\/td>\n<td style=\"border: 1px solid black;\">72<\/td>\n<td style=\"border: 1px solid black;\" colspan=\"2\">90<\/td>\n<td style=\"border: 1px solid black;\" colspan=\"2\">125<\/td>\n<td style=\"border: 1px solid black;\" colspan=\"3\" width=\"397\">180<\/td>\n<\/tr>\n<tr>\n<td style=\"border: 1px solid black;\" colspan=\"2\" width=\"176\">G\u00fcr\u00fclt\u00fc Seviyesi (dB (A))<\/td>\n<td style=\"border: 1px solid black;\">73\u00b12<\/td>\n<td style=\"border: 1px solid black;\" colspan=\"4\">75\u00b12<\/td>\n<td style=\"border: 1px solid black;\" colspan=\"3\">78\u00b12<\/td>\n<td style=\"border: 1px solid black;\"><\/td>\n<td style=\"border: 1px solid black;\" colspan=\"2\">80\u00b12<\/td>\n<\/tr>\n<tr>\n<td style=\"border: 1px solid black;\" colspan=\"2\" width=\"176\">S\u0131k\u0131\u015ft\u0131rma A\u015famas\u0131<\/td>\n<td style=\"border: 1px solid black;\" colspan=\"11\">\u0130ki a\u015famal\u0131 s\u0131k\u0131\u015ft\u0131rma<\/td>\n<\/tr>\n<tr>\n<td style=\"border: 1px solid black;\" colspan=\"2\">\u0130letim Modu<\/td>\n<td style=\"border: 1px solid black;\" colspan=\"8\"><\/td>\n<td style=\"border: 1px solid black;\"><\/td>\n<td style=\"border: 1px solid black;\"><\/td>\n<td style=\"border: 1px solid black;\"><\/td>\n<\/tr>\n<tr>\n<td style=\"border: 1px solid black;\" colspan=\"2\">Motor G\u00fcc\u00fc (kW \/ HP)<\/td>\n<td style=\"border: 1px solid black;\">37\/50<\/td>\n<td style=\"border: 1px solid black;\">55\/75<\/td>\n<td style=\"border: 1px solid black;\">75\/100<\/td>\n<td style=\"border: 1px solid black;\">90\/125<\/td>\n<td style=\"border: 1px solid black;\">110\/150<\/td>\n<td style=\"border: 1px solid black;\">132\/175<\/td>\n<td style=\"border: 1px solid black;\">160\/200<\/td>\n<td style=\"border: 1px solid black;\">185\/250<\/td>\n<td style=\"border: 1px solid black;\">200\/275<\/td>\n<td style=\"border: 1px solid black;\">220\/300<\/td>\n<td style=\"border: 1px solid black;\">250\/350<\/td>\n<\/tr>\n<tr>\n<td style=\"border: 1px solid black;\" colspan=\"2\">G\u00fc\u00e7 Kayna\u011f\u0131<\/td>\n<td style=\"border: 1px solid black;\" colspan=\"11\">380V \/ 50Hz (Farkl\u0131 Voltajlar ve Frekanslar i\u00e7in \u00d6zelle\u015ftirilebilir)<\/td>\n<\/tr>\n<tr>\n<td style=\"border: 1px solid black;\" colspan=\"2\">Motor Koruma S\u0131n\u0131f\u0131<\/td>\n<td style=\"border: 1px solid black;\" colspan=\"11\">IP55<\/td>\n<\/tr>\n<tr>\n<td style=\"border: 1px solid black;\" colspan=\"2\">Ba\u015flang\u0131\u00e7 Y\u00f6ntemi<\/td>\n<td style=\"border: 1px solid black;\" colspan=\"11\">De\u011fi\u015fken Frekansl\u0131 Yumu\u015fak Ba\u015flang\u0131\u00e7<\/td>\n<\/tr>\n<tr>\n<td style=\"border: 1px solid black;\" rowspan=\"3\">Boyutlar<\/td>\n<td style=\"border: 1px solid black;\">Uzunluk mm<\/td>\n<td style=\"border: 1px solid black;\">1740<\/td>\n<td style=\"border: 1px solid black;\">2100<\/td>\n<td style=\"border: 1px solid black;\">2100<\/td>\n<td style=\"border: 1px solid black;\">2540<\/td>\n<td style=\"border: 1px solid black;\">2540<\/td>\n<td style=\"border: 1px solid black;\">2540<\/td>\n<td style=\"border: 1px solid black;\">2930<\/td>\n<td style=\"border: 1px solid black;\">2930<\/td>\n<td style=\"border: 1px solid black;\">3340<\/td>\n<td style=\"border: 1px solid black;\">3340<\/td>\n<td style=\"border: 1px solid black;\">3340<\/td>\n<\/tr>\n<tr>\n<td style=\"border: 1px solid black;\">Geni\u015flik mm<\/td>\n<td style=\"border: 1px solid black;\">1150<\/td>\n<td style=\"border: 1px solid black;\">1400<\/td>\n<td style=\"border: 1px solid black;\">1400<\/td>\n<td style=\"border: 1px solid black;\">1470<\/td>\n<td style=\"border: 1px solid black;\">1470<\/td>\n<td style=\"border: 1px solid black;\">1470<\/td>\n<td style=\"border: 1px solid black;\">2040<\/td>\n<td style=\"border: 1px solid black;\">2040<\/td>\n<td style=\"border: 1px solid black;\">2120<\/td>\n<td style=\"border: 1px solid black;\">2120<\/td>\n<td style=\"border: 1px solid black;\">2120<\/td>\n<\/tr>\n<tr>\n<td style=\"border: 1px solid black;\">Y\u00fckseklik mm<\/td>\n<td style=\"border: 1px solid black;\">1600<\/td>\n<td style=\"border: 1px solid black;\">1740<\/td>\n<td style=\"border: 1px solid black;\">1740<\/td>\n<td style=\"border: 1px solid black;\">1840<\/td>\n<td style=\"border: 1px solid black;\">1840<\/td>\n<td style=\"border: 1px solid black;\">1840<\/td>\n<td style=\"border: 1px solid black;\">2140<\/td>\n<td style=\"border: 1px solid black;\">2140<\/td>\n<td style=\"border: 1px solid black;\">2440<\/td>\n<td style=\"border: 1px solid black;\">2440<\/td>\n<td style=\"border: 1px solid black;\">2440<\/td>\n<\/tr>\n<tr>\n<td style=\"border: 1px solid black;\">Net A\u011f\u0131rl\u0131k<\/td>\n<td style=\"border: 1px solid black;\">KG<\/td>\n<td style=\"border: 1px solid black;\">1100<\/td>\n<td style=\"border: 1px solid black;\">1780<\/td>\n<td style=\"border: 1px solid black;\">1890<\/td>\n<td style=\"border: 1px solid black;\">2650<\/td>\n<td style=\"border: 1px solid black;\">2900<\/td>\n<td style=\"border: 1px solid black;\">3100<\/td>\n<td style=\"border: 1px solid black;\">3850<\/td>\n<td style=\"border: 1px solid black;\">4200<\/td>\n<td style=\"border: 1px solid black;\">5200<\/td>\n<td style=\"border: 1px solid black;\">5700<\/td>\n<td style=\"border: 1px solid black;\">6000<\/td>\n<\/tr>\n<tr>\n<td style=\"border: 1px solid black;\" colspan=\"2\" width=\"176\">\u00c7\u0131k\u0131\u015f Borusu \u00c7ap\u0131 (in\u00e7)<\/td>\n<td style=\"border: 1px solid black;\" colspan=\"3\">G2&#034;<\/td>\n<td style=\"border: 1px solid black;\" colspan=\"3\">G2-1\/2&#034;<\/td>\n<td style=\"border: 1px solid black;\" colspan=\"2\">DN80<\/td>\n<td style=\"border: 1px solid black;\" colspan=\"3\">DN100&#039;\u00dcN<\/td>\n<\/tr>\n<\/tbody>\n<\/table>\n<p><strong>Not:<\/strong> \u015eirket \u00fcr\u00fcnlerini s\u00fcrekli geli\u015ftirmekte ve tasar\u0131mlar\u0131 de\u011fi\u015ftirme hakk\u0131n\u0131 sakl\u0131 tutmaktad\u0131r. Nihai parametreler ger\u00e7ek makineye tabidir ve \u00f6nceden haber verilmeksizin de\u011fi\u015fiklikler yap\u0131labilir.<\/p>\n<\/div>","protected":false},"excerpt":{"rendered":"<ul>\n<li><strong>\u00a0Advanced Compression Technology.<\/strong><\/li>\n<li><strong>Energy-Efficient Motor.<\/strong><\/li>\n<li><strong>\u00a0Optimized Energy Control.<\/strong><\/li>\n<li><strong>Reliable and Low-Maintenance Design.<\/strong><\/li>\n<li><strong>\u00a0Intelligent Control System.<\/strong><\/li>\n<li><strong>Performance and Energy Savings.<\/strong><\/li>\n<\/ul>","protected":false},"featured_media":0,"comment_status":"open","ping_status":"closed","template":"","meta":[],"product_brand":[],"product_cat":[33],"product_tag":[],"class_list":{"0":"post-2046","1":"product","2":"type-product","3":"status-publish","5":"product_cat-air-compressor","7":"first","8":"instock","9":"shipping-taxable","10":"product-type-simple"},"_links":{"self":[{"href":"https:\/\/hrsaircompressor.com\/tr\/wp-json\/wp\/v2\/product\/2046","targetHints":{"allow":["GET"]}}],"collection":[{"href":"https:\/\/hrsaircompressor.com\/tr\/wp-json\/wp\/v2\/product"}],"about":[{"href":"https:\/\/hrsaircompressor.com\/tr\/wp-json\/wp\/v2\/types\/product"}],"replies":[{"embeddable":true,"href":"https:\/\/hrsaircompressor.com\/tr\/wp-json\/wp\/v2\/comments?post=2046"}],"wp:attachment":[{"href":"https:\/\/hrsaircompressor.com\/tr\/wp-json\/wp\/v2\/media?parent=2046"}],"wp:term":[{"taxonomy":"product_brand","embeddable":true,"href":"https:\/\/hrsaircompressor.com\/tr\/wp-json\/wp\/v2\/product_brand?post=2046"},{"taxonomy":"product_cat","embeddable":true,"href":"https:\/\/hrsaircompressor.com\/tr\/wp-json\/wp\/v2\/product_cat?post=2046"},{"taxonomy":"product_tag","embeddable":true,"href":"https:\/\/hrsaircompressor.com\/tr\/wp-json\/wp\/v2\/product_tag?post=2046"}],"curies":[{"name":"wp","href":"https:\/\/api.w.org\/{rel}","templated":true}]}}