{"id":2047,"date":"2025-04-10T10:10:49","date_gmt":"2025-04-10T02:10:49","guid":{"rendered":"http:\/\/hrsaircompressor.com\/?post_type=product&#038;p=2047"},"modified":"2025-05-12T11:14:11","modified_gmt":"2025-05-12T03:14:11","slug":"re-series-horizontal-two-stage-compression-permanent-magnet-variable-frequency-screw-air-compressor-r-model-50hp","status":"publish","type":"product","link":"https:\/\/hrsaircompressor.com\/tr\/urun\/re-series-horizontal-two-stage-compression-permanent-magnet-variable-frequency-screw-air-compressor-r-model-50hp\/","title":{"rendered":"RE serisi yatay iki a\u015famal\u0131 s\u0131k\u0131\u015ft\u0131rma sabit m\u0131knat\u0131sl\u0131 de\u011fi\u015fken frekansl\u0131 vidal\u0131 hava kompres\u00f6r\u00fc R model 50HP"},"content":{"rendered":"<div style=\"overflow-x: auto;\">\n<h4>Hareyes yatay iki a\u015famal\u0131 s\u0131k\u0131\u015ft\u0131rma sabit m\u0131knat\u0131sl\u0131 de\u011fi\u015fken frekansl\u0131 vidal\u0131 hava kompres\u00f6r\u00fc<\/h4>\n<ol>\n<li>\n<h4>Optimize edilmi\u015f bir i\u00e7 yap\u0131ya sahip yeni tip yatay \u00e7ift kademeli vidal\u0131 kompres\u00f6r ana bilgisayar\u0131n\u0131 benimser. Verimli iki kademeli kompresyonlu hava kompres\u00f6r\u00fc, ayn\u0131 g\u00fc\u00e7teki tek kademeli kompresyonlu hava kompres\u00f6r\u00fcne k\u0131yasla hava da\u011f\u0131t\u0131m\u0131n\u0131 art\u0131r\u0131r.<\/h4>\n<\/li>\n<li>\n<h4>Kompres\u00f6r ana bilgisayar\u0131 ve motoru, do\u011frudan tahrikli \u015fanz\u0131man\u0131 benimser, \u015fanz\u0131man verimlili\u011fini art\u0131r\u0131r, mekanik kay\u0131plar\u0131 azalt\u0131r ve \u015fanz\u0131man ar\u0131zas\u0131 nedeniyle tedarik s\u0131k\u0131nt\u0131s\u0131n\u0131 \u00f6nler.<\/h4>\n<\/li>\n<li>\n<h4>Verimli bir so\u011futma sistemi kullan\u0131r, b\u00fcy\u00fck bir so\u011futma havas\u0131 hacmi ile so\u011futma verimlili\u011fini art\u0131r\u0131r ve servis \u00f6mr\u00fcn\u00fc uzat\u0131r.<\/h4>\n<\/li>\n<li>\n<h4>Kompres\u00f6r\u00fcn verimli \u00e7al\u0131\u015fmas\u0131n\u0131 sa\u011flayarak motorun ters \u00e7evrilmesini \u00f6nlemek i\u00e7in motor faz s\u0131ras\u0131 korumal\u0131 sabit m\u0131knat\u0131sl\u0131 senkron motoru benimser.<\/h4>\n<\/li>\n<li>\n<h4>Tamamen ak\u0131ll\u0131 kontrol, \u00f6nemli parametrelerin ger\u00e7ek zamanl\u0131 izlenmesi ile dinamik olarak g\u00f6r\u00fcnt\u00fclenen sistem \u00e7al\u0131\u015fma ko\u015fullar\u0131.<\/h4>\n<\/li>\n<\/ol>\n<p><strong>Hareyes R Serisi Yatay \u0130ki Kademeli PM VFD Vidal\u0131 Hava Kompres\u00f6r\u00fc-Teknik \u00d6zellikler<\/strong><\/p>\n<table style=\"border-collapse: collapse; border: 1px solid black;\" border=\"1\" width=\"1132\" cellspacing=\"0\" cellpadding=\"5\">\n<tbody>\n<tr>\n<td style=\"border: 1px solid black;\" colspan=\"2\" width=\"176\">Kal\u0131p<\/td>\n<td style=\"border: 1px solid black;\" width=\"135\">R-ES30PM<\/td>\n<td style=\"border: 1px solid black;\" width=\"135\">R-ES50PM<\/td>\n<td style=\"border: 1px solid black;\" width=\"135\">R-ES75PM<\/td>\n<td style=\"border: 1px solid black;\" width=\"135\">R-ES100PM<\/td>\n<td style=\"border: 1px solid black;\" width=\"135\">R-ES125PM<\/td>\n<td style=\"border: 1px solid black;\" width=\"146\">R-ES150PM<\/td>\n<td style=\"border: 1px solid black;\" width=\"135\">R-ES175PM<\/td>\n<\/tr>\n<tr>\n<td style=\"border: 1px solid black;\" colspan=\"2\" rowspan=\"3\" width=\"176\">Hava Da\u011f\u0131t\u0131m \/ Bo\u015faltma Bas\u0131nc\u0131<br \/>\n(m3 \/ dak \/ Mpa \/ Bar)<\/td>\n<td style=\"border: 1px solid black;\">4.4\/0.7\/7.0<\/td>\n<td style=\"border: 1px solid black;\">7.25\/0.7\/7.0<\/td>\n<td style=\"border: 1px solid black;\">13.4\/0.7\/7.0<\/td>\n<td style=\"border: 1px solid black;\">17\/0.7\/7.0<\/td>\n<td style=\"border: 1px solid black;\">20.2\/0.7\/7.0<\/td>\n<td style=\"border: 1px solid black;\">24\/0.7\/7.0<\/td>\n<td style=\"border: 1px solid black;\">27.5\/0.7\/7.0<\/td>\n<\/tr>\n<tr>\n<td style=\"border: 1px solid black;\">4.26\/0.8\/8.0<\/td>\n<td style=\"border: 1px solid black;\">7.1\/0.8\/8.0<\/td>\n<td style=\"border: 1px solid black;\">12.3\/0.8\/8.0<\/td>\n<td style=\"border: 1px solid black;\">16\/0.8\/8.0<\/td>\n<td style=\"border: 1px solid black;\">19.6\/0.8\/8.0<\/td>\n<td style=\"border: 1px solid black;\">23.2\/0.8\/8.0<\/td>\n<td style=\"border: 1px solid black;\">26.7\/0.8\/8.0<\/td>\n<\/tr>\n<tr>\n<td style=\"border: 1px solid black;\">3.6\/1.0\/10<\/td>\n<td style=\"border: 1px solid black;\">6.6\/1.0\/10<\/td>\n<td style=\"border: 1px solid black;\">9.8\/1.0\/10<\/td>\n<td style=\"border: 1px solid black;\">12.5\/1.0\/10<\/td>\n<td style=\"border: 1px solid black;\">16.5\/1.0\/10<\/td>\n<td style=\"border: 1px solid black;\">19.8\/1.0\/10<\/td>\n<td style=\"border: 1px solid black;\">23.3\/1.0\/10<\/td>\n<\/tr>\n<tr>\n<td style=\"border: 1px solid black;\" colspan=\"2\" rowspan=\"3\" width=\"176\">Hava Da\u011f\u0131t\u0131m \/ Bo\u015faltma Bas\u0131nc\u0131<br \/>\n(CFM \/ PSI)<\/td>\n<td style=\"border: 1px solid black;\">152\/102<\/td>\n<td style=\"border: 1px solid black;\" width=\"135\">251\/102<\/td>\n<td style=\"border: 1px solid black;\" width=\"135\">438\/102<\/td>\n<td style=\"border: 1px solid black;\" width=\"135\">548\/102<\/td>\n<td style=\"border: 1px solid black;\" width=\"135\">647\/102<\/td>\n<td style=\"border: 1px solid black;\" width=\"146\">795\/102<\/td>\n<td style=\"border: 1px solid black;\">929\/102<\/td>\n<\/tr>\n<tr>\n<td style=\"border: 1px solid black;\">147\/116<\/td>\n<td style=\"border: 1px solid black;\" width=\"135\">246\/116<\/td>\n<td style=\"border: 1px solid black;\" width=\"135\">399\/116<\/td>\n<td style=\"border: 1px solid black;\" width=\"135\">509\/116<\/td>\n<td style=\"border: 1px solid black;\" width=\"135\">622\/116<\/td>\n<td style=\"border: 1px solid black;\" width=\"146\">763\/116<\/td>\n<td style=\"border: 1px solid black;\">898\/116<\/td>\n<\/tr>\n<tr>\n<td style=\"border: 1px solid black;\">124\/145<\/td>\n<td style=\"border: 1px solid black;\" width=\"135\">233\/145<\/td>\n<td style=\"border: 1px solid black;\" width=\"135\">346\/145<\/td>\n<td style=\"border: 1px solid black;\" width=\"135\">442\/145<\/td>\n<td style=\"border: 1px solid black;\" width=\"135\">572\/145<\/td>\n<td style=\"border: 1px solid black;\" width=\"146\">699\/145<\/td>\n<td style=\"border: 1px solid black;\">802\/145<\/td>\n<\/tr>\n<tr>\n<td style=\"border: 1px solid black;\" colspan=\"2\" width=\"176\">So\u011futma Y\u00f6ntemi<\/td>\n<td style=\"border: 1px solid black;\" colspan=\"7\">Hava so\u011futmal\u0131 (iste\u011fe ba\u011fl\u0131 su so\u011futmal\u0131)<\/td>\n<\/tr>\n<tr>\n<td style=\"border: 1px solid black;\" colspan=\"2\" width=\"176\">De\u015farj S\u0131cakl\u0131\u011f\u0131 (\u2103)<\/td>\n<td style=\"border: 1px solid black;\" colspan=\"7\">\u226440<\/td>\n<\/tr>\n<tr>\n<td style=\"border: 1px solid black;\" colspan=\"2\" width=\"176\">Ya\u011flama Ya\u011f\u0131 Kapasitesi\uff08L\uff09<\/td>\n<td style=\"border: 1px solid black;\">18<\/td>\n<td style=\"border: 1px solid black;\">32<\/td>\n<td style=\"border: 1px solid black;\" colspan=\"2\">54<\/td>\n<td style=\"border: 1px solid black;\">72<\/td>\n<td style=\"border: 1px solid black;\" colspan=\"2\">90<\/td>\n<\/tr>\n<tr>\n<td style=\"border: 1px solid black;\" colspan=\"2\" width=\"176\">S\u0131k\u0131\u015ft\u0131rma A\u015famas\u0131<\/td>\n<td style=\"border: 1px solid black;\" colspan=\"7\">\u0130ki a\u015famal\u0131 s\u0131k\u0131\u015ft\u0131rma<\/td>\n<\/tr>\n<tr>\n<td style=\"border: 1px solid black;\" colspan=\"2\" width=\"176\">G\u00fcr\u00fclt\u00fc Seviyesi (dB (A))<\/td>\n<td style=\"border: 1px solid black;\" colspan=\"2\">70\u00b12<\/td>\n<td style=\"border: 1px solid black;\" colspan=\"4\">75\u00b12<\/td>\n<td style=\"border: 1px solid black;\">78\u00b12<\/td>\n<\/tr>\n<tr>\n<td style=\"border: 1px solid black;\" colspan=\"2\">\u0130letim Modu<\/td>\n<td style=\"border: 1px solid black;\" colspan=\"7\">Do\u011frudan Tahrik<\/td>\n<\/tr>\n<tr>\n<td style=\"border: 1px solid black;\" colspan=\"2\">Motor G\u00fcc\u00fc (kW \/ HP)<\/td>\n<td style=\"border: 1px solid black;\">22\/30<\/td>\n<td style=\"border: 1px solid black;\">37\/50<\/td>\n<td style=\"border: 1px solid black;\">55\/75<\/td>\n<td style=\"border: 1px solid black;\">75\/100<\/td>\n<td style=\"border: 1px solid black;\">90\/125<\/td>\n<td style=\"border: 1px solid black;\">110\/150<\/td>\n<td style=\"border: 1px solid black;\">132\/175<\/td>\n<\/tr>\n<tr>\n<td style=\"border: 1px solid black;\" colspan=\"2\">G\u00fc\u00e7 Kayna\u011f\u0131<\/td>\n<td style=\"border: 1px solid black;\" colspan=\"7\">380V \/ 50Hz (Farkl\u0131 Voltajlar ve Frekanslar i\u00e7in \u00d6zelle\u015ftirilebilir)<\/td>\n<\/tr>\n<tr>\n<td style=\"border: 1px solid black;\" colspan=\"2\">Motor Koruma S\u0131n\u0131f\u0131<\/td>\n<td style=\"border: 1px solid black;\" colspan=\"7\">IP23<\/td>\n<\/tr>\n<tr>\n<td style=\"border: 1px solid black;\" colspan=\"2\">Ba\u015flang\u0131\u00e7 Y\u00f6ntemi<\/td>\n<td style=\"border: 1px solid black;\" colspan=\"7\">De\u011fi\u015fken Frekansl\u0131 Yumu\u015fak Ba\u015flang\u0131\u00e7<\/td>\n<\/tr>\n<tr>\n<td style=\"border: 1px solid black;\" rowspan=\"3\">Boyutlar<\/td>\n<td style=\"border: 1px solid black;\">Uzunluk mm<\/td>\n<td style=\"border: 1px solid black;\">1400<\/td>\n<td style=\"border: 1px solid black;\">1740<\/td>\n<td style=\"border: 1px solid black;\">1840<\/td>\n<td style=\"border: 1px solid black;\">1840<\/td>\n<td style=\"border: 1px solid black;\">2540<\/td>\n<td style=\"border: 1px solid black;\">2540<\/td>\n<td style=\"border: 1px solid black;\">2540<\/td>\n<\/tr>\n<tr>\n<td style=\"border: 1px solid black;\">Geni\u015flik mm<\/td>\n<td style=\"border: 1px solid black;\">950<\/td>\n<td style=\"border: 1px solid black;\">1150<\/td>\n<td style=\"border: 1px solid black;\">1290<\/td>\n<td style=\"border: 1px solid black;\">1290<\/td>\n<td style=\"border: 1px solid black;\">1470<\/td>\n<td style=\"border: 1px solid black;\">1470<\/td>\n<td style=\"border: 1px solid black;\">1470<\/td>\n<\/tr>\n<tr>\n<td style=\"border: 1px solid black;\">Y\u00fckseklik mm<\/td>\n<td style=\"border: 1px solid black;\">1240<\/td>\n<td style=\"border: 1px solid black;\">1600<\/td>\n<td style=\"border: 1px solid black;\">1670<\/td>\n<td style=\"border: 1px solid black;\">1670<\/td>\n<td style=\"border: 1px solid black;\">1840<\/td>\n<td style=\"border: 1px solid black;\">1840<\/td>\n<td style=\"border: 1px solid black;\">1840<\/td>\n<\/tr>\n<tr>\n<td style=\"border: 1px solid black;\">Net A\u011f\u0131rl\u0131k<\/td>\n<td style=\"border: 1px solid black;\">KG<\/td>\n<td style=\"border: 1px solid black;\">430<\/td>\n<td style=\"border: 1px solid black;\">760<\/td>\n<td style=\"border: 1px solid black;\">840<\/td>\n<td style=\"border: 1px solid black;\">1010<\/td>\n<td style=\"border: 1px solid black;\">1455<\/td>\n<td style=\"border: 1px solid black;\">1750<\/td>\n<td style=\"border: 1px solid black;\">1860<\/td>\n<\/tr>\n<tr>\n<td style=\"border: 1px solid black;\" colspan=\"2\" width=\"176\">\u00c7\u0131k\u0131\u015f Borusu \u00c7ap\u0131 (in\u00e7)<\/td>\n<td style=\"border: 1px solid black;\">G1-1\/2&#034;<\/td>\n<td style=\"border: 1px solid black;\" colspan=\"3\">G2&#034;<\/td>\n<td style=\"border: 1px solid black;\" colspan=\"3\">G2-1\/2&#034;<\/td>\n<\/tr>\n<\/tbody>\n<\/table>\n<p><strong>Not:<\/strong> \u015eirket \u00fcr\u00fcnlerini s\u00fcrekli geli\u015ftirmekte ve tasar\u0131mlar\u0131 de\u011fi\u015ftirme hakk\u0131n\u0131 sakl\u0131 tutmaktad\u0131r. Nihai parametreler ger\u00e7ek makineye tabidir ve \u00f6nceden haber verilmeksizin de\u011fi\u015fiklikler yap\u0131labilir.<\/p>\n<\/div>","protected":false},"excerpt":{"rendered":"<ul>\n<li>\n<p class=\"ds-markdown-paragraph\"><strong>Geli\u015fmi\u015f iki a\u015famal\u0131 S\u0131k\u0131\u015ft\u0131rma<\/strong><\/p>\n<\/li>\n<li>\n<p class=\"ds-markdown-paragraph\"><strong>Do\u011frudan Tahrik Verimlili\u011fi<\/strong><\/p>\n<\/li>\n<li>\n<p class=\"ds-markdown-paragraph\"><strong>Y\u00fcksek Performansl\u0131 So\u011futma<\/strong><\/p>\n<\/li>\n<li>\n<p class=\"ds-markdown-paragraph\"><strong>Premium Sabit M\u0131knat\u0131sl\u0131 Motor<\/strong><\/p>\n<\/li>\n<li>\n<p class=\"ds-markdown-paragraph\"><strong>Ak\u0131ll\u0131 Dijital Kontrol<\/strong><\/p>\n<\/li>\n<\/ul>","protected":false},"featured_media":2052,"comment_status":"open","ping_status":"closed","template":"","meta":[],"product_brand":[],"product_cat":[33],"product_tag":[],"class_list":{"0":"post-2047","1":"product","2":"type-product","3":"status-publish","4":"has-post-thumbnail","6":"product_cat-air-compressor","8":"first","9":"instock","10":"shipping-taxable","11":"product-type-simple"},"_links":{"self":[{"href":"https:\/\/hrsaircompressor.com\/tr\/wp-json\/wp\/v2\/product\/2047","targetHints":{"allow":["GET"]}}],"collection":[{"href":"https:\/\/hrsaircompressor.com\/tr\/wp-json\/wp\/v2\/product"}],"about":[{"href":"https:\/\/hrsaircompressor.com\/tr\/wp-json\/wp\/v2\/types\/product"}],"replies":[{"embeddable":true,"href":"https:\/\/hrsaircompressor.com\/tr\/wp-json\/wp\/v2\/comments?post=2047"}],"wp:featuredmedia":[{"embeddable":true,"href":"https:\/\/hrsaircompressor.com\/tr\/wp-json\/wp\/v2\/media\/2052"}],"wp:attachment":[{"href":"https:\/\/hrsaircompressor.com\/tr\/wp-json\/wp\/v2\/media?parent=2047"}],"wp:term":[{"taxonomy":"product_brand","embeddable":true,"href":"https:\/\/hrsaircompressor.com\/tr\/wp-json\/wp\/v2\/product_brand?post=2047"},{"taxonomy":"product_cat","embeddable":true,"href":"https:\/\/hrsaircompressor.com\/tr\/wp-json\/wp\/v2\/product_cat?post=2047"},{"taxonomy":"product_tag","embeddable":true,"href":"https:\/\/hrsaircompressor.com\/tr\/wp-json\/wp\/v2\/product_tag?post=2047"}],"curies":[{"name":"wp","href":"https:\/\/api.w.org\/{rel}","templated":true}]}}