{"id":2061,"date":"2025-04-10T09:40:34","date_gmt":"2025-04-10T01:40:34","guid":{"rendered":"http:\/\/hrsaircompressor.com\/?post_type=product&#038;p=2061"},"modified":"2025-05-12T11:11:41","modified_gmt":"2025-05-12T03:11:41","slug":"hareyes-laser-cutting-integrated-screw-air-compressor-laser-special-four-in-one","status":"publish","type":"product","link":"https:\/\/hrsaircompressor.com\/tr\/urun\/hareyes-laser-cutting-integrated-screw-air-compressor-laser-special-four-in-one\/","title":{"rendered":"Hareyes laser, birle\u015ftirilmi\u015f hava kompress\u00f6r\u00fc lazeri kesiyor."},"content":{"rendered":"<div style=\"overflow-x: auto;\">\n<ol>\n<li>\n<h4>M\u00fc\u015fterilerin hava depolama tanklar\u0131n\u0131, so\u011futmal\u0131 kurutucular\u0131 ve filtreleri ba\u011f\u0131ms\u0131z olarak yap\u0131land\u0131rma ihtiyac\u0131n\u0131 ortadan kald\u0131rarak, hizmetler i\u00e7in birden fazla tedarik\u00e7iyle u\u011fra\u015fma zahmetinden tasarruf sa\u011flar.<\/h4>\n<\/li>\n<li>\n<h4>Sabit m\u0131knat\u0131sl\u0131 de\u011fi\u015fken frekansl\u0131 vidal\u0131 hava kompres\u00f6r\u00fc, daha yumu\u015fak bas\u0131n\u00e7 kesimleri, temiz ve \u00e7apaks\u0131z kenarlar ve y\u00fcksek i\u015fleme do\u011frulu\u011fu ile \u00e7al\u0131\u015fma bas\u0131nc\u0131n\u0131n sabit kalmas\u0131n\u0131 sa\u011flar.<\/h4>\n<\/li>\n<li>\n<h4>Y\u00fcksek verimli plakal\u0131 \u0131s\u0131 e\u015fanj\u00f6rl\u00fc so\u011futmal\u0131 kurutucuyu ve d\u00f6rt a\u015famal\u0131 hassas y\u00fcksek verimli filtreyi birle\u015ftirerek, kullan\u0131c\u0131lar\u0131n 2-8\u00b0C&#039;ye kadar d\u00fc\u015f\u00fck bas\u0131n\u00e7 \u00e7i\u011flenme noktalar\u0131yla daha kaliteli ve daha temiz bas\u0131n\u00e7l\u0131 hava elde etmelerini sa\u011flayarak i\u015f verimlili\u011fini art\u0131r\u0131r.<\/h4>\n<\/li>\n<li>\n<h4>Ana ya\u011f borular\u0131, \u00e7elik borulara ba\u011fl\u0131 y\u00fcksek s\u0131cakl\u0131kta, y\u00fcksek esneklikte hortumlar kullan\u0131r ve titre\u015fimi ve g\u00fcr\u00fclt\u00fcy\u00fc etkili bir \u015fekilde azalt\u0131r.<\/h4>\n<\/li>\n<li>\n<h4>Ya\u011flama ya\u011f\u0131 s\u0131cakl\u0131\u011f\u0131n\u0131 daha iyi kontrol etmek, ya\u011f em\u00fclsifikasyonunu ve su birikimini \u00f6nlemek i\u00e7in vidal\u0131 kompres\u00f6rler i\u00e7in tamamen optimize edilmi\u015f de\u011fi\u015fken frekans parametreleri.<\/h4>\n<\/li>\n<\/ol>\n<p><strong>Hareyes JG Serisi Entegre Vidal\u0131 Hava Kompres\u00f6r\u00fc-Teknik Parametreler (4&#039;\u00fc 1 arada, Lazer Kesim i\u00e7in \u00d6zel)<\/strong><\/p>\n<table style=\"border-collapse: collapse; border: 1px solid black;\" border=\"1\" width=\"1304\" cellspacing=\"0\" cellpadding=\"5\">\n<tbody>\n<tr>\n<td style=\"border: 1px solid black;\" colspan=\"2\" width=\"176\">Kal\u0131p<\/td>\n<td style=\"border: 1px solid black;\" width=\"186\">JG20YPM \/ 15 (Tek \u00dcnite)<\/td>\n<td style=\"border: 1px solid black;\" width=\"206\">JG30YPM \/ 15 (Tek Birim)<\/td>\n<td style=\"border: 1px solid black;\" width=\"195\">JG50YPM \/ 15 (Tek Birim)<\/td>\n<td style=\"border: 1px solid black;\" width=\"270\">JG20YPM \/ 15-400 (4&#039;\u00fc 1 arada)<\/td>\n<td style=\"border: 1px solid black;\" width=\"270\">JG30YPM \/ 15-400 (4&#039;\u00fc 1 arada)<\/td>\n<\/tr>\n<tr>\n<td style=\"border: 1px solid black;\" colspan=\"2\" width=\"176\">Hava Da\u011f\u0131t\u0131m \/ Bo\u015faltma Bas\u0131nc\u0131\uff08m3\/dak\/Mpa\/Bar)<\/td>\n<td style=\"border: 1px solid black;\">1.0\/1.5<\/td>\n<td style=\"border: 1px solid black;\">1.68\/1.5<\/td>\n<td style=\"border: 1px solid black;\">3.9\/1.5<\/td>\n<td style=\"border: 1px solid black;\">1.0\/1.5<\/td>\n<td style=\"border: 1px solid black;\">1.68\/1.5<\/td>\n<\/tr>\n<tr>\n<td style=\"border: 1px solid black;\" colspan=\"2\" width=\"176\">Hava Da\u011f\u0131t\u0131m \/ De\u015farj Bas\u0131nc\u0131(CFM \/ PSI)<\/td>\n<td style=\"border: 1px solid black;\">35\/218<\/td>\n<td style=\"border: 1px solid black;\">59\/218<\/td>\n<td style=\"border: 1px solid black;\">138\/218<\/td>\n<td style=\"border: 1px solid black;\">35\/218<\/td>\n<td style=\"border: 1px solid black;\">59\/218<\/td>\n<\/tr>\n<tr>\n<td style=\"border: 1px solid black;\" colspan=\"2\" width=\"176\">So\u011futma Y\u00f6ntemi<\/td>\n<td style=\"border: 1px solid black;\" colspan=\"5\">Hava so\u011futmal\u0131<\/td>\n<\/tr>\n<tr>\n<td style=\"border: 1px solid black;\" colspan=\"2\" width=\"176\">De\u015farj S\u0131cakl\u0131\u011f\u0131 (\u2103)<\/td>\n<td style=\"border: 1px solid black;\" colspan=\"5\">\u226440<\/td>\n<\/tr>\n<tr>\n<td style=\"border: 1px solid black;\" colspan=\"2\" width=\"176\">Ya\u011flama Ya\u011f\u0131 Kapasitesi\uff08L\uff09<\/td>\n<td style=\"border: 1px solid black;\">10<\/td>\n<td style=\"border: 1px solid black;\">10<\/td>\n<td style=\"border: 1px solid black;\">18<\/td>\n<td style=\"border: 1px solid black;\">10<\/td>\n<td style=\"border: 1px solid black;\">10<\/td>\n<\/tr>\n<tr>\n<td style=\"border: 1px solid black;\" colspan=\"2\" width=\"176\">G\u00fcr\u00fclt\u00fc Seviyesi (dB (A))<\/td>\n<td style=\"border: 1px solid black;\" colspan=\"2\">75\u00b12<\/td>\n<td style=\"border: 1px solid black;\">78\u00b12<\/td>\n<td style=\"border: 1px solid black;\" colspan=\"2\">75\u00b12<\/td>\n<\/tr>\n<tr>\n<td style=\"border: 1px solid black;\" colspan=\"2\">\u0130letim Modu<\/td>\n<td style=\"border: 1px solid black;\" colspan=\"5\">Do\u011frudan Tahrik<\/td>\n<\/tr>\n<tr>\n<td style=\"border: 1px solid black;\" colspan=\"2\" width=\"176\">S\u0131k\u0131\u015ft\u0131rma A\u015famas\u0131<\/td>\n<td style=\"border: 1px solid black;\" colspan=\"5\">Tek Kademeli<\/td>\n<\/tr>\n<tr>\n<td style=\"border: 1px solid black;\" colspan=\"2\">\u00a0Motor G\u00fcc\u00fc (kW \/ HP)<\/td>\n<td style=\"border: 1px solid black;\">15\/20<\/td>\n<td style=\"border: 1px solid black;\">22\/30<\/td>\n<td style=\"border: 1px solid black;\">37\/50<\/td>\n<td style=\"border: 1px solid black;\">15\/20<\/td>\n<td style=\"border: 1px solid black;\">22\/30<\/td>\n<\/tr>\n<tr>\n<td style=\"border: 1px solid black;\" colspan=\"2\">G\u00fc\u00e7 Kayna\u011f\u0131<\/td>\n<td style=\"border: 1px solid black;\" colspan=\"5\">380V \/ 50Hz<\/td>\n<\/tr>\n<tr>\n<td style=\"border: 1px solid black;\" colspan=\"2\">\u00a0Motor Koruma S\u0131n\u0131f\u0131<\/td>\n<td style=\"border: 1px solid black;\" colspan=\"5\">IP23 (\u0130ste\u011fe Ba\u011fl\u0131: IP54)<\/td>\n<\/tr>\n<tr>\n<td style=\"border: 1px solid black;\" colspan=\"2\">Ba\u015flang\u0131\u00e7 Y\u00f6ntemi<\/td>\n<td style=\"border: 1px solid black;\" colspan=\"5\">De\u011fi\u015fken Frekansl\u0131 Yumu\u015fak Ba\u015flang\u0131\u00e7<\/td>\n<\/tr>\n<tr>\n<td style=\"border: 1px solid black;\" colspan=\"2\">Hava Tank\u0131 (Litre)<\/td>\n<td style=\"border: 1px solid black;\"><\/td>\n<td style=\"border: 1px solid black;\"><\/td>\n<td style=\"border: 1px solid black;\"><\/td>\n<td style=\"border: 1px solid black;\" colspan=\"2\">400<\/td>\n<\/tr>\n<tr>\n<td style=\"border: 1px solid black;\" rowspan=\"3\">\u00a0Boyutlar<\/td>\n<td style=\"border: 1px solid black;\">Uzunluk mm<\/td>\n<td style=\"border: 1px solid black;\">1080<\/td>\n<td style=\"border: 1px solid black;\">1080<\/td>\n<td style=\"border: 1px solid black;\">1340<\/td>\n<td style=\"border: 1px solid black;\">1840<\/td>\n<td style=\"border: 1px solid black;\">1840<\/td>\n<\/tr>\n<tr>\n<td style=\"border: 1px solid black;\">Geni\u015flik mm<\/td>\n<td style=\"border: 1px solid black;\">780<\/td>\n<td style=\"border: 1px solid black;\">780<\/td>\n<td style=\"border: 1px solid black;\">950<\/td>\n<td style=\"border: 1px solid black;\">820<\/td>\n<td style=\"border: 1px solid black;\">820<\/td>\n<\/tr>\n<tr>\n<td style=\"border: 1px solid black;\">Y\u00fckseklik mm<\/td>\n<td style=\"border: 1px solid black;\">1030<\/td>\n<td style=\"border: 1px solid black;\">1030<\/td>\n<td style=\"border: 1px solid black;\">1220<\/td>\n<td style=\"border: 1px solid black;\">1695<\/td>\n<td style=\"border: 1px solid black;\">1695<\/td>\n<\/tr>\n<tr>\n<td style=\"border: 1px solid black;\">Net A\u011f\u0131rl\u0131k<\/td>\n<td style=\"border: 1px solid black;\">\u00a0KG<\/td>\n<td style=\"border: 1px solid black;\">210<\/td>\n<td style=\"border: 1px solid black;\">245<\/td>\n<td style=\"border: 1px solid black;\">420<\/td>\n<td style=\"border: 1px solid black;\">453<\/td>\n<td style=\"border: 1px solid black;\">480<\/td>\n<\/tr>\n<tr>\n<td style=\"border: 1px solid black;\" colspan=\"2\" width=\"176\">\u00c7\u0131k\u0131\u015f Borusu \u00c7ap\u0131 (in\u00e7)<\/td>\n<td style=\"border: 1px solid black;\" colspan=\"2\" width=\"392\">G3 \/ 4&#034;<\/td>\n<td style=\"border: 1px solid black;\">G1&#034;<\/td>\n<td style=\"border: 1px solid black;\" colspan=\"2\">G3 \/ 4&#034;<\/td>\n<\/tr>\n<\/tbody>\n<\/table>\n<p><strong>Not:<\/strong> \u015eirket \u00fcr\u00fcnlerini s\u00fcrekli geli\u015ftirmekte ve tasar\u0131mlar\u0131 de\u011fi\u015ftirme hakk\u0131n\u0131 sakl\u0131 tutmaktad\u0131r. Nihai parametreler ger\u00e7ek makineye tabidir ve \u00f6nceden haber verilmeksizin de\u011fi\u015fiklikler yap\u0131labilir.<\/p>\n<\/div>","protected":false},"excerpt":{"rendered":"<ul>\n<li>\n<p class=\"ds-markdown-paragraph\"><strong>Hepsi Bir Arada \u00c7\u00f6z\u00fcm<\/strong><\/p>\n<\/li>\n<li>\n<p class=\"ds-markdown-paragraph\"><strong>Kararl\u0131 ve Hassas Performans<\/strong><\/p>\n<\/li>\n<li>\n<p class=\"ds-markdown-paragraph\"><strong>\u00dcst\u00fcn Hava Kalitesi<\/strong><\/p>\n<\/li>\n<li>\n<p class=\"ds-markdown-paragraph\"><strong>Azalt\u0131lm\u0131\u015f G\u00fcr\u00fclt\u00fc ve Titre\u015fim<\/strong><\/p>\n<\/li>\n<li>\n<p class=\"ds-markdown-paragraph\"><strong>Ak\u0131ll\u0131 Ya\u011flama Kontrol\u00fc<\/strong><\/p>\n<\/li>\n<\/ul>","protected":false},"featured_media":2089,"comment_status":"open","ping_status":"closed","template":"","meta":[],"product_brand":[],"product_cat":[33],"product_tag":[],"class_list":{"0":"post-2061","1":"product","2":"type-product","3":"status-publish","4":"has-post-thumbnail","6":"product_cat-air-compressor","8":"first","9":"instock","10":"shipping-taxable","11":"product-type-simple"},"_links":{"self":[{"href":"https:\/\/hrsaircompressor.com\/tr\/wp-json\/wp\/v2\/product\/2061","targetHints":{"allow":["GET"]}}],"collection":[{"href":"https:\/\/hrsaircompressor.com\/tr\/wp-json\/wp\/v2\/product"}],"about":[{"href":"https:\/\/hrsaircompressor.com\/tr\/wp-json\/wp\/v2\/types\/product"}],"replies":[{"embeddable":true,"href":"https:\/\/hrsaircompressor.com\/tr\/wp-json\/wp\/v2\/comments?post=2061"}],"wp:featuredmedia":[{"embeddable":true,"href":"https:\/\/hrsaircompressor.com\/tr\/wp-json\/wp\/v2\/media\/2089"}],"wp:attachment":[{"href":"https:\/\/hrsaircompressor.com\/tr\/wp-json\/wp\/v2\/media?parent=2061"}],"wp:term":[{"taxonomy":"product_brand","embeddable":true,"href":"https:\/\/hrsaircompressor.com\/tr\/wp-json\/wp\/v2\/product_brand?post=2061"},{"taxonomy":"product_cat","embeddable":true,"href":"https:\/\/hrsaircompressor.com\/tr\/wp-json\/wp\/v2\/product_cat?post=2061"},{"taxonomy":"product_tag","embeddable":true,"href":"https:\/\/hrsaircompressor.com\/tr\/wp-json\/wp\/v2\/product_tag?post=2061"}],"curies":[{"name":"wp","href":"https:\/\/api.w.org\/{rel}","templated":true}]}}