{"id":2108,"date":"2025-04-10T09:25:38","date_gmt":"2025-04-10T01:25:38","guid":{"rendered":"http:\/\/hrsaircompressor.com\/?post_type=product&#038;p=2108"},"modified":"2025-05-12T11:11:07","modified_gmt":"2025-05-12T03:11:07","slug":"hareyes-high-temperature-freeze-drying-machine","status":"publish","type":"product","link":"https:\/\/hrsaircompressor.com\/tr\/urun\/hareyes-high-temperature-freeze-drying-machine\/","title":{"rendered":"Hareyes Y\u00fcksek Temperature Dondurma So\u011fuk Makinesi"},"content":{"rendered":"<div style=\"overflow-x: auto;\">\n<ol>\n<li>\n<h4>Korozyona ba\u011fl\u0131 s\u0131z\u0131nt\u0131lar\u0131 \u00f6nlemek i\u00e7in y\u00fcksek kaliteli kal\u0131nla\u015ft\u0131r\u0131lm\u0131\u015f bak\u0131r borular kullan\u0131r ve uzun \u00f6m\u00fcr sa\u011flar.<\/h4>\n<\/li>\n<li>\n<h4>Genel tasar\u0131m, \u00fcnitenin zorlu \u00e7al\u0131\u015fma ko\u015fullar\u0131nda kararl\u0131 \u00e7al\u0131\u015fmas\u0131n\u0131 sa\u011flamak i\u00e7in ekstra marj i\u00e7erir.<\/h4>\n<\/li>\n<li>\n<h4>Y\u00fcksek performansl\u0131 \u0131s\u0131 e\u015fanj\u00f6rlerini ve di\u011fer y\u00fcksek kaliteli bile\u015fenleri benimser.<\/h4>\n<\/li>\n<li>\n<h4>Faz kayb\u0131, ters faz, y\u00fcksek\/d\u00fc\u015f\u00fck bas\u0131n\u00e7 korumas\u0131, a\u015f\u0131r\u0131 y\u00fck korumas\u0131 ve otomatik alarm fonksiyonlar\u0131na sahiptir.<\/h4>\n<\/li>\n<\/ol>\n<p><strong>Hareyes Frigorifik Kurutucu Teknik \u00d6zellikleri:<\/strong><\/p>\n<table style=\"border-collapse: collapse; border: 1px solid black;\" border=\"1\" width=\"1419\" cellspacing=\"0\" cellpadding=\"5\">\n<tbody>\n<tr>\n<td style=\"border: 1px solid black;\" colspan=\"2\" width=\"176\">Kal\u0131p<\/td>\n<td style=\"border: 1px solid black;\" width=\"101\">HA-012H<\/td>\n<td style=\"border: 1px solid black;\" width=\"89\">HA-020H<\/td>\n<td style=\"border: 1px solid black;\" width=\"82\">HA-024H<\/td>\n<td style=\"border: 1px solid black;\" width=\"92\">HA-036H&#039;NIN sohbeti<\/td>\n<td style=\"border: 1px solid black;\" width=\"88\">HA-065H<\/td>\n<td style=\"border: 1px solid black;\" width=\"88\">HA-085H<\/td>\n<td style=\"border: 1px solid black;\" width=\"88\">HA-105H<\/td>\n<td style=\"border: 1px solid black;\" width=\"88\">HA-130H<\/td>\n<td style=\"border: 1px solid black;\" width=\"88\">HA-170H<\/td>\n<td style=\"border: 1px solid black;\" width=\"88\">HA-230H<\/td>\n<td style=\"border: 1px solid black;\" width=\"88\">HA-270H<\/td>\n<td style=\"border: 1px solid black;\" width=\"88\">HA-330H<\/td>\n<td style=\"border: 1px solid black;\" width=\"88\">HA-420H<\/td>\n<td style=\"border: 1px solid black;\" width=\"82\">HA-550H<\/td>\n<\/tr>\n<tr>\n<td style=\"border: 1px solid black;\" colspan=\"2\" width=\"176\">Klima Santrali Kapasitesi (Nm3 \/ dak)<\/td>\n<td style=\"border: 1px solid black;\">1.2<\/td>\n<td style=\"border: 1px solid black;\">2<\/td>\n<td style=\"border: 1px solid black;\">2.4<\/td>\n<td style=\"border: 1px solid black;\">3.6<\/td>\n<td style=\"border: 1px solid black;\">6.5<\/td>\n<td style=\"border: 1px solid black;\">8.5<\/td>\n<td style=\"border: 1px solid black;\">10.5<\/td>\n<td style=\"border: 1px solid black;\">13<\/td>\n<td style=\"border: 1px solid black;\">17<\/td>\n<td style=\"border: 1px solid black;\">23<\/td>\n<td style=\"border: 1px solid black;\">27<\/td>\n<td style=\"border: 1px solid black;\">33<\/td>\n<td style=\"border: 1px solid black;\">42<\/td>\n<td style=\"border: 1px solid black;\">55<\/td>\n<\/tr>\n<tr>\n<td style=\"border: 1px solid black;\" colspan=\"2\" width=\"176\">E\u015fle\u015fen Hava Kompres\u00f6r\u00fc\uff08KW \/ HP\uff09<\/td>\n<td style=\"border: 1px solid black;\">7.5\/10<\/td>\n<td style=\"border: 1px solid black;\">11\/15<\/td>\n<td style=\"border: 1px solid black;\">15\/20<\/td>\n<td style=\"border: 1px solid black;\">22\/30<\/td>\n<td style=\"border: 1px solid black;\">37\/50<\/td>\n<td style=\"border: 1px solid black;\">45\/60<\/td>\n<td style=\"border: 1px solid black;\">55\/75<\/td>\n<td style=\"border: 1px solid black;\">75\/100<\/td>\n<td style=\"border: 1px solid black;\">90\/125<\/td>\n<td style=\"border: 1px solid black;\">110\/150<\/td>\n<td style=\"border: 1px solid black;\">160\/200<\/td>\n<td style=\"border: 1px solid black;\">220\/300<\/td>\n<td style=\"border: 1px solid black;\">300\/400<\/td>\n<td style=\"border: 1px solid black;\">370\/500<\/td>\n<\/tr>\n<tr>\n<td style=\"border: 1px solid black;\" colspan=\"2\">A\u011f\u0131rl\u0131k(KG)<\/td>\n<td style=\"border: 1px solid black;\">55<\/td>\n<td style=\"border: 1px solid black;\">65<\/td>\n<td style=\"border: 1px solid black;\">65<\/td>\n<td style=\"border: 1px solid black;\">68<\/td>\n<td style=\"border: 1px solid black;\">95<\/td>\n<td style=\"border: 1px solid black;\">130<\/td>\n<td style=\"border: 1px solid black;\">135<\/td>\n<td style=\"border: 1px solid black;\">160<\/td>\n<td style=\"border: 1px solid black;\">165<\/td>\n<td style=\"border: 1px solid black;\">250<\/td>\n<td style=\"border: 1px solid black;\">300<\/td>\n<td style=\"border: 1px solid black;\">400<\/td>\n<td style=\"border: 1px solid black;\">500<\/td>\n<td style=\"border: 1px solid black;\">600<\/td>\n<\/tr>\n<tr>\n<td style=\"border: 1px solid black;\" colspan=\"2\" width=\"176\">Giri\u015f \/ \u00c7\u0131k\u0131\u015f Portu \u00c7ap\u0131<\/td>\n<td style=\"border: 1px solid black;\" width=\"101\">DN20<\/td>\n<td style=\"border: 1px solid black;\" width=\"89\">DN25<\/td>\n<td style=\"border: 1px solid black;\" width=\"82\">DN25<\/td>\n<td style=\"border: 1px solid black;\" width=\"92\">DN25<\/td>\n<td style=\"border: 1px solid black;\" width=\"88\">DN40&#039;IN<\/td>\n<td style=\"border: 1px solid black;\" width=\"88\">DN50<\/td>\n<td style=\"border: 1px solid black;\" width=\"88\">DN50<\/td>\n<td style=\"border: 1px solid black;\" width=\"88\">DN65&#039;\u0130N<\/td>\n<td style=\"border: 1px solid black;\" width=\"88\">DN65&#039;\u0130N<\/td>\n<td style=\"border: 1px solid black;\" width=\"88\">DN80<\/td>\n<td style=\"border: 1px solid black;\" width=\"88\">DN80<\/td>\n<td style=\"border: 1px solid black;\" width=\"88\">DN80<\/td>\n<td style=\"border: 1px solid black;\" width=\"88\">DN100&#039;\u00dcN<\/td>\n<td style=\"border: 1px solid black;\" width=\"82\">DN100&#039;\u00dcN<\/td>\n<\/tr>\n<tr>\n<td style=\"border: 1px solid black;\" colspan=\"2\">Giri\u015f G\u00fcc\u00fc (KW \/ HP)<\/td>\n<td style=\"border: 1px solid black;\">0.35\/0.50<\/td>\n<td style=\"border: 1px solid black;\">0.5\/0.7<\/td>\n<td style=\"border: 1px solid black;\">0.5\/0.7<\/td>\n<td style=\"border: 1px solid black;\">0.75\/1.0<\/td>\n<td style=\"border: 1px solid black;\">1.5\/2.0<\/td>\n<td style=\"border: 1px solid black;\">2\/2.7<\/td>\n<td style=\"border: 1px solid black;\">2.5\/3.4<\/td>\n<td style=\"border: 1px solid black;\">3\/4<\/td>\n<td style=\"border: 1px solid black;\">4\/5.5<\/td>\n<td style=\"border: 1px solid black;\">5\/7<\/td>\n<td style=\"border: 1px solid black;\">6\/8.2<\/td>\n<td style=\"border: 1px solid black;\">8\/11<\/td>\n<td style=\"border: 1px solid black;\">10\/13.6<\/td>\n<td style=\"border: 1px solid black;\">12.5\/17<\/td>\n<\/tr>\n<tr>\n<td style=\"border: 1px solid black;\" colspan=\"2\">G\u00fc\u00e7 Kayna\u011f\u0131(V)<\/td>\n<td style=\"border: 1px solid black;\" colspan=\"7\">220V50Hz (Farkl\u0131 Voltajlar ve Frekanslar i\u00e7in \u00d6zelle\u015ftirilebilir)<\/td>\n<td style=\"border: 1px solid black;\" colspan=\"7\">380V \/ 50Hz (Farkl\u0131 Voltajlar ve Frekanslar i\u00e7in \u00d6zelle\u015ftirilebilir)<\/td>\n<\/tr>\n<tr>\n<td style=\"border: 1px solid black;\" rowspan=\"3\" width=\"88\">Boyutlar(mm)<\/td>\n<td style=\"border: 1px solid black;\">Uzunluk<\/td>\n<td style=\"border: 1px solid black;\">400<\/td>\n<td style=\"border: 1px solid black;\">400<\/td>\n<td style=\"border: 1px solid black;\">400<\/td>\n<td style=\"border: 1px solid black;\">400<\/td>\n<td style=\"border: 1px solid black;\">500<\/td>\n<td style=\"border: 1px solid black;\">700<\/td>\n<td style=\"border: 1px solid black;\">700<\/td>\n<td style=\"border: 1px solid black;\">700<\/td>\n<td style=\"border: 1px solid black;\">800<\/td>\n<td style=\"border: 1px solid black;\">700<\/td>\n<td style=\"border: 1px solid black;\">700<\/td>\n<td style=\"border: 1px solid black;\">4800<\/td>\n<td style=\"border: 1px solid black;\">2000<\/td>\n<td style=\"border: 1px solid black;\">2200<\/td>\n<\/tr>\n<tr>\n<td style=\"border: 1px solid black;\">Geni\u015flik<\/td>\n<td style=\"border: 1px solid black;\">800<\/td>\n<td style=\"border: 1px solid black;\">800<\/td>\n<td style=\"border: 1px solid black;\">800<\/td>\n<td style=\"border: 1px solid black;\">800<\/td>\n<td style=\"border: 1px solid black;\">860<\/td>\n<td style=\"border: 1px solid black;\">900<\/td>\n<td style=\"border: 1px solid black;\">900<\/td>\n<td style=\"border: 1px solid black;\">900<\/td>\n<td style=\"border: 1px solid black;\">1450<\/td>\n<td style=\"border: 1px solid black;\">1450<\/td>\n<td style=\"border: 1px solid black;\">1450<\/td>\n<td style=\"border: 1px solid black;\">1000<\/td>\n<td style=\"border: 1px solid black;\">1000<\/td>\n<td style=\"border: 1px solid black;\">1100<\/td>\n<\/tr>\n<tr>\n<td style=\"border: 1px solid black;\">Y\u00fckseklik<\/td>\n<td style=\"border: 1px solid black;\">640<\/td>\n<td style=\"border: 1px solid black;\">780<\/td>\n<td style=\"border: 1px solid black;\">780<\/td>\n<td style=\"border: 1px solid black;\">780<\/td>\n<td style=\"border: 1px solid black;\">880<\/td>\n<td style=\"border: 1px solid black;\">1000<\/td>\n<td style=\"border: 1px solid black;\">1000<\/td>\n<td style=\"border: 1px solid black;\">1000<\/td>\n<td style=\"border: 1px solid black;\">1160<\/td>\n<td style=\"border: 1px solid black;\">1160<\/td>\n<td style=\"border: 1px solid black;\">1160<\/td>\n<td style=\"border: 1px solid black;\">1360<\/td>\n<td style=\"border: 1px solid black;\">1360<\/td>\n<td style=\"border: 1px solid black;\">1480<\/td>\n<\/tr>\n<tr>\n<td style=\"border: 1px solid black;\" colspan=\"2\">Notlar<\/td>\n<td style=\"border: 1px solid black;\" colspan=\"3\">1.\u00c7al\u0131\u015fma Bas\u0131nc\u0131:0.6-1.0 Mpa<\/td>\n<td style=\"border: 1px solid black;\" colspan=\"3\">2.Bas\u0131n\u00e7 \u00e7i\u011flenme Noktas\u0131:2-10\u2103<\/td>\n<td style=\"border: 1px solid black;\">Hava Giri\u015f S\u0131cakl\u0131\u011f\u0131:<\/td>\n<td style=\"border: 1px solid black;\"><\/td>\n<td style=\"border: 1px solid black;\"><\/td>\n<td style=\"border: 1px solid black;\" colspan=\"5\">So\u011futma Y\u00f6ntemi:Hava so\u011futmal\u0131 (iste\u011fe ba\u011fl\u0131 su so\u011futmal\u0131)<\/td>\n<\/tr>\n<\/tbody>\n<\/table>\n<p><strong>Not:<\/strong> \u015eirket \u00fcr\u00fcnlerini s\u00fcrekli geli\u015ftirmekte ve tasar\u0131mlar\u0131 de\u011fi\u015ftirme hakk\u0131n\u0131 sakl\u0131 tutmaktad\u0131r. Nihai parametreler ger\u00e7ek makineye tabidir ve \u00f6nceden haber verilmeksizin de\u011fi\u015fiklikler yap\u0131labilir.<\/p>\n<\/div>","protected":false},"excerpt":{"rendered":"<ul>\n<li>\n<p class=\"ds-markdown-paragraph\"><strong>Dayan\u0131kl\u0131 Bak\u0131r Boru<\/strong><\/p>\n<\/li>\n<li>\n<p class=\"ds-markdown-paragraph\"><strong>Sa\u011flam A\u015f\u0131r\u0131 M\u00fchendislik<\/strong><\/p>\n<\/li>\n<li>\n<p class=\"ds-markdown-paragraph\"><strong>Premium Termal Bile\u015fenler<\/strong><\/p>\n<\/li>\n<li>\n<p class=\"ds-markdown-paragraph\"><strong>Kapsaml\u0131 Koruma Sistemi<\/strong><\/p>\n<\/li>\n<\/ul>","protected":false},"featured_media":2110,"comment_status":"open","ping_status":"closed","template":"","meta":[],"product_brand":[],"product_cat":[34],"product_tag":[],"class_list":{"0":"post-2108","1":"product","2":"type-product","3":"status-publish","4":"has-post-thumbnail","6":"product_cat-dryer","8":"first","9":"instock","10":"shipping-taxable","11":"product-type-simple"},"_links":{"self":[{"href":"https:\/\/hrsaircompressor.com\/tr\/wp-json\/wp\/v2\/product\/2108","targetHints":{"allow":["GET"]}}],"collection":[{"href":"https:\/\/hrsaircompressor.com\/tr\/wp-json\/wp\/v2\/product"}],"about":[{"href":"https:\/\/hrsaircompressor.com\/tr\/wp-json\/wp\/v2\/types\/product"}],"replies":[{"embeddable":true,"href":"https:\/\/hrsaircompressor.com\/tr\/wp-json\/wp\/v2\/comments?post=2108"}],"wp:featuredmedia":[{"embeddable":true,"href":"https:\/\/hrsaircompressor.com\/tr\/wp-json\/wp\/v2\/media\/2110"}],"wp:attachment":[{"href":"https:\/\/hrsaircompressor.com\/tr\/wp-json\/wp\/v2\/media?parent=2108"}],"wp:term":[{"taxonomy":"product_brand","embeddable":true,"href":"https:\/\/hrsaircompressor.com\/tr\/wp-json\/wp\/v2\/product_brand?post=2108"},{"taxonomy":"product_cat","embeddable":true,"href":"https:\/\/hrsaircompressor.com\/tr\/wp-json\/wp\/v2\/product_cat?post=2108"},{"taxonomy":"product_tag","embeddable":true,"href":"https:\/\/hrsaircompressor.com\/tr\/wp-json\/wp\/v2\/product_tag?post=2108"}],"curies":[{"name":"wp","href":"https:\/\/api.w.org\/{rel}","templated":true}]}}