{"id":2111,"date":"2025-04-10T09:20:22","date_gmt":"2025-04-10T01:20:22","guid":{"rendered":"http:\/\/hrsaircompressor.com\/?post_type=product&#038;p=2111"},"modified":"2025-05-12T11:10:57","modified_gmt":"2025-05-12T03:10:57","slug":"hareyes-room-temperature-refrigerated-dryer","status":"publish","type":"product","link":"https:\/\/hrsaircompressor.com\/tr\/urun\/hareyes-room-temperature-refrigerated-dryer\/","title":{"rendered":"Hareyes odas\u0131 s\u0131cakl\u0131\u011f\u0131 dondurulmu\u015f kurucu"},"content":{"rendered":"<ol>\n<li>\n<h4>Uses high-quality refrigeration compressors, ensuring stable operation, low noise, and better energy efficiency.<\/h4>\n<\/li>\n<li>\n<h4>Intelligent control system monitors temperature, pressure, and current in real-time, enabling truly unattended operation.<\/h4>\n<\/li>\n<li>\n<h4>Adopts high-quality threaded copper tubes with a large heat exchange area, providing excellent water removal performance.<\/h4>\n<\/li>\n<li>\n<h4>Innovative exterior design and rational internal structure, making maintenance and upkeep easier.<\/h4>\n<\/li>\n<\/ol>\n<div style=\"overflow-x: auto;\">\n<p><strong>Hareyes Standard Refrigerated Air Dryer \u2013 Technical Specifications<\/strong><\/p>\n<table style=\"border-collapse: collapse; border: 1px solid black;\" border=\"1\" width=\"863\" cellspacing=\"0\" cellpadding=\"5\">\n<tbody>\n<tr>\n<td style=\"border: 1px solid black;\" colspan=\"2\" width=\"193\">Kal\u0131p<\/td>\n<td style=\"border: 1px solid black;\" width=\"95\">HB-015L<\/td>\n<td style=\"border: 1px solid black;\" width=\"95\">HB-020L<\/td>\n<td style=\"border: 1px solid black;\" width=\"95\">HB-026L<\/td>\n<td style=\"border: 1px solid black;\" width=\"95\">HB-036L<\/td>\n<td style=\"border: 1px solid black;\" width=\"95\">HB-065L<\/td>\n<td style=\"border: 1px solid black;\" width=\"95\">HB-100L<\/td>\n<td style=\"border: 1px solid black;\" width=\"95\">HB-128L<\/td>\n<\/tr>\n<tr>\n<td style=\"border: 1px solid black;\" colspan=\"2\" width=\"193\">Klima Santrali Kapasitesi (Nm3 \/ dak)<\/td>\n<td style=\"border: 1px solid black;\" width=\"95\">1.5<\/td>\n<td style=\"border: 1px solid black;\">2<\/td>\n<td style=\"border: 1px solid black;\">2.6<\/td>\n<td style=\"border: 1px solid black;\">3.6<\/td>\n<td style=\"border: 1px solid black;\">6.5<\/td>\n<td style=\"border: 1px solid black;\">10<\/td>\n<td style=\"border: 1px solid black;\">12.8<\/td>\n<\/tr>\n<tr>\n<td style=\"border: 1px solid black;\" colspan=\"2\" width=\"193\">E\u015fle\u015fen Hava Kompres\u00f6r\u00fc\uff08KW \/ HP\uff09<\/td>\n<td style=\"border: 1px solid black;\">7.5\/10<\/td>\n<td style=\"border: 1px solid black;\">11\/15<\/td>\n<td style=\"border: 1px solid black;\">15\/20<\/td>\n<td style=\"border: 1px solid black;\">22\/30<\/td>\n<td style=\"border: 1px solid black;\">37\/50<\/td>\n<td style=\"border: 1px solid black;\">55\/75<\/td>\n<td style=\"border: 1px solid black;\">75\/100<\/td>\n<\/tr>\n<tr>\n<td style=\"border: 1px solid black;\" colspan=\"2\">A\u011f\u0131rl\u0131k(KG)<\/td>\n<td style=\"border: 1px solid black;\" width=\"95\">35<\/td>\n<td style=\"border: 1px solid black;\">38<\/td>\n<td style=\"border: 1px solid black;\">40<\/td>\n<td style=\"border: 1px solid black;\">60<\/td>\n<td style=\"border: 1px solid black;\">72<\/td>\n<td style=\"border: 1px solid black;\">120<\/td>\n<td style=\"border: 1px solid black;\">160<\/td>\n<\/tr>\n<tr>\n<td style=\"border: 1px solid black;\" colspan=\"2\" width=\"193\">Giri\u015f \/ \u00c7\u0131k\u0131\u015f Portu \u00c7ap\u0131<\/td>\n<td style=\"border: 1px solid black;\">DN25<\/td>\n<td style=\"border: 1px solid black;\">DN25<\/td>\n<td style=\"border: 1px solid black;\">DN25<\/td>\n<td style=\"border: 1px solid black;\">DN40&#039;IN<\/td>\n<td style=\"border: 1px solid black;\">DN50<\/td>\n<td style=\"border: 1px solid black;\">DN65&#039;\u0130N<\/td>\n<td style=\"border: 1px solid black;\">DN65&#039;\u0130N<\/td>\n<\/tr>\n<tr>\n<td style=\"border: 1px solid black;\" colspan=\"2\">Power Input<\/td>\n<td style=\"border: 1px solid black;\">300W<\/td>\n<td style=\"border: 1px solid black;\">410W<\/td>\n<td style=\"border: 1px solid black;\">540W<\/td>\n<td style=\"border: 1px solid black;\">850W<\/td>\n<td style=\"border: 1px solid black;\">1280W<\/td>\n<td style=\"border: 1px solid black;\">1570W<\/td>\n<td style=\"border: 1px solid black;\">2250W<\/td>\n<\/tr>\n<tr>\n<td style=\"border: 1px solid black;\" colspan=\"2\">G\u00fc\u00e7 Kayna\u011f\u0131<\/td>\n<td style=\"border: 1px solid black;\" colspan=\"6\">AC 220-240V\/50HZ<\/td>\n<td style=\"border: 1px solid black;\" width=\"95\">AC 380V\/50HZ<\/td>\n<\/tr>\n<tr>\n<td style=\"border: 1px solid black;\" rowspan=\"3\" width=\"162\">Boyutlar(mm)<\/td>\n<td style=\"border: 1px solid black;\">Uzunluk<\/td>\n<td style=\"border: 1px solid black;\" width=\"95\">700<\/td>\n<td style=\"border: 1px solid black;\" width=\"95\">700<\/td>\n<td style=\"border: 1px solid black;\">700<\/td>\n<td style=\"border: 1px solid black;\">800<\/td>\n<td style=\"border: 1px solid black;\">900<\/td>\n<td style=\"border: 1px solid black;\">1130<\/td>\n<td style=\"border: 1px solid black;\">1130<\/td>\n<\/tr>\n<tr>\n<td style=\"border: 1px solid black;\">Geni\u015flik<\/td>\n<td style=\"border: 1px solid black;\" width=\"95\">390<\/td>\n<td style=\"border: 1px solid black;\" width=\"95\">390<\/td>\n<td style=\"border: 1px solid black;\">390<\/td>\n<td style=\"border: 1px solid black;\">470<\/td>\n<td style=\"border: 1px solid black;\">490<\/td>\n<td style=\"border: 1px solid black;\">570<\/td>\n<td style=\"border: 1px solid black;\">620<\/td>\n<\/tr>\n<tr>\n<td style=\"border: 1px solid black;\">Y\u00fckseklik<\/td>\n<td style=\"border: 1px solid black;\" width=\"95\">650<\/td>\n<td style=\"border: 1px solid black;\" width=\"95\">650<\/td>\n<td style=\"border: 1px solid black;\">700<\/td>\n<td style=\"border: 1px solid black;\">800<\/td>\n<td style=\"border: 1px solid black;\">850<\/td>\n<td style=\"border: 1px solid black;\">930<\/td>\n<td style=\"border: 1px solid black;\">1100<\/td>\n<\/tr>\n<tr>\n<td style=\"border: 1px solid black;\" colspan=\"2\" rowspan=\"2\">Notlar<\/td>\n<td style=\"border: 1px solid black;\" colspan=\"7\" width=\"669\">Inlet Air Temperature: \u226445\u00b0C, Ambient Temperature: \u226440\u00b0C, Working Pressure: 0.7\u20131.0 MPa<\/td>\n<\/tr>\n<tr>\n<td style=\"border: 1px solid black;\" colspan=\"7\" width=\"669\">2\u201310\u00b0C (Equivalent to Atmospheric Dew Point: \u201317 to \u201322\u00b0C)<\/td>\n<\/tr>\n<\/tbody>\n<\/table>\n<\/div>","protected":false},"excerpt":{"rendered":"<ul>\n<li>\n<p class=\"ds-markdown-paragraph\"><strong>Premium Refrigeration System<\/strong><\/p>\n<\/li>\n<li>\n<p class=\"ds-markdown-paragraph\"><strong>Smart Automation<\/strong><\/p>\n<\/li>\n<li>\n<p class=\"ds-markdown-paragraph\"><strong>Superior Moisture Removal<\/strong><\/p>\n<\/li>\n<li>\n<p class=\"ds-markdown-paragraph\"><strong>Engineered for Serviceability<\/strong><\/p>\n<\/li>\n<\/ul>","protected":false},"featured_media":2113,"comment_status":"open","ping_status":"closed","template":"","meta":[],"product_brand":[],"product_cat":[34],"product_tag":[],"class_list":{"0":"post-2111","1":"product","2":"type-product","3":"status-publish","4":"has-post-thumbnail","6":"product_cat-dryer","8":"first","9":"instock","10":"shipping-taxable","11":"product-type-simple"},"_links":{"self":[{"href":"https:\/\/hrsaircompressor.com\/tr\/wp-json\/wp\/v2\/product\/2111","targetHints":{"allow":["GET"]}}],"collection":[{"href":"https:\/\/hrsaircompressor.com\/tr\/wp-json\/wp\/v2\/product"}],"about":[{"href":"https:\/\/hrsaircompressor.com\/tr\/wp-json\/wp\/v2\/types\/product"}],"replies":[{"embeddable":true,"href":"https:\/\/hrsaircompressor.com\/tr\/wp-json\/wp\/v2\/comments?post=2111"}],"wp:featuredmedia":[{"embeddable":true,"href":"https:\/\/hrsaircompressor.com\/tr\/wp-json\/wp\/v2\/media\/2113"}],"wp:attachment":[{"href":"https:\/\/hrsaircompressor.com\/tr\/wp-json\/wp\/v2\/media?parent=2111"}],"wp:term":[{"taxonomy":"product_brand","embeddable":true,"href":"https:\/\/hrsaircompressor.com\/tr\/wp-json\/wp\/v2\/product_brand?post=2111"},{"taxonomy":"product_cat","embeddable":true,"href":"https:\/\/hrsaircompressor.com\/tr\/wp-json\/wp\/v2\/product_cat?post=2111"},{"taxonomy":"product_tag","embeddable":true,"href":"https:\/\/hrsaircompressor.com\/tr\/wp-json\/wp\/v2\/product_tag?post=2111"}],"curies":[{"name":"wp","href":"https:\/\/api.w.org\/{rel}","templated":true}]}}