{"id":2115,"date":"2025-04-10T09:15:21","date_gmt":"2025-04-10T01:15:21","guid":{"rendered":"http:\/\/hrsaircompressor.com\/?post_type=product&#038;p=2115"},"modified":"2026-02-27T07:37:27","modified_gmt":"2026-02-26T23:37:27","slug":"hareyes-non-heat-adsorption-dryer","status":"publish","type":"product","link":"https:\/\/hrsaircompressor.com\/tr\/urun\/hareyes-non-heat-adsorption-dryer\/","title":{"rendered":"Hareyes s\u0131cak adsorpsyon kurucu de\u011fil"},"content":{"rendered":"<ol>\n<li>\n<h4>G\u00fc\u00e7l\u00fc adsorpsiyon kapasitesine ve y\u00fcksek a\u015f\u0131nma direncine sahip y\u00fcksek verimli adsorban kullan\u0131r, kararl\u0131 bir \u00e7i\u011flenme noktas\u0131 ve toz haline getirme olmadan uzun s\u00fcreli kullan\u0131m sa\u011flar.<\/h4>\n<\/li>\n<li>\n<h4>G\u00fcvenilir performans, hassas tepki, h\u0131zl\u0131 anahtarlama ve uzun servis \u00f6mr\u00fc ile y\u00fcksek performansl\u0131 pn\u00f6matik valfleri benimser.<\/h4>\n<\/li>\n<li>\n<h4>\u00c7al\u0131\u015fma ve egzoz i\u015flemleri s\u0131ras\u0131nda g\u00fcr\u00fclt\u00fcy\u00fc en aza indirmek i\u00e7in sessiz \u00e7ek valfler ve y\u00fcksek performansl\u0131 susturucular i\u00e7eren d\u00fc\u015f\u00fck \u00e7al\u0131\u015fma g\u00fcr\u00fclt\u00fcs\u00fc.<\/h4>\n<\/li>\n<li>\n<h4>Kullan\u0131c\u0131 dostu bir aray\u00fcze sahip, kullan\u0131m\u0131 ve bak\u0131m\u0131 kolayla\u015ft\u0131ran tamamen elektronik programlanabilir bir kontrol\u00f6r ile donat\u0131lm\u0131\u015ft\u0131r.<\/h4>\n<\/li>\n<\/ol>\n<p><strong>Hareyes Is\u0131s\u0131z Rejenerasyon Adsorpsiyonlu Kurutucu<\/strong><\/p>\n<div style=\"overflow-x: auto;\">\n<table style=\"border-collapse: collapse; border: 1px solid black;\" border=\"1\" width=\"1158\" cellspacing=\"0\" cellpadding=\"5\">\n<tbody>\n<tr>\n<td style=\"border: 1px solid black; font-weight: bold;\" colspan=\"2\" width=\"237\">Kal\u0131p<\/td>\n<td style=\"border: 1px solid black;\" width=\"93\">Model Numaras\u0131.: HA-015XF<\/td>\n<td style=\"border: 1px solid black;\" width=\"90\">Model Numaras\u0131.: HA-020XF<\/td>\n<td style=\"border: 1px solid black;\" width=\"87\">Model Numaras\u0131.: HA-026XF<\/td>\n<td style=\"border: 1px solid black;\" width=\"99\">Model Numaras\u0131.: HA-038XF<\/td>\n<td style=\"border: 1px solid black;\" width=\"96\">Model Numaras\u0131.: HA-070XF<\/td>\n<td style=\"border: 1px solid black;\" width=\"90\">HA-110XF<\/td>\n<td style=\"border: 1px solid black;\" width=\"103\">HA-150XF<\/td>\n<td style=\"border: 1px solid black;\" width=\"81\">Model Numaras\u0131.: HA-180XF<\/td>\n<td style=\"border: 1px solid black;\" width=\"97\">Model Numaras\u0131.: HA-220XF<\/td>\n<td style=\"border: 1px solid black;\" width=\"81\">Model Numaras\u0131.: HA-280XF<\/td>\n<\/tr>\n<tr>\n<td style=\"border: 1px solid black; font-weight: bold;\" colspan=\"2\" width=\"237\">Klima Santrali Kapasitesi (Nm3 \/ dak)<\/td>\n<td style=\"border: 1px solid black; text-align: center;\">1.5<\/td>\n<td style=\"border: 1px solid black; text-align: center;\">2.0<\/td>\n<td style=\"border: 1px solid black; text-align: center;\">2.6<\/td>\n<td style=\"border: 1px solid black; text-align: center;\">3.8<\/td>\n<td style=\"border: 1px solid black; text-align: center;\">7.0<\/td>\n<td style=\"border: 1px solid black; text-align: center;\">11.0<\/td>\n<td style=\"border: 1px solid black; text-align: center;\">15.0<\/td>\n<td style=\"border: 1px solid black; text-align: center;\">18.0<\/td>\n<td style=\"border: 1px solid black; text-align: center;\">22.0<\/td>\n<td style=\"border: 1px solid black; text-align: center;\">28.0<\/td>\n<\/tr>\n<tr>\n<td style=\"border: 1px solid black; font-weight: bold;\" colspan=\"2\">A\u011f\u0131rl\u0131k (KG)<\/td>\n<td style=\"border: 1px solid black; text-align: center;\">185<\/td>\n<td style=\"border: 1px solid black; text-align: center;\">209<\/td>\n<td style=\"border: 1px solid black; text-align: center;\">270<\/td>\n<td style=\"border: 1px solid black; text-align: center;\">317<\/td>\n<td style=\"border: 1px solid black; text-align: center;\">398<\/td>\n<td style=\"border: 1px solid black; text-align: center;\">482<\/td>\n<td style=\"border: 1px solid black; text-align: center;\">587<\/td>\n<td style=\"border: 1px solid black; text-align: center;\">745<\/td>\n<td style=\"border: 1px solid black; text-align: center;\">895<\/td>\n<td style=\"border: 1px solid black; text-align: center;\">1155<\/td>\n<\/tr>\n<tr>\n<td style=\"border: 1px solid black; font-weight: bold;\" rowspan=\"2\" width=\"131\">Giri\u015f \/ \u00c7\u0131k\u0131\u015f Portu \u00c7ap\u0131<\/td>\n<td style=\"border: 1px solid black; font-weight: bold;\">NB<\/td>\n<td style=\"border: 1px solid black; text-align: center;\">1&#8243;<\/td>\n<td style=\"border: 1px solid black; text-align: center;\">1&#8243;<\/td>\n<td style=\"border: 1px solid black; text-align: center;\">1&#8243;<\/td>\n<td style=\"border: 1px solid black; text-align: center;\">1\u00bc\u201d<\/td>\n<td style=\"border: 1px solid black; text-align: center;\">1\u00bd&#8221;<\/td>\n<td style=\"border: 1px solid black; text-align: center;\">2&#8243;<\/td>\n<td style=\"border: 1px solid black; text-align: center;\">2\u00bd&#8221;<\/td>\n<td style=\"border: 1px solid black; text-align: center;\">2\u00bd&#8221;<\/td>\n<td style=\"border: 1px solid black; text-align: center;\">2\u00bd&#8221;<\/td>\n<td style=\"border: 1px solid black; text-align: center;\">3&#8243;<\/td>\n<\/tr>\n<tr>\n<td style=\"border: 1px solid black; font-weight: bold;\">DN<\/td>\n<td style=\"border: 1px solid black; text-align: center;\">DN25<\/td>\n<td style=\"border: 1px solid black; text-align: center;\">DN25<\/td>\n<td style=\"border: 1px solid black; text-align: center;\">DN25<\/td>\n<td style=\"border: 1px solid black; text-align: center;\">DN32<\/td>\n<td style=\"border: 1px solid black; text-align: center;\">DN40&#039;IN<\/td>\n<td style=\"border: 1px solid black; text-align: center;\">DN50<\/td>\n<td style=\"border: 1px solid black; text-align: center;\">DN65&#039;\u0130N<\/td>\n<td style=\"border: 1px solid black; text-align: center;\">DN65&#039;\u0130N<\/td>\n<td style=\"border: 1px solid black; text-align: center;\">DN65&#039;\u0130N<\/td>\n<td style=\"border: 1px solid black; text-align: center;\">DN80<\/td>\n<\/tr>\n<tr>\n<td style=\"border: 1px solid black; font-weight: bold;\" colspan=\"2\" width=\"237\">Kurutucu (KG)<\/td>\n<td style=\"border: 1px solid black; text-align: center;\">28<\/td>\n<td style=\"border: 1px solid black; text-align: center;\">40<\/td>\n<td style=\"border: 1px solid black; text-align: center;\">55<\/td>\n<td style=\"border: 1px solid black; text-align: center;\">90<\/td>\n<td style=\"border: 1px solid black; text-align: center;\">155<\/td>\n<td style=\"border: 1px solid black; text-align: center;\">250<\/td>\n<td style=\"border: 1px solid black; text-align: center;\">305<\/td>\n<td style=\"border: 1px solid black; text-align: center;\">345<\/td>\n<td style=\"border: 1px solid black; text-align: center;\">385<\/td>\n<td style=\"border: 1px solid black; text-align: center;\">530<\/td>\n<\/tr>\n<tr>\n<td style=\"border: 1px solid black; font-weight: bold;\" rowspan=\"3\" width=\"131\">Boyutlar (mm)<\/td>\n<td style=\"border: 1px solid black; font-weight: bold;\">Uzunluk<\/td>\n<td style=\"border: 1px solid black; text-align: center;\">780<\/td>\n<td style=\"border: 1px solid black; text-align: center;\">900<\/td>\n<td style=\"border: 1px solid black; text-align: center;\">900<\/td>\n<td style=\"border: 1px solid black; text-align: center;\">900<\/td>\n<td style=\"border: 1px solid black; text-align: center;\">1010<\/td>\n<td style=\"border: 1px solid black; text-align: center;\">1180<\/td>\n<td style=\"border: 1px solid black; text-align: center;\">1085<\/td>\n<td style=\"border: 1px solid black; text-align: center;\">1350<\/td>\n<td style=\"border: 1px solid black; text-align: center;\">1230<\/td>\n<td style=\"border: 1px solid black; text-align: center;\">1410<\/td>\n<\/tr>\n<tr>\n<td style=\"border: 1px solid black; font-weight: bold;\">Geni\u015flik<\/td>\n<td style=\"border: 1px solid black; text-align: center;\">510<\/td>\n<td style=\"border: 1px solid black; text-align: center;\">550<\/td>\n<td style=\"border: 1px solid black; text-align: center;\">550<\/td>\n<td style=\"border: 1px solid black; text-align: center;\">550<\/td>\n<td style=\"border: 1px solid black; text-align: center;\">600<\/td>\n<td style=\"border: 1px solid black; text-align: center;\">650<\/td>\n<td style=\"border: 1px solid black; text-align: center;\">940<\/td>\n<td style=\"border: 1px solid black; text-align: center;\">850<\/td>\n<td style=\"border: 1px solid black; text-align: center;\">1000<\/td>\n<td style=\"border: 1px solid black; text-align: center;\">1150<\/td>\n<\/tr>\n<tr>\n<td style=\"border: 1px solid black; font-weight: bold;\">Y\u00fckseklik<\/td>\n<td style=\"border: 1px solid black; text-align: center;\">1600<\/td>\n<td style=\"border: 1px solid black; text-align: center;\">1600<\/td>\n<td style=\"border: 1px solid black; text-align: center;\">1320<\/td>\n<td style=\"border: 1px solid black; text-align: center;\">1450<\/td>\n<td style=\"border: 1px solid black; text-align: center;\">1820<\/td>\n<td style=\"border: 1px solid black; text-align: center;\">1950<\/td>\n<td style=\"border: 1px solid black; text-align: center;\">2200<\/td>\n<td style=\"border: 1px solid black; text-align: center;\">2200<\/td>\n<td style=\"border: 1px solid black; text-align: center;\">2200<\/td>\n<td style=\"border: 1px solid black; text-align: center;\">2250<\/td>\n<\/tr>\n<\/tbody>\n<\/table>\n<\/div>","protected":false},"excerpt":{"rendered":"<ul>\n<li>\n<p class=\"ds-markdown-paragraph\"><strong>\u00dcst\u00fcn Adsorpsiyon Performans\u0131<\/strong><\/p>\n<\/li>\n<li>\n<p class=\"ds-markdown-paragraph\"><strong>Geli\u015fmi\u015f Valf Teknolojisi<\/strong><\/p>\n<\/li>\n<li>\n<p class=\"ds-markdown-paragraph\"><strong>Sessiz \u00c7al\u0131\u015fma Tasar\u0131m\u0131<\/strong><\/p>\n<\/li>\n<li>\n<p class=\"ds-markdown-paragraph\"><strong>Ak\u0131ll\u0131 Kontrol Sistemi<\/strong><\/p>\n<\/li>\n<\/ul>","protected":false},"featured_media":2116,"comment_status":"open","ping_status":"closed","template":"","meta":[],"product_brand":[],"product_cat":[34],"product_tag":[],"class_list":{"0":"post-2115","1":"product","2":"type-product","3":"status-publish","4":"has-post-thumbnail","6":"product_cat-dryer","8":"first","9":"instock","10":"shipping-taxable","11":"product-type-simple"},"_links":{"self":[{"href":"https:\/\/hrsaircompressor.com\/tr\/wp-json\/wp\/v2\/product\/2115","targetHints":{"allow":["GET"]}}],"collection":[{"href":"https:\/\/hrsaircompressor.com\/tr\/wp-json\/wp\/v2\/product"}],"about":[{"href":"https:\/\/hrsaircompressor.com\/tr\/wp-json\/wp\/v2\/types\/product"}],"replies":[{"embeddable":true,"href":"https:\/\/hrsaircompressor.com\/tr\/wp-json\/wp\/v2\/comments?post=2115"}],"wp:featuredmedia":[{"embeddable":true,"href":"https:\/\/hrsaircompressor.com\/tr\/wp-json\/wp\/v2\/media\/2116"}],"wp:attachment":[{"href":"https:\/\/hrsaircompressor.com\/tr\/wp-json\/wp\/v2\/media?parent=2115"}],"wp:term":[{"taxonomy":"product_brand","embeddable":true,"href":"https:\/\/hrsaircompressor.com\/tr\/wp-json\/wp\/v2\/product_brand?post=2115"},{"taxonomy":"product_cat","embeddable":true,"href":"https:\/\/hrsaircompressor.com\/tr\/wp-json\/wp\/v2\/product_cat?post=2115"},{"taxonomy":"product_tag","embeddable":true,"href":"https:\/\/hrsaircompressor.com\/tr\/wp-json\/wp\/v2\/product_tag?post=2115"}],"curies":[{"name":"wp","href":"https:\/\/api.w.org\/{rel}","templated":true}]}}