{"id":2118,"date":"2025-04-10T09:10:56","date_gmt":"2025-04-10T01:10:56","guid":{"rendered":"http:\/\/hrsaircompressor.com\/?post_type=product&#038;p=2118"},"modified":"2026-02-14T08:18:23","modified_gmt":"2026-02-14T00:18:23","slug":"hareyes-fa-series-precision-filter","status":"publish","type":"product","link":"https:\/\/hrsaircompressor.com\/tr\/urun\/hareyes-fa-series-precision-filter\/","title":{"rendered":"Hareyes FA seri kesin filtr\u00fc"},"content":{"rendered":"<ol>\n<li>\n<h4>G\u00f6vde, hassas bir yap\u0131ya ve uzun hizmet \u00f6mr\u00fcne sahip d\u00f6k\u00fcm al\u00fcminyum ala\u015f\u0131mdan yap\u0131lm\u0131\u015ft\u0131r.<\/h4>\n<\/li>\n<li>\n<h4>Y\u00fcksek kaliteli di\u015fli i\u015fleme veya flan\u015f tipi ile zarif g\u00f6r\u00fcn\u00fcm tasar\u0131m\u0131, kurulum ve bak\u0131m\u0131 son derece kolayla\u015ft\u0131r\u0131r.<\/h4>\n<\/li>\n<li>\n<h4>Geli\u015fmi\u015f filtre eleman\u0131 tasar\u0131m\u0131, filtreyi daha k\u00fc\u00e7\u00fck ve daha kompakt hale getirerek bak\u0131m i\u00e7in gereken alan\u0131 azalt\u0131r.<\/h4>\n<\/li>\n<li>\n<h4>Bas\u0131n\u00e7 farkl\u0131l\u0131klar\u0131n\u0131 \u00f6l\u00e7en ve filtre eleman\u0131 ko\u015fullar\u0131n\u0131 g\u00f6r\u00fcnt\u00fcleyen, a\u015f\u0131r\u0131 bas\u0131n\u00e7 d\u00fc\u015f\u00fc\u015flerini veya anormal t\u0131kan\u0131kl\u0131klar\u0131 \u00f6nleyen, filtre de\u011fi\u015ftirme zamanlamas\u0131n\u0131 bir bak\u0131\u015fta netle\u015ftiren bir diferansiyel bas\u0131n\u00e7 g\u00f6stergesi ile donat\u0131lm\u0131\u015ft\u0131r.<\/h4>\n<\/li>\n<li>\n<h4>G\u00fcvenilir otomatik drenaj cihaz\u0131.<\/h4>\n<\/li>\n<\/ol>\n<p><strong>Hareyes Y\u00fcksek Verimli Hassas Filtre-Teknik \u00d6zellikler<\/strong><\/p>\n<div style=\"overflow-x: auto;\">\n<table style=\"border-collapse: collapse; border: 1px solid black;\" border=\"1\" width=\"1618\" cellspacing=\"0\" cellpadding=\"5\">\n<tbody>\n<tr>\n<td style=\"border: 1px solid black; font-weight: bold; background-color: #f2f2f2;\" colspan=\"2\" width=\"204\">Kal\u0131p<\/td>\n<td style=\"border: 1px solid black; text-align: center;\" width=\"88\">FA-10<\/td>\n<td style=\"border: 1px solid black; text-align: center;\" width=\"88\">FA-15<\/td>\n<td style=\"border: 1px solid black; text-align: center;\" width=\"88\">FA-18<\/td>\n<td style=\"border: 1px solid black; text-align: center;\" width=\"88\">FA-20<\/td>\n<td style=\"border: 1px solid black; text-align: center;\" width=\"88\">FA-24<\/td>\n<td style=\"border: 1px solid black; text-align: center;\" width=\"88\">FA-28<\/td>\n<td style=\"border: 1px solid black; text-align: center;\" width=\"88\">FA-36<\/td>\n<td style=\"border: 1px solid black; text-align: center;\" width=\"88\">FA-50<\/td>\n<td style=\"border: 1px solid black; text-align: center;\" width=\"88\">FA-75<\/td>\n<td style=\"border: 1px solid black; text-align: center;\" width=\"88\">FA-100<\/td>\n<td style=\"border: 1px solid black; text-align: center;\" width=\"88\">FA-130<\/td>\n<td style=\"border: 1px solid black; text-align: center;\" width=\"88\">FA-170<\/td>\n<td style=\"border: 1px solid black; text-align: center;\" width=\"88\">FA-190<\/td>\n<td style=\"border: 1px solid black; text-align: center;\" width=\"88\">FA-250<\/td>\n<td style=\"border: 1px solid black; text-align: center;\" width=\"88\">FA-280<\/td>\n<td style=\"border: 1px solid black; text-align: center;\" width=\"88\">FA-410<\/td>\n<\/tr>\n<tr>\n<td style=\"border: 1px solid black; font-weight: bold; background-color: #f2f2f2;\" colspan=\"2\" width=\"204\">Boru \u00c7ap\u0131<\/td>\n<td style=\"border: 1px solid black; text-align: center;\">Rc\u00bd\u201d<\/td>\n<td style=\"border: 1px solid black; text-align: center;\">Rc\u00be\u201d<\/td>\n<td style=\"border: 1px solid black; text-align: center;\">Rc\u00be\u201d<\/td>\n<td style=\"border: 1px solid black; text-align: center;\">Rc1&#034;<\/td>\n<td style=\"border: 1px solid black; text-align: center;\">Rc\u00be\u201d<\/td>\n<td style=\"border: 1px solid black; text-align: center;\">Rc\u00be\u201d<\/td>\n<td style=\"border: 1px solid black; text-align: center;\">Rc1&#034;<\/td>\n<td style=\"border: 1px solid black; text-align: center;\">Rc1&#034;<\/td>\n<td style=\"border: 1px solid black; text-align: center;\">Rc1\u00bd\u201d<\/td>\n<td style=\"border: 1px solid black; text-align: center;\">Rc2&#034;<\/td>\n<td style=\"border: 1px solid black; text-align: center;\">Rc2\u00bd\u201d<\/td>\n<td style=\"border: 1px solid black; text-align: center;\">Rc2&#034;<\/td>\n<td style=\"border: 1px solid black; text-align: center;\">Rc2\u00bd\u201d<\/td>\n<td style=\"border: 1px solid black; text-align: center;\">Rc3&#034;<\/td>\n<td style=\"border: 1px solid black; text-align: center;\">Rc3&#034;<\/td>\n<td style=\"border: 1px solid black; text-align: center;\">Rc3&#034;<\/td>\n<\/tr>\n<tr>\n<td style=\"border: 1px solid black; font-weight: bold; background-color: #f2f2f2;\" rowspan=\"3\" width=\"116\">Ak\u0131\u015f H\u0131z\u0131<\/td>\n<td style=\"border: 1px solid black; font-weight: bold;\">L \/ S<\/td>\n<td style=\"border: 1px solid black; text-align: center;\">16.7<\/td>\n<td style=\"border: 1px solid black; text-align: center;\">25<\/td>\n<td style=\"border: 1px solid black; text-align: center;\">30<\/td>\n<td style=\"border: 1px solid black; text-align: center;\">33.3<\/td>\n<td style=\"border: 1px solid black; text-align: center;\">40<\/td>\n<td style=\"border: 1px solid black; text-align: center;\">46.7<\/td>\n<td style=\"border: 1px solid black; text-align: center;\">60<\/td>\n<td style=\"border: 1px solid black; text-align: center;\">83.3<\/td>\n<td style=\"border: 1px solid black; text-align: center;\">125<\/td>\n<td style=\"border: 1px solid black; text-align: center;\">166.7<\/td>\n<td style=\"border: 1px solid black; text-align: center;\">216.7<\/td>\n<td style=\"border: 1px solid black; text-align: center;\">283.3<\/td>\n<td style=\"border: 1px solid black; text-align: center;\">316.7<\/td>\n<td style=\"border: 1px solid black; text-align: center;\">416.7<\/td>\n<td style=\"border: 1px solid black; text-align: center;\">466.7<\/td>\n<td style=\"border: 1px solid black; text-align: center;\">683.3<\/td>\n<\/tr>\n<tr>\n<td style=\"border: 1px solid black; font-weight: bold;\">m3 \/ dak<\/td>\n<td style=\"border: 1px solid black; text-align: center;\">1<\/td>\n<td style=\"border: 1px solid black; text-align: center;\">1.5<\/td>\n<td style=\"border: 1px solid black; text-align: center;\">1.8<\/td>\n<td style=\"border: 1px solid black; text-align: center;\">2<\/td>\n<td style=\"border: 1px solid black; text-align: center;\">2.4<\/td>\n<td style=\"border: 1px solid black; text-align: center;\">2.8<\/td>\n<td style=\"border: 1px solid black; text-align: center;\">3.6<\/td>\n<td style=\"border: 1px solid black; text-align: center;\">5<\/td>\n<td style=\"border: 1px solid black; text-align: center;\">7.5<\/td>\n<td style=\"border: 1px solid black; text-align: center;\">10<\/td>\n<td style=\"border: 1px solid black; text-align: center;\">13<\/td>\n<td style=\"border: 1px solid black; text-align: center;\">17<\/td>\n<td style=\"border: 1px solid black; text-align: center;\">19<\/td>\n<td style=\"border: 1px solid black; text-align: center;\">25<\/td>\n<td style=\"border: 1px solid black; text-align: center;\">28<\/td>\n<td style=\"border: 1px solid black; text-align: center;\">41<\/td>\n<\/tr>\n<tr>\n<td style=\"border: 1px solid black; font-weight: bold;\">cfm<\/td>\n<td style=\"border: 1px solid black; text-align: center;\">35.3<\/td>\n<td style=\"border: 1px solid black; text-align: center;\">53<\/td>\n<td style=\"border: 1px solid black; text-align: center;\">63.6<\/td>\n<td style=\"border: 1px solid black; text-align: center;\">70.6<\/td>\n<td style=\"border: 1px solid black; text-align: center;\">84.7<\/td>\n<td style=\"border: 1px solid black; text-align: center;\">99<\/td>\n<td style=\"border: 1px solid black; text-align: center;\">127.1<\/td>\n<td style=\"border: 1px solid black; text-align: center;\">177<\/td>\n<td style=\"border: 1px solid black; text-align: center;\">264.8<\/td>\n<td style=\"border: 1px solid black; text-align: center;\">353.1<\/td>\n<td style=\"border: 1px solid black; text-align: center;\">459<\/td>\n<td style=\"border: 1px solid black; text-align: center;\">600.3<\/td>\n<td style=\"border: 1px solid black; text-align: center;\">671<\/td>\n<td style=\"border: 1px solid black; text-align: center;\">883<\/td>\n<td style=\"border: 1px solid black; text-align: center;\">988.7<\/td>\n<td style=\"border: 1px solid black; text-align: center;\">1448<\/td>\n<\/tr>\n<tr>\n<td style=\"border: 1px solid black; font-weight: bold; background-color: #f2f2f2;\" colspan=\"2\" width=\"204\">Miktar<\/td>\n<td style=\"border: 1px solid black; text-align: center;\">1<\/td>\n<td style=\"border: 1px solid black; text-align: center;\">1<\/td>\n<td style=\"border: 1px solid black; text-align: center;\">1<\/td>\n<td style=\"border: 1px solid black; text-align: center;\">1<\/td>\n<td style=\"border: 1px solid black; text-align: center;\">1<\/td>\n<td style=\"border: 1px solid black; text-align: center;\">1<\/td>\n<td style=\"border: 1px solid black; text-align: center;\">1<\/td>\n<td style=\"border: 1px solid black; text-align: center;\">1<\/td>\n<td style=\"border: 1px solid black; text-align: center;\">1<\/td>\n<td style=\"border: 1px solid black; text-align: center;\">1<\/td>\n<td style=\"border: 1px solid black; text-align: center;\">1<\/td>\n<td style=\"border: 1px solid black; text-align: center;\">1<\/td>\n<td style=\"border: 1px solid black; text-align: center;\">1<\/td>\n<td style=\"border: 1px solid black; text-align: center;\">1<\/td>\n<td style=\"border: 1px solid black; text-align: center;\">1<\/td>\n<td style=\"border: 1px solid black; text-align: center;\">1<\/td>\n<\/tr>\n<tr>\n<td style=\"border: 1px solid black; font-weight: bold; background-color: #f2f2f2;\" rowspan=\"6\" width=\"116\">Boyutlar (mm)<\/td>\n<td style=\"border: 1px solid black; font-weight: bold;\">Geni\u015flik (W)<\/td>\n<td style=\"border: 1px solid black; text-align: center;\">96<\/td>\n<td style=\"border: 1px solid black; text-align: center;\">96<\/td>\n<td style=\"border: 1px solid black; text-align: center;\">96<\/td>\n<td style=\"border: 1px solid black; text-align: center;\">96<\/td>\n<td style=\"border: 1px solid black; text-align: center;\">96<\/td>\n<td style=\"border: 1px solid black; text-align: center;\">138<\/td>\n<td style=\"border: 1px solid black; text-align: center;\">138<\/td>\n<td style=\"border: 1px solid black; text-align: center;\">138<\/td>\n<td style=\"border: 1px solid black; text-align: center;\">138<\/td>\n<td style=\"border: 1px solid black; text-align: center;\">174<\/td>\n<td style=\"border: 1px solid black; text-align: center;\">174<\/td>\n<td style=\"border: 1px solid black; text-align: center;\">174<\/td>\n<td style=\"border: 1px solid black; text-align: center;\">174<\/td>\n<td style=\"border: 1px solid black; text-align: center;\">220<\/td>\n<td style=\"border: 1px solid black; text-align: center;\">220<\/td>\n<td style=\"border: 1px solid black; text-align: center;\">220<\/td>\n<\/tr>\n<tr>\n<td style=\"border: 1px solid black; font-weight: bold;\">\u00c7ap (D)<\/td>\n<td style=\"border: 1px solid black; text-align: center;\">79<\/td>\n<td style=\"border: 1px solid black; text-align: center;\">79<\/td>\n<td style=\"border: 1px solid black; text-align: center;\">79<\/td>\n<td style=\"border: 1px solid black; text-align: center;\">79<\/td>\n<td style=\"border: 1px solid black; text-align: center;\">79<\/td>\n<td style=\"border: 1px solid black; text-align: center;\">111<\/td>\n<td style=\"border: 1px solid black; text-align: center;\">111<\/td>\n<td style=\"border: 1px solid black; text-align: center;\">111<\/td>\n<td style=\"border: 1px solid black; text-align: center;\">111<\/td>\n<td style=\"border: 1px solid black; text-align: center;\">142<\/td>\n<td style=\"border: 1px solid black; text-align: center;\">142<\/td>\n<td style=\"border: 1px solid black; text-align: center;\">142<\/td>\n<td style=\"border: 1px solid black; text-align: center;\">142<\/td>\n<td style=\"border: 1px solid black; text-align: center;\">184<\/td>\n<td style=\"border: 1px solid black; text-align: center;\">184<\/td>\n<td style=\"border: 1px solid black; text-align: center;\">184<\/td>\n<\/tr>\n<tr>\n<td style=\"border: 1px solid black; font-weight: bold;\">Y\u00fckseklik (H)<\/td>\n<td style=\"border: 1px solid black; text-align: center;\">261<\/td>\n<td style=\"border: 1px solid black; text-align: center;\">261<\/td>\n<td style=\"border: 1px solid black; text-align: center;\">295<\/td>\n<td style=\"border: 1px solid black; text-align: center;\">261<\/td>\n<td style=\"border: 1px solid black; text-align: center;\">295<\/td>\n<td style=\"border: 1px solid black; text-align: center;\">403<\/td>\n<td style=\"border: 1px solid black; text-align: center;\">403<\/td>\n<td style=\"border: 1px solid black; text-align: center;\">503<\/td>\n<td style=\"border: 1px solid black; text-align: center;\">503<\/td>\n<td style=\"border: 1px solid black; text-align: center;\">736<\/td>\n<td style=\"border: 1px solid black; text-align: center;\">736<\/td>\n<td style=\"border: 1px solid black; text-align: center;\">1016<\/td>\n<td style=\"border: 1px solid black; text-align: center;\">1016<\/td>\n<td style=\"border: 1px solid black; text-align: center;\">793<\/td>\n<td style=\"border: 1px solid black; text-align: center;\">793<\/td>\n<td style=\"border: 1px solid black; text-align: center;\">1050<\/td>\n<\/tr>\n<tr>\n<td style=\"border: 1px solid black; font-weight: bold;\">A<\/td>\n<td style=\"border: 1px solid black; text-align: center;\">29<\/td>\n<td style=\"border: 1px solid black; text-align: center;\">29<\/td>\n<td style=\"border: 1px solid black; text-align: center;\">29<\/td>\n<td style=\"border: 1px solid black; text-align: center;\">29<\/td>\n<td style=\"border: 1px solid black; text-align: center;\">29<\/td>\n<td style=\"border: 1px solid black; text-align: center;\">37<\/td>\n<td style=\"border: 1px solid black; text-align: center;\">37<\/td>\n<td style=\"border: 1px solid black; text-align: center;\">37<\/td>\n<td style=\"border: 1px solid black; text-align: center;\">37<\/td>\n<td style=\"border: 1px solid black; text-align: center;\">58<\/td>\n<td style=\"border: 1px solid black; text-align: center;\">58<\/td>\n<td style=\"border: 1px solid black; text-align: center;\">58<\/td>\n<td style=\"border: 1px solid black; text-align: center;\">58<\/td>\n<td style=\"border: 1px solid black; text-align: center;\">74<\/td>\n<td style=\"border: 1px solid black; text-align: center;\">74<\/td>\n<td style=\"border: 1px solid black; text-align: center;\">74<\/td>\n<\/tr>\n<tr>\n<td style=\"border: 1px solid black; font-weight: bold;\">B<\/td>\n<td style=\"border: 1px solid black; text-align: center;\">198<\/td>\n<td style=\"border: 1px solid black; text-align: center;\">198<\/td>\n<td style=\"border: 1px solid black; text-align: center;\">233<\/td>\n<td style=\"border: 1px solid black; text-align: center;\">198<\/td>\n<td style=\"border: 1px solid black; text-align: center;\">233<\/td>\n<td style=\"border: 1px solid black; text-align: center;\">296<\/td>\n<td style=\"border: 1px solid black; text-align: center;\">296<\/td>\n<td style=\"border: 1px solid black; text-align: center;\">396<\/td>\n<td style=\"border: 1px solid black; text-align: center;\">396<\/td>\n<td style=\"border: 1px solid black; text-align: center;\">607<\/td>\n<td style=\"border: 1px solid black; text-align: center;\">607<\/td>\n<td style=\"border: 1px solid black; text-align: center;\">887<\/td>\n<td style=\"border: 1px solid black; text-align: center;\">887<\/td>\n<td style=\"border: 1px solid black; text-align: center;\">649<\/td>\n<td style=\"border: 1px solid black; text-align: center;\">649<\/td>\n<td style=\"border: 1px solid black; text-align: center;\">906<\/td>\n<\/tr>\n<tr>\n<td style=\"border: 1px solid black; font-weight: bold;\">C (Mahfaza a\u00e7\u0131kl\u0131\u011f\u0131 i\u00e7in bo\u015fluk)<\/td>\n<td style=\"border: 1px solid black; text-align: center;\">118<\/td>\n<td style=\"border: 1px solid black; text-align: center;\">118<\/td>\n<td style=\"border: 1px solid black; text-align: center;\">153<\/td>\n<td style=\"border: 1px solid black; text-align: center;\">118<\/td>\n<td style=\"border: 1px solid black; text-align: center;\">153<\/td>\n<td style=\"border: 1px solid black; text-align: center;\">208<\/td>\n<td style=\"border: 1px solid black; text-align: center;\">208<\/td>\n<td style=\"border: 1px solid black; text-align: center;\">303<\/td>\n<td style=\"border: 1px solid black; text-align: center;\">303<\/td>\n<td style=\"border: 1px solid black; text-align: center;\">469<\/td>\n<td style=\"border: 1px solid black; text-align: center;\">469<\/td>\n<td style=\"border: 1px solid black; text-align: center;\">794<\/td>\n<td style=\"border: 1px solid black; text-align: center;\">794<\/td>\n<td style=\"border: 1px solid black; text-align: center;\">514<\/td>\n<td style=\"border: 1px solid black; text-align: center;\">514<\/td>\n<td style=\"border: 1px solid black; text-align: center;\">764<\/td>\n<\/tr>\n<\/tbody>\n<\/table>\n<\/div>\n<p><strong>Not:<\/strong> \u015eirket \u00fcr\u00fcnlerini s\u00fcrekli geli\u015ftirmekte ve tasar\u0131mlar\u0131 de\u011fi\u015ftirme hakk\u0131n\u0131 sakl\u0131 tutmaktad\u0131r. Nihai parametreler ger\u00e7ek makineye tabidir ve \u00f6nceden haber verilmeksizin de\u011fi\u015fiklikler yap\u0131labilir.<\/p>","protected":false},"excerpt":{"rendered":"<ul>\n<li>\n<p class=\"ds-markdown-paragraph\"><strong>Dayan\u0131kl\u0131 D\u00f6k\u00fcm Konstr\u00fcksiyon<\/strong><\/p>\n<\/li>\n<li>\n<p class=\"ds-markdown-paragraph\"><strong>Kullan\u0131c\u0131 Dostu Tasar\u0131m<\/strong><\/p>\n<\/li>\n<li>\n<p class=\"ds-markdown-paragraph\"><strong>Yerden Tasarruf Sa\u011flayan Filtreleme Sistemi<\/strong><\/p>\n<\/li>\n<li>\n<p class=\"ds-markdown-paragraph\"><strong>Ak\u0131ll\u0131 \u0130zleme Sistemi<\/strong><\/p>\n<\/li>\n<\/ul>\n<ol start=\"5\">\n<li>\n<p class=\"ds-markdown-paragraph\"><strong>Otomatik Bak\u0131m \u00c7\u00f6z\u00fcm\u00fc<\/strong><\/p>\n<\/li>\n<\/ol>","protected":false},"featured_media":2119,"comment_status":"open","ping_status":"closed","template":"","meta":[],"product_brand":[],"product_cat":[35],"product_tag":[],"class_list":{"0":"post-2118","1":"product","2":"type-product","3":"status-publish","4":"has-post-thumbnail","6":"product_cat-filter","8":"first","9":"instock","10":"shipping-taxable","11":"product-type-simple"},"_links":{"self":[{"href":"https:\/\/hrsaircompressor.com\/tr\/wp-json\/wp\/v2\/product\/2118","targetHints":{"allow":["GET"]}}],"collection":[{"href":"https:\/\/hrsaircompressor.com\/tr\/wp-json\/wp\/v2\/product"}],"about":[{"href":"https:\/\/hrsaircompressor.com\/tr\/wp-json\/wp\/v2\/types\/product"}],"replies":[{"embeddable":true,"href":"https:\/\/hrsaircompressor.com\/tr\/wp-json\/wp\/v2\/comments?post=2118"}],"wp:featuredmedia":[{"embeddable":true,"href":"https:\/\/hrsaircompressor.com\/tr\/wp-json\/wp\/v2\/media\/2119"}],"wp:attachment":[{"href":"https:\/\/hrsaircompressor.com\/tr\/wp-json\/wp\/v2\/media?parent=2118"}],"wp:term":[{"taxonomy":"product_brand","embeddable":true,"href":"https:\/\/hrsaircompressor.com\/tr\/wp-json\/wp\/v2\/product_brand?post=2118"},{"taxonomy":"product_cat","embeddable":true,"href":"https:\/\/hrsaircompressor.com\/tr\/wp-json\/wp\/v2\/product_cat?post=2118"},{"taxonomy":"product_tag","embeddable":true,"href":"https:\/\/hrsaircompressor.com\/tr\/wp-json\/wp\/v2\/product_tag?post=2118"}],"curies":[{"name":"wp","href":"https:\/\/api.w.org\/{rel}","templated":true}]}}